{"id":63594,"date":"2021-02-21T18:35:42","date_gmt":"2021-02-21T18:35:42","guid":{"rendered":"https:\/\/www.autonvaraosahaku.fi\/?product=elring-257-770-kampiakselin-tiiviste"},"modified":"2021-02-21T18:35:44","modified_gmt":"2021-02-21T18:35:44","slug":"elring-257-770-kampiakselin-tiiviste","status":"publish","type":"product","link":"https:\/\/www.autonvaraosahaku.fi\/?product=elring-257-770-kampiakselin-tiiviste","title":{"rendered":"ELRING 257.770 Kampiakselin tiiviste"},"content":{"rendered":"<p>Sis\u00e4l\u00e4pimitta [mm]: 90; Ulkol\u00e4pimitta [mm]: 110; Korkeus (mm): 12; Akselitiivisteen malli: ASW; Rihlamalli: Vasen kierre; Materiaali: PTFE (polytetrafluorietyleeni)\/ACM (polyakryyli-kumi); Suojavaippa: Suojakumilla; Korvaava tuote\/korvaava tiedote 2: asennushylsyll\u00e4; Huomioi asennusoohje: ; Asennuspuoli: getriebeseitig; BMW: 3 E46,3 Touring E91,3 E90,5 E60,1 E87,5 Touring E61,3 Touring E46,X3 E83,5 Touring F11,5 F10, F18,3 Compact E46,3 Coupe E46,X1 E84,1 E81,3 Coupe E92,3 Cabriolet E46,Z4 E85,3 Cabriolet E93,1 Cabriolet E88,1 Coupe E82; 11117511396, 11117547841, 11117584398; Akselitiiviste, Kampiakseli<\/p>\n","protected":false},"excerpt":{"rendered":"<p>ELRING Kampiakselin Tiiviste 257.770 Akselitiiviste, Kampiakseli BMW,3 E46,3 Touring E91,3 E90,5 E60,1 E87,5 Touring E61,3 Touring E46,X3 E83<\/p>\n","protected":false},"featured_media":0,"template":"","meta":{"site-sidebar-layout":"default","site-content-layout":"default","ast-global-header-display":"","ast-main-header-display":"","ast-hfb-above-header-display":"","ast-hfb-below-header-display":"","ast-hfb-mobile-header-display":"","site-post-title":"","ast-breadcrumbs-content":"","ast-featured-img":"","footer-sml-layout":"","theme-transparent-header-meta":"","adv-header-id-meta":"","stick-header-meta":"","header-above-stick-meta":"","header-main-stick-meta":"","header-below-stick-meta":""},"pwb-brand":[26],"product_cat":[88],"product_tag":[],"class_list":{"0":"post-63594","1":"product","2":"type-product","3":"status-publish","5":"pwb-brand-elring","6":"product_cat-kampiakselin-tiiviste","7":"desktop-align-left","8":"tablet-align-left","9":"mobile-align-left","11":"first","12":"instock","13":"product-type-external"},"brands":[{"id":26,"name":"ELRING","slug":"elring"}],"_links":{"self":[{"href":"https:\/\/www.autonvaraosahaku.fi\/index.php?rest_route=\/wp\/v2\/product\/63594","targetHints":{"allow":["GET"]}}],"collection":[{"href":"https:\/\/www.autonvaraosahaku.fi\/index.php?rest_route=\/wp\/v2\/product"}],"about":[{"href":"https:\/\/www.autonvaraosahaku.fi\/index.php?rest_route=\/wp\/v2\/types\/product"}],"wp:attachment":[{"href":"https:\/\/www.autonvaraosahaku.fi\/index.php?rest_route=%2Fwp%2Fv2%2Fmedia&parent=63594"}],"wp:term":[{"taxonomy":"pwb-brand","embeddable":true,"href":"https:\/\/www.autonvaraosahaku.fi\/index.php?rest_route=%2Fwp%2Fv2%2Fpwb-brand&post=63594"},{"taxonomy":"product_cat","embeddable":true,"href":"https:\/\/www.autonvaraosahaku.fi\/index.php?rest_route=%2Fwp%2Fv2%2Fproduct_cat&post=63594"},{"taxonomy":"product_tag","embeddable":true,"href":"https:\/\/www.autonvaraosahaku.fi\/index.php?rest_route=%2Fwp%2Fv2%2Fproduct_tag&post=63594"}],"curies":[{"name":"wp","href":"https:\/\/api.w.org\/{rel}","templated":true}]}}