{"id":63596,"date":"2021-02-21T18:35:42","date_gmt":"2021-02-21T18:35:42","guid":{"rendered":"https:\/\/www.autonvaraosahaku.fi\/?product=beru-gn063-hehkutulppa"},"modified":"2021-02-21T18:35:45","modified_gmt":"2021-02-21T18:35:45","slug":"beru-gn063-hehkutulppa","status":"publish","type":"product","link":"https:\/\/www.autonvaraosahaku.fi\/?product=beru-gn063-hehkutulppa","title":{"rendered":"BERU GN063 Hehkutulppa"},"content":{"rendered":"<p>Hehkutulppatyyppi: j\u00e4lkihehkutuksenkest\u00e4v\u00e4, Hehkutulppa, puikko; J\u00e4nnite (V): 11; Liittimet: 4 mm PIN; Kokonaispituus (mm): 97; Asennussyvyys (mm): 28; Kierremitta: M8x1,0; Avainv\u00e4li: 8 mm; Virta (A): 12; Kartionousu: 123; Kiristysmomentti > [Nm]: 8; Kiristysmomentti enint\u00e4\u00e4n [Nm]: 10; Katkeamismomentti [Nm]: 20; Tarvittava kappalem\u00e4\u00e4r\u00e4: 4; LAND ROVER: FREELANDER 2 FA_,RANGE ROVER EVOQUE LV; JAGUAR: XF _J05_, CC9,XF SPORTBRAKE CC9; LANCIA: PHEDRA 179; FORD: MONDEO IV Turnier BA7,S-MAX WA6,GALAXY WA6,MONDEO IV BA7,MONDEO IV Stufenheck BA7; FIAT: ULYSSE 179AX; CITRO\u00cbN: C5 III Break TD_,C8 EA_, EB_,C5 II Break RE_,C5 III RD_,C5 II RC_,C-CROSSER EP_,C6 TD_,C-CROSSER ENTERPRISE; PEUGEOT: 407 SW 6E_,807 E,607 9D, 9U,407 6D_,4007 GP_; MITSUBISHI: OUTLANDER XL II CW_W; 1427905, 6G9Q6M090AA, LR001302<\/p>\n","protected":false},"excerpt":{"rendered":"<p>BERU Hehkutulppa GN063  LAND ROVER,JAGUAR,LANCIA,FREELANDER 2 FA_,RANGE ROVER EVOQUE LV,XF _J05_, CC9,XF SPORTBRAKE CC9,PHEDRA 179<\/p>\n","protected":false},"featured_media":0,"template":"","meta":{"site-sidebar-layout":"default","site-content-layout":"default","ast-global-header-display":"","ast-main-header-display":"","ast-hfb-above-header-display":"","ast-hfb-below-header-display":"","ast-hfb-mobile-header-display":"","site-post-title":"","ast-breadcrumbs-content":"","ast-featured-img":"","footer-sml-layout":"","theme-transparent-header-meta":"","adv-header-id-meta":"","stick-header-meta":"","header-above-stick-meta":"","header-main-stick-meta":"","header-below-stick-meta":""},"pwb-brand":[327],"product_cat":[52],"product_tag":[],"class_list":{"0":"post-63596","1":"product","2":"type-product","3":"status-publish","5":"pwb-brand-beru","6":"product_cat-hehkutulppa","7":"desktop-align-left","8":"tablet-align-left","9":"mobile-align-left","11":"first","12":"instock","13":"product-type-external"},"brands":[{"id":327,"name":"BERU","slug":"beru"}],"_links":{"self":[{"href":"https:\/\/www.autonvaraosahaku.fi\/index.php?rest_route=\/wp\/v2\/product\/63596","targetHints":{"allow":["GET"]}}],"collection":[{"href":"https:\/\/www.autonvaraosahaku.fi\/index.php?rest_route=\/wp\/v2\/product"}],"about":[{"href":"https:\/\/www.autonvaraosahaku.fi\/index.php?rest_route=\/wp\/v2\/types\/product"}],"wp:attachment":[{"href":"https:\/\/www.autonvaraosahaku.fi\/index.php?rest_route=%2Fwp%2Fv2%2Fmedia&parent=63596"}],"wp:term":[{"taxonomy":"pwb-brand","embeddable":true,"href":"https:\/\/www.autonvaraosahaku.fi\/index.php?rest_route=%2Fwp%2Fv2%2Fpwb-brand&post=63596"},{"taxonomy":"product_cat","embeddable":true,"href":"https:\/\/www.autonvaraosahaku.fi\/index.php?rest_route=%2Fwp%2Fv2%2Fproduct_cat&post=63596"},{"taxonomy":"product_tag","embeddable":true,"href":"https:\/\/www.autonvaraosahaku.fi\/index.php?rest_route=%2Fwp%2Fv2%2Fproduct_tag&post=63596"}],"curies":[{"name":"wp","href":"https:\/\/api.w.org\/{rel}","templated":true}]}}