{"id":63614,"date":"2021-02-21T18:35:47","date_gmt":"2021-02-21T18:35:47","guid":{"rendered":"https:\/\/www.autonvaraosahaku.fi\/?product=febi-bilstein-32769-ahdinletku"},"modified":"2021-02-21T18:35:49","modified_gmt":"2021-02-21T18:35:49","slug":"febi-bilstein-32769-ahdinletku","status":"publish","type":"product","link":"https:\/\/www.autonvaraosahaku.fi\/?product=febi-bilstein-32769-ahdinletku","title":{"rendered":"FEBI BILSTEIN 32769 Ahdinletku"},"content":{"rendered":"<p>Sis\u00e4l\u00e4pimitta [mm]: 62,0; Ulkol\u00e4pimitta [mm]: 69,0; Materiaali: NBR (nitriili-butadi-kumi); Ulkol\u00e4pimitta 1 [mm]: 46; Ulkol\u00e4pimitta 2 [mm]: 26; Paino [kg]: 0,30; Sis\u00e4l\u00e4pimitta 1 [mm]: 34; Sis\u00e4l\u00e4pimitta 2 [mm]: 21, 21; Moottorinumero: F6JD; FORD: FIESTA V JH_, JD_,FIESTA VI,FUSION JU_,FIESTA Stufenheck JAS JBS,FIESTA V Van,FIESTA VI Van; TOYOTA: AYGO WNB1_, KGB1_; CITRO\u00cbN: C1 PM_, PN_,C2 JM_,C3 I FC_,C3 II,XSARA N1,C3 Pluriel HB_,XSARA Break N2,XSARA Coupe N0,NEMO Kasten AA_,NEMO Kombi,C2 ENTERPRISE; PEUGEOT: 206 Schr\u00e4gheck 2A\/C,207 WA_, WC_,307 3A\/C,107,206 SW 2E\/K,206+ T3E,307 Break 3E,1007 KM_,206 Stufenheck,BIPPER AA_,BIPPER Tepee,206 Van,207 Van; 143413, 1434F6, 1148084, 1670802, 2S6Q9C623AA, 2S6Q9C623AB, 143413, 1434F6, SU00100657; Turbon Letkut,Turbon Putket<\/p>\n","protected":false},"excerpt":{"rendered":"<p>FEBI BILSTEIN Ahdinletku febi Plus 32769 Turbon Letkut,Turbon Putket FORD,TOYOTA,CITRO\u00cbN,FIESTA V JH_, JD_,FIESTA VI,FUSION JU_<\/p>\n","protected":false},"featured_media":0,"template":"","meta":{"site-sidebar-layout":"default","site-content-layout":"default","ast-global-header-display":"","ast-main-header-display":"","ast-hfb-above-header-display":"","ast-hfb-below-header-display":"","ast-hfb-mobile-header-display":"","site-post-title":"","ast-breadcrumbs-content":"","ast-featured-img":"","footer-sml-layout":"","theme-transparent-header-meta":"","adv-header-id-meta":"","stick-header-meta":"","header-above-stick-meta":"","header-main-stick-meta":"","header-below-stick-meta":""},"pwb-brand":[50],"product_cat":[113],"product_tag":[],"class_list":{"0":"post-63614","1":"product","2":"type-product","3":"status-publish","5":"pwb-brand-febi-bilstein","6":"product_cat-ahdinletku","7":"desktop-align-left","8":"tablet-align-left","9":"mobile-align-left","11":"first","12":"instock","13":"product-type-external"},"brands":[{"id":50,"name":"FEBI BILSTEIN","slug":"febi-bilstein"}],"_links":{"self":[{"href":"https:\/\/www.autonvaraosahaku.fi\/index.php?rest_route=\/wp\/v2\/product\/63614","targetHints":{"allow":["GET"]}}],"collection":[{"href":"https:\/\/www.autonvaraosahaku.fi\/index.php?rest_route=\/wp\/v2\/product"}],"about":[{"href":"https:\/\/www.autonvaraosahaku.fi\/index.php?rest_route=\/wp\/v2\/types\/product"}],"wp:attachment":[{"href":"https:\/\/www.autonvaraosahaku.fi\/index.php?rest_route=%2Fwp%2Fv2%2Fmedia&parent=63614"}],"wp:term":[{"taxonomy":"pwb-brand","embeddable":true,"href":"https:\/\/www.autonvaraosahaku.fi\/index.php?rest_route=%2Fwp%2Fv2%2Fpwb-brand&post=63614"},{"taxonomy":"product_cat","embeddable":true,"href":"https:\/\/www.autonvaraosahaku.fi\/index.php?rest_route=%2Fwp%2Fv2%2Fproduct_cat&post=63614"},{"taxonomy":"product_tag","embeddable":true,"href":"https:\/\/www.autonvaraosahaku.fi\/index.php?rest_route=%2Fwp%2Fv2%2Fproduct_tag&post=63614"}],"curies":[{"name":"wp","href":"https:\/\/api.w.org\/{rel}","templated":true}]}}