{"id":63655,"date":"2021-02-21T18:35:57","date_gmt":"2021-02-21T18:35:57","guid":{"rendered":"https:\/\/www.autonvaraosahaku.fi\/?product=trw-gdb1419-jarrupalat"},"modified":"2021-02-21T18:36:00","modified_gmt":"2021-02-21T18:36:00","slug":"trw-gdb1419-jarrupalat","status":"publish","type":"product","link":"https:\/\/www.autonvaraosahaku.fi\/?product=trw-gdb1419-jarrupalat","title":{"rendered":"TRW GDB1419 Jarrupalat"},"content":{"rendered":"<p>Pituus (mm): 151,4; Valmistaja rajaus: ATE; Kulumisenilmaisimen liitos: Ei kulumisenilmaisimelle; Tarkistuskilpi: E9 90R 01107\/200; Paksuus [mm]: 18,6; Pituus 1 (mm): 150,2; Korkeus 1 (mm): 61,1; Pituus 2 (mm): 151,5; Korkeus 2 (mm): 58,3; M\u00e4\u00e4r\u00e4yksikk\u00f6: Akselisarja; Tuotelinja: COTEC; Asennuspuoli: Vorderachse; MAZDA: 2 DY,121 III JASM, JBSM; FORD: FIESTA V JH_, JD_,FIESTA IV JA_, JB_,FUSION JU_,KA RB_,STREET KA RL2,PUMA EC_,FIESTA V Van,FIESTA Kasten J5_, J3_,FIESTA Kasten JV_; 1101462, 1101463, 1101464, 1128463, 1145299, 1206064, 1236880, 1355950, 1359884, 1521328, 1783839, 4M5J2K021AA, 5S6Y2K021AA, MEYS6J2K021DD, MEYS6J2K021DE, YS612K021DA, YS6J2K021DC, 1E103323Z, 1E103328Z, DDY23328Z, DDY23328Z9C, DDY23328ZA9C; Jarrupalasarja,Jarrupala, Levyjarru<\/p>\n","protected":false},"excerpt":{"rendered":"<p>TRW Jarrupalat GDB1419 Jarrupalasarja,Jarrupala, Levyjarru MAZDA,FORD,2 DY,121 III JASM, JBSM,FIESTA V JH_, JD_,FIESTA IV JA_, JB_,FUSION JU_,KA RB_<\/p>\n","protected":false},"featured_media":0,"template":"","meta":{"site-sidebar-layout":"default","site-content-layout":"default","ast-global-header-display":"","ast-main-header-display":"","ast-hfb-above-header-display":"","ast-hfb-below-header-display":"","ast-hfb-mobile-header-display":"","site-post-title":"","ast-breadcrumbs-content":"","ast-featured-img":"","footer-sml-layout":"","theme-transparent-header-meta":"","adv-header-id-meta":"","stick-header-meta":"","header-above-stick-meta":"","header-main-stick-meta":"","header-below-stick-meta":""},"pwb-brand":[332],"product_cat":[100],"product_tag":[],"class_list":{"0":"post-63655","1":"product","2":"type-product","3":"status-publish","5":"pwb-brand-trw","6":"product_cat-jarrupalat","7":"desktop-align-left","8":"tablet-align-left","9":"mobile-align-left","11":"first","12":"instock","13":"product-type-external"},"brands":[{"id":332,"name":"TRW","slug":"trw"}],"_links":{"self":[{"href":"https:\/\/www.autonvaraosahaku.fi\/index.php?rest_route=\/wp\/v2\/product\/63655","targetHints":{"allow":["GET"]}}],"collection":[{"href":"https:\/\/www.autonvaraosahaku.fi\/index.php?rest_route=\/wp\/v2\/product"}],"about":[{"href":"https:\/\/www.autonvaraosahaku.fi\/index.php?rest_route=\/wp\/v2\/types\/product"}],"wp:attachment":[{"href":"https:\/\/www.autonvaraosahaku.fi\/index.php?rest_route=%2Fwp%2Fv2%2Fmedia&parent=63655"}],"wp:term":[{"taxonomy":"pwb-brand","embeddable":true,"href":"https:\/\/www.autonvaraosahaku.fi\/index.php?rest_route=%2Fwp%2Fv2%2Fpwb-brand&post=63655"},{"taxonomy":"product_cat","embeddable":true,"href":"https:\/\/www.autonvaraosahaku.fi\/index.php?rest_route=%2Fwp%2Fv2%2Fproduct_cat&post=63655"},{"taxonomy":"product_tag","embeddable":true,"href":"https:\/\/www.autonvaraosahaku.fi\/index.php?rest_route=%2Fwp%2Fv2%2Fproduct_tag&post=63655"}],"curies":[{"name":"wp","href":"https:\/\/api.w.org\/{rel}","templated":true}]}}