{"id":63672,"date":"2021-02-21T18:36:02","date_gmt":"2021-02-21T18:36:02","guid":{"rendered":"https:\/\/www.autonvaraosahaku.fi\/?product=meyle-050-006-1555-moniurahihna"},"modified":"2021-02-21T18:36:04","modified_gmt":"2021-02-21T18:36:04","slug":"meyle-050-006-1555-moniurahihna","status":"publish","type":"product","link":"https:\/\/www.autonvaraosahaku.fi\/?product=meyle-050-006-1555-moniurahihna","title":{"rendered":"MEYLE 050 006 1555 Moniurahihna"},"content":{"rendered":"<p>Pituus (mm): 1555; kiiloja: 6; Materiaali: EPDM (eteenipropeeni-dieeni-kumi); lis\u00e4tieto: ORIGINAL Quality; Apulaitteet: angetr. Agg.: Generator; VW: TRANSPORTER IV Bus 70XB, 70XC, 7DB, 7DW,TRANSPORTER V Bus 7HB, 7HJ, 7EB, 7EJ, 7EF,MULTIVAN V 7HM, 7HN, 7HF, 7EF, 7EM, 7EN,TRANSPORTER IV Kasten 70XA,TRANSPORTER V Kasten 7HA, 7HH, 7EA, 7EH,TRANSPORTER IV Pritsche\/Fahrgestell 70XD,AMAROK 2H_, S1B,TRANSPORTER V Pritsche\/Fahrgestell 7JD, 7JE, 7JL, 7JY, 7JZ,; BMW: 5 E39,5 Touring E39,3 Compact E36,3 E36,7 E38,3 Coupe E36,Z3 E36,5 E34,7 E65, E66, E67,3 Cabriolet E36,3 Touring E36,5 Touring E34,Z3 Coupe E36; OPEL: ASTRA J Sports Tourer,INSIGNIA Caravan,ASTRA J,INSIGNIA,INSIGNIA Stufenheck,ASTRA GTC J; FORD: FIESTA VI,MONDEO IV Turnier BA7,FOCUS DAW, DBW,S-MAX WA6,FOCUS III Turnier,GALAXY WA6,FOCUS III,C-MAX II,KUGA II DM2,GRAND C-MAX,FIESTA III GFJ,FOCUS III Stufenheck,ESCORT VII GAL, AAL, ABL,ESCORT VII Kombi GAL, ANL,TOURNEO CONNECT \/ GRAND TOURNEO CONNECT Kombi,ESCORT VII Cabriolet ALL,ESCORT VI Cabriolet ALL,ESCORT VI GAL,TRANSIT CONNECT Kasten,ESCORT VII Stufenheck GAL, AFL,ESCORT VI Kombi GAL,ESCORT CLASSIC AAL, ABL,ESCORT CLASSIC Turnier ANL,ESCORT VI Stufenheck GAL; RENAULT: 19 II Chamade L53_; VOLVO: V70 II SW,V70 III BW,V60,V40 Schr\u00e4gheck,S80 II AS,S60 II,480 E,440 K 445,460 L 464; CHEVROLET: ORLANDO J309,CRUZE J300,AVEO Schr\u00e4gheck T300,CRUZE Schr\u00e4gheck J305,AVEO Stufenheck T300; SAAB: 9-5 YS3G; 11281427250, 11281437929, 11281703561, 11281726689, 11287516181, 11287529738, 11287544786, 11287631818, 11287636378, 55580052, 1011691, 1686231, 1700744, 1760373, BM5Q6C301AA, BM5Q6C301AB, 1340275, 99919236550, 7700271648, 55563925, 1340275, 3434934, 3454405, 3473198, 454405, 454465, 9180701, 03L903137H, 03L903137L, 044903137G<\/p>\n","protected":false},"excerpt":{"rendered":"<p>MEYLE Moniurahihna 050 006 1555  VW,BMW,OPEL,TRANSPORTER IV Bus 70XB, 70XC, 7DB, 7DW,TRANSPORTER V Bus 7HB, 7HJ, 7EB, 7EJ, 7EF<\/p>\n","protected":false},"featured_media":0,"template":"","meta":{"site-sidebar-layout":"default","site-content-layout":"default","ast-global-header-display":"","ast-main-header-display":"","ast-hfb-above-header-display":"","ast-hfb-below-header-display":"","ast-hfb-mobile-header-display":"","site-post-title":"","ast-breadcrumbs-content":"","ast-featured-img":"","footer-sml-layout":"","theme-transparent-header-meta":"","adv-header-id-meta":"","stick-header-meta":"","header-above-stick-meta":"","header-main-stick-meta":"","header-below-stick-meta":""},"pwb-brand":[84],"product_cat":[23],"product_tag":[],"class_list":{"0":"post-63672","1":"product","2":"type-product","3":"status-publish","5":"pwb-brand-meyle","6":"product_cat-moniurahihna","7":"desktop-align-left","8":"tablet-align-left","9":"mobile-align-left","11":"first","12":"instock","13":"product-type-external"},"brands":[{"id":84,"name":"MEYLE","slug":"meyle"}],"_links":{"self":[{"href":"https:\/\/www.autonvaraosahaku.fi\/index.php?rest_route=\/wp\/v2\/product\/63672","targetHints":{"allow":["GET"]}}],"collection":[{"href":"https:\/\/www.autonvaraosahaku.fi\/index.php?rest_route=\/wp\/v2\/product"}],"about":[{"href":"https:\/\/www.autonvaraosahaku.fi\/index.php?rest_route=\/wp\/v2\/types\/product"}],"wp:attachment":[{"href":"https:\/\/www.autonvaraosahaku.fi\/index.php?rest_route=%2Fwp%2Fv2%2Fmedia&parent=63672"}],"wp:term":[{"taxonomy":"pwb-brand","embeddable":true,"href":"https:\/\/www.autonvaraosahaku.fi\/index.php?rest_route=%2Fwp%2Fv2%2Fpwb-brand&post=63672"},{"taxonomy":"product_cat","embeddable":true,"href":"https:\/\/www.autonvaraosahaku.fi\/index.php?rest_route=%2Fwp%2Fv2%2Fproduct_cat&post=63672"},{"taxonomy":"product_tag","embeddable":true,"href":"https:\/\/www.autonvaraosahaku.fi\/index.php?rest_route=%2Fwp%2Fv2%2Fproduct_tag&post=63672"}],"curies":[{"name":"wp","href":"https:\/\/api.w.org\/{rel}","templated":true}]}}