{"id":63725,"date":"2021-02-21T18:36:18","date_gmt":"2021-02-21T18:36:18","guid":{"rendered":"https:\/\/www.autonvaraosahaku.fi\/?product=vegaz-dg-101-pakoputken-asennussarja"},"modified":"2021-02-21T18:36:19","modified_gmt":"2021-02-21T18:36:19","slug":"vegaz-dg-101-pakoputken-asennussarja","status":"publish","type":"product","link":"https:\/\/www.autonvaraosahaku.fi\/?product=vegaz-dg-101-pakoputken-asennussarja","title":{"rendered":"VEGAZ DG-101 Pakoputken asennussarja"},"content":{"rendered":"<p>Leveys (mm): 43, 43; Materiaali: EPDM (eteenipropeeni-dieeni-kumi); Akseliv\u00e4li: f\u00fcr verk\u00fcrzten Radstand; NISSAN: TERRANO II R20,PATROL GR II Wagon Y61,PICK UP D22,PICK UP D21,TERRANO I WD21,VANETTE Bus C22,LAUREL JC32,PICK UP 720,VANETTE Kasten C22,URVAN Kasten E24,VANETTE Bus KC120,URVAN Bus E23,CHERRY II Traveller VN10; FORD: MAVERICK UDS, UNS; FIAT: MAREA Weekend 185,MAREA 185; 206410F000, 206410F300, 20641M6810, 20641M7005, 20641M7060, 20641M9000, 20641S8100, 20641U6800, 20641U6810, 20641U681A<\/p>\n","protected":false},"excerpt":{"rendered":"<p>VEGAZ Pidike, Pakoputkisto DG-101  NISSAN,FORD,FIAT,TERRANO II R20,PATROL GR II Wagon Y61,PICK UP D22,PICK UP D21,TERRANO I WD21,VANETTE Bus C22<\/p>\n","protected":false},"featured_media":0,"template":"","meta":{"site-sidebar-layout":"default","site-content-layout":"default","ast-global-header-display":"","ast-main-header-display":"","ast-hfb-above-header-display":"","ast-hfb-below-header-display":"","ast-hfb-mobile-header-display":"","site-post-title":"","ast-breadcrumbs-content":"","ast-featured-img":"","footer-sml-layout":"","theme-transparent-header-meta":"","adv-header-id-meta":"","stick-header-meta":"","header-above-stick-meta":"","header-main-stick-meta":"","header-below-stick-meta":""},"pwb-brand":[306],"product_cat":[101],"product_tag":[],"class_list":{"0":"post-63725","1":"product","2":"type-product","3":"status-publish","5":"pwb-brand-vegaz","6":"product_cat-pakoputken-asennussarja","7":"desktop-align-left","8":"tablet-align-left","9":"mobile-align-left","11":"first","12":"instock","13":"product-type-external"},"brands":[{"id":306,"name":"VEGAZ","slug":"vegaz"}],"_links":{"self":[{"href":"https:\/\/www.autonvaraosahaku.fi\/index.php?rest_route=\/wp\/v2\/product\/63725","targetHints":{"allow":["GET"]}}],"collection":[{"href":"https:\/\/www.autonvaraosahaku.fi\/index.php?rest_route=\/wp\/v2\/product"}],"about":[{"href":"https:\/\/www.autonvaraosahaku.fi\/index.php?rest_route=\/wp\/v2\/types\/product"}],"wp:attachment":[{"href":"https:\/\/www.autonvaraosahaku.fi\/index.php?rest_route=%2Fwp%2Fv2%2Fmedia&parent=63725"}],"wp:term":[{"taxonomy":"pwb-brand","embeddable":true,"href":"https:\/\/www.autonvaraosahaku.fi\/index.php?rest_route=%2Fwp%2Fv2%2Fpwb-brand&post=63725"},{"taxonomy":"product_cat","embeddable":true,"href":"https:\/\/www.autonvaraosahaku.fi\/index.php?rest_route=%2Fwp%2Fv2%2Fproduct_cat&post=63725"},{"taxonomy":"product_tag","embeddable":true,"href":"https:\/\/www.autonvaraosahaku.fi\/index.php?rest_route=%2Fwp%2Fv2%2Fproduct_tag&post=63725"}],"curies":[{"name":"wp","href":"https:\/\/api.w.org\/{rel}","templated":true}]}}