{"id":63735,"date":"2021-02-21T18:36:18","date_gmt":"2021-02-21T18:36:18","guid":{"rendered":"https:\/\/www.autonvaraosahaku.fi\/?product=triscan-8540-28411-abs-keha"},"modified":"2021-02-21T18:36:21","modified_gmt":"2021-02-21T18:36:21","slug":"triscan-8540-28411-abs-keha","status":"publish","type":"product","link":"https:\/\/www.autonvaraosahaku.fi\/?product=triscan-8540-28411-abs-keha","title":{"rendered":"TRISCAN 8540 28411 ABS keh\u00e4"},"content":{"rendered":"<p>Sis\u00e4l\u00e4pimitta [mm]: 77,75; Leveys (mm): 8,2; Ulkol\u00e4pimitta [mm]: 81,6; Korvaava tuote\/korvaava tiedote 2: sis\u00e4\u00e4nrakennetulla magneetti sensorirenkaalla; Napojen m\u00e4\u00e4r\u00e4: 96; Asennuspuoli: Hinterachse beidseitig; RENAULT: MEGANE II Kombi KM0\/1_,MEGANE II Coup\u00e9-Cabriolet EM0\/1_,MEGANE II BM0\/1_, CM0\/1_,MEGANE II Stufenheck LM0\/1_,MEGANE II Kasten\/Kombi KM_,MEGANE II Hatchback Van KM0\/2_; PEUGEOT: 207 WA_, WC_,307 SW 3H,207 CC WD_,307 CC 3B,407 SW 6E_,307 3A\/C,207 SW WK_,308 SW,308 4A_, 4C_,307 Break 3E,607 9D, 9U,407 6D_,3008,308 CC,407 Coupe 6C_,PARTNER Kasten,207 Stufenheck,207 Van,3008 SUV; CITRO\u00cbN: BERLINGO MF,BERLINGO B9,C4 Picasso I UD_,C4 Grand Picasso I UA_,C4 I LC_,BERLINGO Kasten M_,C3 Picasso,C3 II,C4 Coupe LA_,C4 II B7,BERLINGO Kasten B9,C6 TD_,C4 Stufenheck L,BERLINGO Pritsche\/Fahrgestell B9; ABS Hammaskeh\u00e4,ABS Rengas,Anturirengas, ABS<\/p>\n","protected":false},"excerpt":{"rendered":"<p>TRISCAN ABS Keh\u00e4 8540 28411 ABS Hammaskeh\u00e4,ABS Rengas RENAULT,PEUGEOT,CITRO\u00cbN,MEGANE II Kombi KM0\/1_,MEGANE II Coup\u00e9-Cabriolet EM0\/1_<\/p>\n","protected":false},"featured_media":0,"template":"","meta":{"site-sidebar-layout":"default","site-content-layout":"default","ast-global-header-display":"","ast-main-header-display":"","ast-hfb-above-header-display":"","ast-hfb-below-header-display":"","ast-hfb-mobile-header-display":"","site-post-title":"","ast-breadcrumbs-content":"","ast-featured-img":"","footer-sml-layout":"","theme-transparent-header-meta":"","adv-header-id-meta":"","stick-header-meta":"","header-above-stick-meta":"","header-main-stick-meta":"","header-below-stick-meta":""},"pwb-brand":[337],"product_cat":[273],"product_tag":[],"class_list":{"0":"post-63735","1":"product","2":"type-product","3":"status-publish","5":"pwb-brand-triscan","6":"product_cat-abs-keha","7":"desktop-align-left","8":"tablet-align-left","9":"mobile-align-left","11":"first","12":"instock","13":"product-type-external"},"brands":[{"id":337,"name":"TRISCAN","slug":"triscan"}],"_links":{"self":[{"href":"https:\/\/www.autonvaraosahaku.fi\/index.php?rest_route=\/wp\/v2\/product\/63735","targetHints":{"allow":["GET"]}}],"collection":[{"href":"https:\/\/www.autonvaraosahaku.fi\/index.php?rest_route=\/wp\/v2\/product"}],"about":[{"href":"https:\/\/www.autonvaraosahaku.fi\/index.php?rest_route=\/wp\/v2\/types\/product"}],"wp:attachment":[{"href":"https:\/\/www.autonvaraosahaku.fi\/index.php?rest_route=%2Fwp%2Fv2%2Fmedia&parent=63735"}],"wp:term":[{"taxonomy":"pwb-brand","embeddable":true,"href":"https:\/\/www.autonvaraosahaku.fi\/index.php?rest_route=%2Fwp%2Fv2%2Fpwb-brand&post=63735"},{"taxonomy":"product_cat","embeddable":true,"href":"https:\/\/www.autonvaraosahaku.fi\/index.php?rest_route=%2Fwp%2Fv2%2Fproduct_cat&post=63735"},{"taxonomy":"product_tag","embeddable":true,"href":"https:\/\/www.autonvaraosahaku.fi\/index.php?rest_route=%2Fwp%2Fv2%2Fproduct_tag&post=63735"}],"curies":[{"name":"wp","href":"https:\/\/api.w.org\/{rel}","templated":true}]}}