{"id":63814,"date":"2021-02-21T18:36:38","date_gmt":"2021-02-21T18:36:38","guid":{"rendered":"https:\/\/www.autonvaraosahaku.fi\/?product=vaico-v60-0227-vaihteistooljy"},"modified":"2021-02-21T18:36:41","modified_gmt":"2021-02-21T18:36:41","slug":"vaico-v60-0227-vaihteistooljy","status":"publish","type":"product","link":"https:\/\/www.autonvaraosahaku.fi\/?product=vaico-v60-0227-vaihteistooljy","title":{"rendered":"VAICO V60-0227 Vaihteisto\u00f6ljy"},"content":{"rendered":"<p>Vaihteistomalli: K\u00e4sivaihteistolle; Pituus (mm): 60; Leveys (mm): 115; Paino [kg]: 0,95; V\u00e4ri: Keltainen; Erittely: GL-5, MIL-L-2105 C\/D, API GL-5; Suositeltu vaihtov\u00e4li [km]: 80000; Suositeltu vaihtov\u00e4li [vuotta]: 5; Huomioi ajoneuvovalmistajan vaatimukset: ; Huomioi j\u00e4rjestelm\u00e4-t\u00e4ytt\u00f6m\u00e4\u00e4r\u00e4: ; Tilavuus (litra): 1; Pakkaustyyppi: Pullo; Kemialliset ominaisuudet: Mineraali\u00f6ljypitoinen; Huomioi huolto-ohjeet: ; Korkeus (mm): 225; Suositellun erikoisty\u00f6kalun tuotenumero: V99-1017; Viskositeettiluokka SAE: 80W-90; lis\u00e4tieto: CST96; Vaihteistonumero: 5\/1; MAZDA: 5 CR19,3 BK,6 Station Wagon GY,CX-5 KE, GH,MX-5 II NB,323 F VI BJ,PREMACY CP,CX-7 ER,6 Hatchback GG,6 GG,MX-5 I NA,TRIBUTE EP,MX-5 III NC,DEMIO DW,RX 8 SE17,626 V Hatchback GF,3 Stufenheck BK,FAMILIA V BA,MPV II LW,626 V GF,626 V Station Wagon GW,626 IV Hatchback GE,MX-3 EC,FAMILIA VI BJ,B-SERIE UN,XEDOS 6 CA,BT-50 CD, UN,323 C IV BG,FAMILIA IV BF,626 IV GE,CX-9 TB,FAMILIA V BG8,RX 7 II FC,323 III Hatchback BF,MX-6 GE,RX 7 I SA,626 III GD,FAMILIA IV BG,626 III Hatchback GD,626 III Coupe GD,E-SERIE Kasten SR2,626 III Station Wagon GV,626 II GC,626 II Hatchback GC,B-SERIE UF,323 III BF,RX 7 III FD,323 III Station Wagon BW,323 II Hatchback BD,323 II BD,323 I Station Wagon FA,B-SERIE UD; NISSAN: QASHQAI \/ QASHQAI +2 J10, JJ10,NAVARA D40,JUKE F15,PATHFINDER R51,X-TRAIL T31,TERRANO II R20,MURANO Z50,NAVARA Pritsche\/Fahrgestell D40,PATROL GR II Wagon Y61,MURANO Z51,PICK UP D22,PATHFINDER R50,200 SX S13,370 Z Z34,PICK UP D21,SERENA C23M,PATROL GR I Y60, GR,TERRANO I WD21,300 ZX Z32,PATROL Hardtop K160,300 ZX Z31,PATROL Station Wagon W260,PATROL Hardtop K260,SKYLINE Coupe R34,NP300,SUNNY III N14,VANETTE Bus C22,PULSAR V Schr\u00e4gheck N14,NV400 Kasten,PATROL Station Wagon W160,SILVIA S12,LAUREL JC32,SUNNY III Traveller Y10,SKYLINE R34,VANETTE CARGO Kasten HC 23,VANETTE CARGO Bus HC 23,SUNNY II N13,PRAIRIE PRO M11,TRADE Pritsche\/Fahrgestell,SUNNY II Traveller B12,VANETTE Kasten C22,LAUREL JC31,TRADE Bus,NV400 Pritsche\/Fahrgestell,URVAN Bus E24,URVAN Kasten E23,PATROL III Y62,URVAN Kasten E24,VANETTE Bus KC120,PATHFINDER,URVAN Bus E23,CABSTAR Pritsche\/Fahrgestell F22, H40; JEEP: GRAND CHEROKEE II WJ, WG,COMPASS MK49,WRANGLER III JK,GRAND CHEROKEE I ZJ,CHEROKEE XJ,WRANGLER II TJ,PATRIOT MK74,WRANGLER I YJ, SJ_,CHEROKEE KK,COMANCHE MJ; DAEWOO: MUSSO FJ,KORANDO KJ,REXTON GAB_,KORANDO Cabrio KJ; LADA: NIVA 2121,NIVA II 2123,1200-1600,1200-1500 Kombi,NOVA 2105; SUZUKI: JIMNY FJ,GRAND VITARA II JT,SX4 EY, GY,SAMURAI SJ,GRAND VITARA I FT,IGNIS FH,IGNIS II,SWIFT II Schr\u00e4gheck EA, MA,VITARA ET, TA,VITARA Cabrio ET, TA,LIANA Schr\u00e4gheck,LIANA ER,KIZASHI FR,BALENO Kombi EG,BALENO EG,BALENO Schr\u00e4gheck EG,ALTO HA12, HA23,X-90 EL,SWIFT Cabriolet SF413,VITARA ET,SWIFT II Stufenheck AH, AJ,SUPER CARRY Bus ED,CAPPUCINO EA,ALTO,ALTO SS80,VITARA Cabrio ET; CHEVROLET: BLAZER S10,TAHOE B2W,S10 Pick-up,SILVERADO 1500,AVALANCHE; KIA: SPORTAGE JE_, KM_,SPORTAGE K00; HONDA: LEGEND III KA9,LEGEND IV KB_,LEGEND II Coupe KA8,LEGEND II KA7; LAND ROVER: FREELANDER LN,FREELANDER 2 FA_,DEFENDER Station Wagon LD,RANGE ROVER EVOQUE LV,FREELANDER Soft Top,DEFENDER Pick-up LD_,DEFENDER Cabrio LD,DEFENDER Pritsche\/Fahrgestell LD; SQM2C9002AA, 342TypM1, 0009892803, 000989280312, 2350, A0009892803, A000989280312, 97310<\/p>\n","protected":false},"excerpt":{"rendered":"<p>VAICO Vaihteisto\u00f6ljy (K\u00e4si-) V60-0227  MAZDA,NISSAN,JEEP,5 CR19,3 BK,6 Station Wagon GY,CX-5 KE, GH,MX-5 II NB,323 F VI BJ,PREMACY CP,CX-7 ER<\/p>\n","protected":false},"featured_media":0,"template":"","meta":{"site-sidebar-layout":"default","site-content-layout":"default","ast-global-header-display":"","ast-main-header-display":"","ast-hfb-above-header-display":"","ast-hfb-below-header-display":"","ast-hfb-mobile-header-display":"","site-post-title":"","ast-breadcrumbs-content":"","ast-featured-img":"","footer-sml-layout":"","theme-transparent-header-meta":"","adv-header-id-meta":"","stick-header-meta":"","header-above-stick-meta":"","header-main-stick-meta":"","header-below-stick-meta":""},"pwb-brand":[330],"product_cat":[58],"product_tag":[],"class_list":{"0":"post-63814","1":"product","2":"type-product","3":"status-publish","5":"pwb-brand-vaico","6":"product_cat-vaihteistooljy","7":"desktop-align-left","8":"tablet-align-left","9":"mobile-align-left","11":"first","12":"instock","13":"product-type-external"},"brands":[{"id":330,"name":"VAICO","slug":"vaico"}],"_links":{"self":[{"href":"https:\/\/www.autonvaraosahaku.fi\/index.php?rest_route=\/wp\/v2\/product\/63814","targetHints":{"allow":["GET"]}}],"collection":[{"href":"https:\/\/www.autonvaraosahaku.fi\/index.php?rest_route=\/wp\/v2\/product"}],"about":[{"href":"https:\/\/www.autonvaraosahaku.fi\/index.php?rest_route=\/wp\/v2\/types\/product"}],"wp:attachment":[{"href":"https:\/\/www.autonvaraosahaku.fi\/index.php?rest_route=%2Fwp%2Fv2%2Fmedia&parent=63814"}],"wp:term":[{"taxonomy":"pwb-brand","embeddable":true,"href":"https:\/\/www.autonvaraosahaku.fi\/index.php?rest_route=%2Fwp%2Fv2%2Fpwb-brand&post=63814"},{"taxonomy":"product_cat","embeddable":true,"href":"https:\/\/www.autonvaraosahaku.fi\/index.php?rest_route=%2Fwp%2Fv2%2Fproduct_cat&post=63814"},{"taxonomy":"product_tag","embeddable":true,"href":"https:\/\/www.autonvaraosahaku.fi\/index.php?rest_route=%2Fwp%2Fv2%2Fproduct_tag&post=63814"}],"curies":[{"name":"wp","href":"https:\/\/api.w.org\/{rel}","templated":true}]}}