{"id":63833,"date":"2021-02-21T18:36:43","date_gmt":"2021-02-21T18:36:43","guid":{"rendered":"https:\/\/www.autonvaraosahaku.fi\/?product=valeo-586040-oljynsuodatin"},"modified":"2021-02-21T18:36:46","modified_gmt":"2021-02-21T18:36:46","slug":"valeo-586040-oljynsuodatin","status":"publish","type":"product","link":"https:\/\/www.autonvaraosahaku.fi\/?product=valeo-586040-oljynsuodatin","title":{"rendered":"VALEO 586040 \u00d6ljynsuodatin"},"content":{"rendered":"<p>Kierremitta: UNF 3\/4-16; Ulkol\u00e4pimitta [mm]: 65,5; Sis\u00e4l\u00e4pimitta 1 [mm]: 62; Sis\u00e4l\u00e4pimitta 2 [mm]: 55; Korkeus (mm): 92; Avauspaine ohitusventtiili [bar]: 1; Suodatintyyppi: Ruuvattava suodatin; Paino [kg]: 0,28; Valmistusvuosi alkaen: 07\/2009; VW: TARO; SUZUKI: SWIFT III MZ, EZ,JIMNY FJ,SWIFT IV FZ, NZ,GRAND VITARA II JT,SX4 EY, GY,SAMURAI SJ,GRAND VITARA I FT,WAGON R+ MM,IGNIS FH,IGNIS II,SWIFT II Schr\u00e4gheck EA, MA,VITARA ET, TA,VITARA Cabrio ET, TA,LIANA Schr\u00e4gheck,SJ 413,LIANA ER,KIZASHI FR,BALENO Kombi EG,BALENO EG,SX4 Stufenheck GY,BALENO Schr\u00e4gheck EG,SJ 410,X-90 EL,WAGON R,GRAND VITARA I Cabriolet GT; SUBARU: JUSTY II JMA, MS; TOYOTA: AVENSIS Kombi T25,RAV 4 III ACA3_, ACE_, ALA3_, GSA3_, ZSA3_,RAV 4 II CLA2_, XA2_, ZCA2_, ACA2_,COROLLA ZZE12_, NDE12_, ZDE12_,AVENSIS T25_,AVENSIS Stufenheck T25,AVENSIS _T22_,AVENSIS Station Wagon _T22_,CELICA ZZT23_,PREVIA MCR3_, ACR3_, CLR3_,AVENSIS Liftback _T22_,AVENSIS VERSO _CLM2_, _ACM2_,CELICA ST20_, AT20_,CELICA Coupe AT18_, ST18_,CAMRY MCV3_, ACV3_, _XV3_,COROLLA Liftback _E9_,MR 2 I AW1_,CELICA Liftback ST16_, AT16_,CAMRY Stufenheck _XV4_,CELICA AT16_, ST16_,CAMRY SOLARA Coupe MCV3_, ACV3_,LITEACE Bus _R2_LG,LITEACE Kasten _R2__V; FIAT: SEDICI; ADT32112, X161, X584, 1560167201, 1560187110, 1560187202, 1560187705000, 71742115, 71746761, 71747593, 71768154, 1520831000, 152087B000, 152089, 152089E000, 1651085C00, 16510085C00, 1651060M11000, 1651061A00, 1651061A01, 1651061A02, 1651061A20, 1651061A21, 1651061A30, 1651083000, 1651083001, 1651083011, 1651083012, 1651085C00, 1651085F00, 1651085FA0, 1560016010, 1560176008, 156017600871, 892202001, 9008091210, 9091503004, 9091510002, 9091510004, 90915TA002, 90915YZZJ2, 8614737, 8614745, J9091510002<\/p>\n","protected":false},"excerpt":{"rendered":"<p>VALEO \u00d6ljynsuodatin 586040  VW,SUZUKI,SUBARU,TARO,SWIFT III MZ, EZ,JIMNY FJ,SWIFT IV FZ, NZ,GRAND VITARA II JT,SX4 EY, GY,SAMURAI SJ,GRAND VITARA I FT<\/p>\n","protected":false},"featured_media":0,"template":"","meta":{"site-sidebar-layout":"default","site-content-layout":"default","ast-global-header-display":"","ast-main-header-display":"","ast-hfb-above-header-display":"","ast-hfb-below-header-display":"","ast-hfb-mobile-header-display":"","site-post-title":"","ast-breadcrumbs-content":"","ast-featured-img":"","footer-sml-layout":"","theme-transparent-header-meta":"","adv-header-id-meta":"","stick-header-meta":"","header-above-stick-meta":"","header-main-stick-meta":"","header-below-stick-meta":""},"pwb-brand":[28],"product_cat":[30],"product_tag":[],"class_list":{"0":"post-63833","1":"product","2":"type-product","3":"status-publish","5":"pwb-brand-valeo","6":"product_cat-oljynsuodatin","7":"desktop-align-left","8":"tablet-align-left","9":"mobile-align-left","11":"first","12":"instock","13":"product-type-external"},"brands":[{"id":28,"name":"VALEO","slug":"valeo"}],"_links":{"self":[{"href":"https:\/\/www.autonvaraosahaku.fi\/index.php?rest_route=\/wp\/v2\/product\/63833","targetHints":{"allow":["GET"]}}],"collection":[{"href":"https:\/\/www.autonvaraosahaku.fi\/index.php?rest_route=\/wp\/v2\/product"}],"about":[{"href":"https:\/\/www.autonvaraosahaku.fi\/index.php?rest_route=\/wp\/v2\/types\/product"}],"wp:attachment":[{"href":"https:\/\/www.autonvaraosahaku.fi\/index.php?rest_route=%2Fwp%2Fv2%2Fmedia&parent=63833"}],"wp:term":[{"taxonomy":"pwb-brand","embeddable":true,"href":"https:\/\/www.autonvaraosahaku.fi\/index.php?rest_route=%2Fwp%2Fv2%2Fpwb-brand&post=63833"},{"taxonomy":"product_cat","embeddable":true,"href":"https:\/\/www.autonvaraosahaku.fi\/index.php?rest_route=%2Fwp%2Fv2%2Fproduct_cat&post=63833"},{"taxonomy":"product_tag","embeddable":true,"href":"https:\/\/www.autonvaraosahaku.fi\/index.php?rest_route=%2Fwp%2Fv2%2Fproduct_tag&post=63833"}],"curies":[{"name":"wp","href":"https:\/\/api.w.org\/{rel}","templated":true}]}}