{"id":63836,"date":"2021-02-21T18:36:43","date_gmt":"2021-02-21T18:36:43","guid":{"rendered":"https:\/\/www.autonvaraosahaku.fi\/?product=sasic-0664574-hammastangon-suojakumi"},"modified":"2021-02-21T18:36:46","modified_gmt":"2021-02-21T18:36:46","slug":"sasic-0664574-hammastangon-suojakumi","status":"publish","type":"product","link":"https:\/\/www.autonvaraosahaku.fi\/?product=sasic-0664574-hammastangon-suojakumi","title":{"rendered":"SASIC 0664574 Hammastangon suojakumi"},"content":{"rendered":"<p>Asennuspuoli: etuakseli molemminpuoleinen; OE-numerolle: Part\/oe 406673; Varusteet: f\u00fcr Fahrzeuge mit Servolenkung; CITRO\u00cbN: C4 I LC_,C4 Coupe LA_,C4 Stufenheck L; PEUGEOT: 206 Schr\u00e4gheck 2A\/C,206 CC 2D,307 SW 3H,307 CC 3B,307 3A\/C,206 SW 2E\/K,206+ T3E,307 Break 3E,206 Van; 406657, 406673, 406657, 406673; Paljekumi, Ohjaus<\/p>\n","protected":false},"excerpt":{"rendered":"<p>SASIC Hammastangon Suojakumi 0664574 Paljekumi, Ohjaus CITRO\u00cbN,PEUGEOT,C4 I LC_,C4 Coupe LA_,C4 Stufenheck L,206 Schr\u00e4gheck 2A\/C,206 CC 2D,307 SW 3H<\/p>\n","protected":false},"featured_media":0,"template":"","meta":{"site-sidebar-layout":"default","site-content-layout":"default","ast-global-header-display":"","ast-main-header-display":"","ast-hfb-above-header-display":"","ast-hfb-below-header-display":"","ast-hfb-mobile-header-display":"","site-post-title":"","ast-breadcrumbs-content":"","ast-featured-img":"","footer-sml-layout":"","theme-transparent-header-meta":"","adv-header-id-meta":"","stick-header-meta":"","header-above-stick-meta":"","header-main-stick-meta":"","header-below-stick-meta":""},"pwb-brand":[110],"product_cat":[81],"product_tag":[],"class_list":{"0":"post-63836","1":"product","2":"type-product","3":"status-publish","5":"pwb-brand-sasic","6":"product_cat-hammastangon-suojakumi","7":"desktop-align-left","8":"tablet-align-left","9":"mobile-align-left","11":"first","12":"instock","13":"product-type-external"},"brands":[{"id":110,"name":"SASIC","slug":"sasic"}],"_links":{"self":[{"href":"https:\/\/www.autonvaraosahaku.fi\/index.php?rest_route=\/wp\/v2\/product\/63836","targetHints":{"allow":["GET"]}}],"collection":[{"href":"https:\/\/www.autonvaraosahaku.fi\/index.php?rest_route=\/wp\/v2\/product"}],"about":[{"href":"https:\/\/www.autonvaraosahaku.fi\/index.php?rest_route=\/wp\/v2\/types\/product"}],"wp:attachment":[{"href":"https:\/\/www.autonvaraosahaku.fi\/index.php?rest_route=%2Fwp%2Fv2%2Fmedia&parent=63836"}],"wp:term":[{"taxonomy":"pwb-brand","embeddable":true,"href":"https:\/\/www.autonvaraosahaku.fi\/index.php?rest_route=%2Fwp%2Fv2%2Fpwb-brand&post=63836"},{"taxonomy":"product_cat","embeddable":true,"href":"https:\/\/www.autonvaraosahaku.fi\/index.php?rest_route=%2Fwp%2Fv2%2Fproduct_cat&post=63836"},{"taxonomy":"product_tag","embeddable":true,"href":"https:\/\/www.autonvaraosahaku.fi\/index.php?rest_route=%2Fwp%2Fv2%2Fproduct_tag&post=63836"}],"curies":[{"name":"wp","href":"https:\/\/api.w.org\/{rel}","templated":true}]}}