{"id":63838,"date":"2021-02-21T18:36:43","date_gmt":"2021-02-21T18:36:43","guid":{"rendered":"https:\/\/www.autonvaraosahaku.fi\/?product=sasic-0594104-muut-luokat"},"modified":"2021-02-21T18:36:47","modified_gmt":"2021-02-21T18:36:47","slug":"sasic-0594104-muut-luokat","status":"publish","type":"product","link":"https:\/\/www.autonvaraosahaku.fi\/?product=sasic-0594104-muut-luokat","title":{"rendered":"SASIC 0594104 Muut luokat"},"content":{"rendered":"<p>Asennuspuoli: Etuakseli; Varusteet: Autoihin, joissa ohjaustehostin; Kiinnitysmalli: Kumimetallilaakeri; Sis\u00e4l\u00e4pimitta [mm]: 12; Ulkol\u00e4pimitta [mm]: 24; Pituus, sis\u00e4 (mm): 24; Pituus, ulko (mm): 20; OE-numerolle: 405910; CITRO\u00cbN: SAXO S0, S1,XM Y4,XANTIA X2,XANTIA X1,XANTIA Break X2,XM Y3,XANTIA Break X1,XM Break Y4,XM Break Y3; PEUGEOT: 106 II 1,406 Break 8E\/F,106 I 1A, 1C,406 Coupe 8C,406 8B,405 I 15B,405 II 4B,405 II Break 4E,405 I Break 15E; 405910, 405910<\/p>\n","protected":false},"excerpt":{"rendered":"<p>SASIC Holkki, Ohjausakseli 0594104  CITRO\u00cbN,PEUGEOT,SAXO S0, S1,XM Y4,XANTIA X2,XANTIA X1,XANTIA Break X2,XM Y3,XANTIA Break X1,XM Break Y4<\/p>\n","protected":false},"featured_media":0,"template":"","meta":{"site-sidebar-layout":"default","site-content-layout":"default","ast-global-header-display":"","ast-main-header-display":"","ast-hfb-above-header-display":"","ast-hfb-below-header-display":"","ast-hfb-mobile-header-display":"","site-post-title":"","ast-breadcrumbs-content":"","ast-featured-img":"","footer-sml-layout":"","theme-transparent-header-meta":"","adv-header-id-meta":"","stick-header-meta":"","header-above-stick-meta":"","header-main-stick-meta":"","header-below-stick-meta":""},"pwb-brand":[110],"product_cat":[37],"product_tag":[],"class_list":{"0":"post-63838","1":"product","2":"type-product","3":"status-publish","5":"pwb-brand-sasic","6":"product_cat-muut-luokat","7":"desktop-align-left","8":"tablet-align-left","9":"mobile-align-left","11":"first","12":"instock","13":"product-type-external"},"brands":[{"id":110,"name":"SASIC","slug":"sasic"}],"_links":{"self":[{"href":"https:\/\/www.autonvaraosahaku.fi\/index.php?rest_route=\/wp\/v2\/product\/63838","targetHints":{"allow":["GET"]}}],"collection":[{"href":"https:\/\/www.autonvaraosahaku.fi\/index.php?rest_route=\/wp\/v2\/product"}],"about":[{"href":"https:\/\/www.autonvaraosahaku.fi\/index.php?rest_route=\/wp\/v2\/types\/product"}],"wp:attachment":[{"href":"https:\/\/www.autonvaraosahaku.fi\/index.php?rest_route=%2Fwp%2Fv2%2Fmedia&parent=63838"}],"wp:term":[{"taxonomy":"pwb-brand","embeddable":true,"href":"https:\/\/www.autonvaraosahaku.fi\/index.php?rest_route=%2Fwp%2Fv2%2Fpwb-brand&post=63838"},{"taxonomy":"product_cat","embeddable":true,"href":"https:\/\/www.autonvaraosahaku.fi\/index.php?rest_route=%2Fwp%2Fv2%2Fproduct_cat&post=63838"},{"taxonomy":"product_tag","embeddable":true,"href":"https:\/\/www.autonvaraosahaku.fi\/index.php?rest_route=%2Fwp%2Fv2%2Fproduct_tag&post=63838"}],"curies":[{"name":"wp","href":"https:\/\/api.w.org\/{rel}","templated":true}]}}