{"id":63863,"date":"2021-02-21T18:36:54","date_gmt":"2021-02-21T18:36:54","guid":{"rendered":"https:\/\/www.autonvaraosahaku.fi\/?product=ae-v94694-pakoventtiili"},"modified":"2021-02-21T18:36:54","modified_gmt":"2021-02-21T18:36:54","slug":"ae-v94694-pakoventtiili","status":"publish","type":"product","link":"https:\/\/www.autonvaraosahaku.fi\/?product=ae-v94694-pakoventtiili","title":{"rendered":"AE V94694 Pakoventtiili"},"content":{"rendered":"<p>Pituus (mm): 104,600; Materiaali: Kromi-mangani-nikkeliter\u00e4s; Pinta: nitrattu; Venttiililautasen l\u00e4pimitta [mm]: 28,000; Venttiilinvarren l\u00e4pimitta [mm]: 5,500; venttiiliistukan kulma [astetta]: 45; TECDOC-moottorinumero: 23309; MAZDA: 5 CR19,6 Station Wagon GY,6 Kombi GH,6 Hatchback GG,6 GG,6 Schr\u00e4gheck GH,6 GH,BONGO TRUCK Pritsche\/Fahrgestell; VOLVO: V50 MW,C30,S40 II MS; FORD: MONDEO III Kombi BWY,FOCUS II Kombi DA_,MONDEO IV Turnier BA7,FOCUS II DA_,S-MAX WA6,FOCUS C-MAX,GALAXY WA6,MONDEO III B5Y,C-MAX DM2,MONDEO IV BA7,MONDEO III Stufenheck B4Y,FOCUS Stufenheck DFW,FOCUS II Stufenheck DA_,FOCUS II Cabriolet,MONDEO IV Stufenheck BA7; MORGAN: FOUR FOUR; 1324690, 1S7G6505DF, L80112121C, 8694780<\/p>\n","protected":false},"excerpt":{"rendered":"<p>AE Pakoventtiili V94694  MAZDA,VOLVO,FORD,5 CR19,6 Station Wagon GY,6 Kombi GH,6 Hatchback GG,6 GG,6 Schr\u00e4gheck GH,6 GH<\/p>\n","protected":false},"featured_media":0,"template":"","meta":{"site-sidebar-layout":"default","site-content-layout":"default","ast-global-header-display":"","ast-main-header-display":"","ast-hfb-above-header-display":"","ast-hfb-below-header-display":"","ast-hfb-mobile-header-display":"","site-post-title":"","ast-breadcrumbs-content":"","ast-featured-img":"","footer-sml-layout":"","theme-transparent-header-meta":"","adv-header-id-meta":"","stick-header-meta":"","header-above-stick-meta":"","header-main-stick-meta":"","header-below-stick-meta":""},"pwb-brand":[190],"product_cat":[209],"product_tag":[],"class_list":{"0":"post-63863","1":"product","2":"type-product","3":"status-publish","5":"pwb-brand-ae","6":"product_cat-pakoventtiili","7":"desktop-align-left","8":"tablet-align-left","9":"mobile-align-left","11":"first","12":"instock","13":"product-type-external"},"brands":[{"id":190,"name":"AE","slug":"ae"}],"_links":{"self":[{"href":"https:\/\/www.autonvaraosahaku.fi\/index.php?rest_route=\/wp\/v2\/product\/63863","targetHints":{"allow":["GET"]}}],"collection":[{"href":"https:\/\/www.autonvaraosahaku.fi\/index.php?rest_route=\/wp\/v2\/product"}],"about":[{"href":"https:\/\/www.autonvaraosahaku.fi\/index.php?rest_route=\/wp\/v2\/types\/product"}],"wp:attachment":[{"href":"https:\/\/www.autonvaraosahaku.fi\/index.php?rest_route=%2Fwp%2Fv2%2Fmedia&parent=63863"}],"wp:term":[{"taxonomy":"pwb-brand","embeddable":true,"href":"https:\/\/www.autonvaraosahaku.fi\/index.php?rest_route=%2Fwp%2Fv2%2Fpwb-brand&post=63863"},{"taxonomy":"product_cat","embeddable":true,"href":"https:\/\/www.autonvaraosahaku.fi\/index.php?rest_route=%2Fwp%2Fv2%2Fproduct_cat&post=63863"},{"taxonomy":"product_tag","embeddable":true,"href":"https:\/\/www.autonvaraosahaku.fi\/index.php?rest_route=%2Fwp%2Fv2%2Fproduct_tag&post=63863"}],"curies":[{"name":"wp","href":"https:\/\/api.w.org\/{rel}","templated":true}]}}