{"id":63865,"date":"2021-02-21T18:36:54","date_gmt":"2021-02-21T18:36:54","guid":{"rendered":"https:\/\/www.autonvaraosahaku.fi\/?product=skf-vkjc-6980-vetoakseli"},"modified":"2021-02-21T18:36:54","modified_gmt":"2021-02-21T18:36:54","slug":"skf-vkjc-6980-vetoakseli","status":"publish","type":"product","link":"https:\/\/www.autonvaraosahaku.fi\/?product=skf-vkjc-6980-vetoakseli","title":{"rendered":"SKF VKJC 6980 Vetoakseli"},"content":{"rendered":"<p>Pituus (mm): 740; Kierremitta: M20x1,5; Ulkohammastus, py\u00f6r\u00e4npuoli: 23; Sis\u00e4hammastus, vaiht. kiinn.: 23; Tiivisteen l\u00e4pimitta [mm]: 58,6; Hammasluku, ABS-keh\u00e4: 44; ABS-keh\u00e4 \u00d8(mm): 87,5; Pituus 2 (mm): 36; Uusi osa: ; Nivelen l\u00e4pimitta py\u00f6r\u00e4puoli [mm]: 82; Nivelen l\u00e4pimitta vaihteistopuoli [mm]: 75; Asennuspuoli: Vorderachse rechts; RENAULT: KANGOO KC0\/1_,KANGOO Express FC0\/1_; 8200144764, 8200144765, 8200269195<\/p>\n","protected":false},"excerpt":{"rendered":"<p>SKF Vetoakseli VKJC 6980  RENAULT,KANGOO KC0\/1_,KANGOO Express FC0\/1_<\/p>\n","protected":false},"featured_media":0,"template":"","meta":{"site-sidebar-layout":"default","site-content-layout":"default","ast-global-header-display":"","ast-main-header-display":"","ast-hfb-above-header-display":"","ast-hfb-below-header-display":"","ast-hfb-mobile-header-display":"","site-post-title":"","ast-breadcrumbs-content":"","ast-featured-img":"","footer-sml-layout":"","theme-transparent-header-meta":"","adv-header-id-meta":"","stick-header-meta":"","header-above-stick-meta":"","header-main-stick-meta":"","header-below-stick-meta":""},"pwb-brand":[237],"product_cat":[215],"product_tag":[],"class_list":{"0":"post-63865","1":"product","2":"type-product","3":"status-publish","5":"pwb-brand-skf","6":"product_cat-vetoakseli","7":"desktop-align-left","8":"tablet-align-left","9":"mobile-align-left","11":"first","12":"instock","13":"product-type-external"},"brands":[{"id":237,"name":"SKF","slug":"skf"}],"_links":{"self":[{"href":"https:\/\/www.autonvaraosahaku.fi\/index.php?rest_route=\/wp\/v2\/product\/63865","targetHints":{"allow":["GET"]}}],"collection":[{"href":"https:\/\/www.autonvaraosahaku.fi\/index.php?rest_route=\/wp\/v2\/product"}],"about":[{"href":"https:\/\/www.autonvaraosahaku.fi\/index.php?rest_route=\/wp\/v2\/types\/product"}],"wp:attachment":[{"href":"https:\/\/www.autonvaraosahaku.fi\/index.php?rest_route=%2Fwp%2Fv2%2Fmedia&parent=63865"}],"wp:term":[{"taxonomy":"pwb-brand","embeddable":true,"href":"https:\/\/www.autonvaraosahaku.fi\/index.php?rest_route=%2Fwp%2Fv2%2Fpwb-brand&post=63865"},{"taxonomy":"product_cat","embeddable":true,"href":"https:\/\/www.autonvaraosahaku.fi\/index.php?rest_route=%2Fwp%2Fv2%2Fproduct_cat&post=63865"},{"taxonomy":"product_tag","embeddable":true,"href":"https:\/\/www.autonvaraosahaku.fi\/index.php?rest_route=%2Fwp%2Fv2%2Fproduct_tag&post=63865"}],"curies":[{"name":"wp","href":"https:\/\/api.w.org\/{rel}","templated":true}]}}