{"id":63898,"date":"2021-02-21T18:36:59","date_gmt":"2021-02-21T18:36:59","guid":{"rendered":"https:\/\/www.autonvaraosahaku.fi\/?product=sachs-2294-001-391-vauhtipyora"},"modified":"2021-02-21T18:37:02","modified_gmt":"2021-02-21T18:37:02","slug":"sachs-2294-001-391-vauhtipyora","status":"publish","type":"product","link":"https:\/\/www.autonvaraosahaku.fi\/?product=sachs-2294-001-391-vauhtipyora","title":{"rendered":"SACHS 2294 001 391 Vauhtipy\u00f6r\u00e4"},"content":{"rendered":"<p>L\u00e4pimitta [mm]: 240; Tuotelinja: Dual-mass flywheel; Vaihteistomalli: Schaltgetriebe; BMW: 3 E46,5 E39,3 Touring E46,5 Touring E39,X5 E53; 1223681, 21211223681, 21214450818, 21217500898, 21217512329, 4450818, 7500898, 7512329<\/p>\n","protected":false},"excerpt":{"rendered":"<p>SACHS Vauhtipy\u00f6r\u00e4 2294 001 391  BMW,3 E46,5 E39,3 Touring E46,5 Touring E39,X5 E53<\/p>\n","protected":false},"featured_media":0,"template":"","meta":{"site-sidebar-layout":"default","site-content-layout":"default","ast-global-header-display":"","ast-main-header-display":"","ast-hfb-above-header-display":"","ast-hfb-below-header-display":"","ast-hfb-mobile-header-display":"","site-post-title":"","ast-breadcrumbs-content":"","ast-featured-img":"","footer-sml-layout":"","theme-transparent-header-meta":"","adv-header-id-meta":"","stick-header-meta":"","header-above-stick-meta":"","header-main-stick-meta":"","header-below-stick-meta":""},"pwb-brand":[91],"product_cat":[68],"product_tag":[],"class_list":{"0":"post-63898","1":"product","2":"type-product","3":"status-publish","5":"pwb-brand-sachs","6":"product_cat-vauhtipyora","7":"desktop-align-left","8":"tablet-align-left","9":"mobile-align-left","11":"first","12":"instock","13":"product-type-external"},"brands":[{"id":91,"name":"SACHS","slug":"sachs"}],"_links":{"self":[{"href":"https:\/\/www.autonvaraosahaku.fi\/index.php?rest_route=\/wp\/v2\/product\/63898","targetHints":{"allow":["GET"]}}],"collection":[{"href":"https:\/\/www.autonvaraosahaku.fi\/index.php?rest_route=\/wp\/v2\/product"}],"about":[{"href":"https:\/\/www.autonvaraosahaku.fi\/index.php?rest_route=\/wp\/v2\/types\/product"}],"wp:attachment":[{"href":"https:\/\/www.autonvaraosahaku.fi\/index.php?rest_route=%2Fwp%2Fv2%2Fmedia&parent=63898"}],"wp:term":[{"taxonomy":"pwb-brand","embeddable":true,"href":"https:\/\/www.autonvaraosahaku.fi\/index.php?rest_route=%2Fwp%2Fv2%2Fpwb-brand&post=63898"},{"taxonomy":"product_cat","embeddable":true,"href":"https:\/\/www.autonvaraosahaku.fi\/index.php?rest_route=%2Fwp%2Fv2%2Fproduct_cat&post=63898"},{"taxonomy":"product_tag","embeddable":true,"href":"https:\/\/www.autonvaraosahaku.fi\/index.php?rest_route=%2Fwp%2Fv2%2Fproduct_tag&post=63898"}],"curies":[{"name":"wp","href":"https:\/\/api.w.org\/{rel}","templated":true}]}}