{"id":63902,"date":"2021-02-21T18:37:04","date_gmt":"2021-02-21T18:37:04","guid":{"rendered":"https:\/\/www.autonvaraosahaku.fi\/?product=febi-bilstein-22957-taka-akselin-puslat"},"modified":"2021-02-21T18:37:04","modified_gmt":"2021-02-21T18:37:04","slug":"febi-bilstein-22957-taka-akselin-puslat","status":"publish","type":"product","link":"https:\/\/www.autonvaraosahaku.fi\/?product=febi-bilstein-22957-taka-akselin-puslat","title":{"rendered":"FEBI BILSTEIN 22957 Taka-akselin puslat"},"content":{"rendered":"<p>Parilliset tuotenumerot: 22961; Paksuus [mm]: 45,0, 56,0; Sis\u00e4l\u00e4pimitta [mm]: 25,5; Ulkol\u00e4pimitta [mm]: 72,0, 87,0; V\u00e4rimerkint\u00e4: Valkoinen; Paino [kg]: 0,280, 0,280; Asennuspuoli: Hinterachse beidseitig; VOLVO: V70 II SW,XC90 I,V70 I LV,S60 I,850 Kombi LW,S80 I TS, XY,XC70 CROSS COUNTRY,850 LS,S70 LS; 3507923, 3507924; Apurungon Puslat,Akselinripustus<\/p>\n","protected":false},"excerpt":{"rendered":"<p>FEBI BILSTEIN Taka-akselin Puslat 22957 Apurungon Puslat,Akselinripustus VOLVO,V70 II SW,XC90 I,V70 I LV,S60 I,850 Kombi LW,S80 I TS, XY<\/p>\n","protected":false},"featured_media":0,"template":"","meta":{"site-sidebar-layout":"default","site-content-layout":"default","ast-global-header-display":"","ast-main-header-display":"","ast-hfb-above-header-display":"","ast-hfb-below-header-display":"","ast-hfb-mobile-header-display":"","site-post-title":"","ast-breadcrumbs-content":"","ast-featured-img":"","footer-sml-layout":"","theme-transparent-header-meta":"","adv-header-id-meta":"","stick-header-meta":"","header-above-stick-meta":"","header-main-stick-meta":"","header-below-stick-meta":""},"pwb-brand":[50],"product_cat":[156],"product_tag":[],"class_list":{"0":"post-63902","1":"product","2":"type-product","3":"status-publish","5":"pwb-brand-febi-bilstein","6":"product_cat-taka-akselin-puslat","7":"desktop-align-left","8":"tablet-align-left","9":"mobile-align-left","11":"first","12":"instock","13":"product-type-external"},"brands":[{"id":50,"name":"FEBI BILSTEIN","slug":"febi-bilstein"}],"_links":{"self":[{"href":"https:\/\/www.autonvaraosahaku.fi\/index.php?rest_route=\/wp\/v2\/product\/63902","targetHints":{"allow":["GET"]}}],"collection":[{"href":"https:\/\/www.autonvaraosahaku.fi\/index.php?rest_route=\/wp\/v2\/product"}],"about":[{"href":"https:\/\/www.autonvaraosahaku.fi\/index.php?rest_route=\/wp\/v2\/types\/product"}],"wp:attachment":[{"href":"https:\/\/www.autonvaraosahaku.fi\/index.php?rest_route=%2Fwp%2Fv2%2Fmedia&parent=63902"}],"wp:term":[{"taxonomy":"pwb-brand","embeddable":true,"href":"https:\/\/www.autonvaraosahaku.fi\/index.php?rest_route=%2Fwp%2Fv2%2Fpwb-brand&post=63902"},{"taxonomy":"product_cat","embeddable":true,"href":"https:\/\/www.autonvaraosahaku.fi\/index.php?rest_route=%2Fwp%2Fv2%2Fproduct_cat&post=63902"},{"taxonomy":"product_tag","embeddable":true,"href":"https:\/\/www.autonvaraosahaku.fi\/index.php?rest_route=%2Fwp%2Fv2%2Fproduct_tag&post=63902"}],"curies":[{"name":"wp","href":"https:\/\/api.w.org\/{rel}","templated":true}]}}