{"id":63915,"date":"2021-02-21T18:37:04","date_gmt":"2021-02-21T18:37:04","guid":{"rendered":"https:\/\/www.autonvaraosahaku.fi\/?product=ngk-48308-sytytyspuola"},"modified":"2021-02-21T18:37:06","modified_gmt":"2021-02-21T18:37:06","slug":"ngk-48308-sytytyspuola","status":"publish","type":"product","link":"https:\/\/www.autonvaraosahaku.fi\/?product=ngk-48308-sytytyspuola","title":{"rendered":"NGK 48308 Sytytyspuola"},"content":{"rendered":"<p>Sis\u00e4\u00e4n\/ulosmeno aukkojen lukum\u00e4\u00e4r\u00e4: 1; Napojen m\u00e4\u00e4r\u00e4: 2; Sytytyspuola: Liit\u00e4nt\u00e4 M4; Varusteet: ajoneuvoille virranjakajalla; TECDOC-moottorinumero: 296; VW: GOLF II 19E, 1G1,GOLF I Cabriolet 155,TRANSPORTER III Bus,POLO 86C, 80,POLO Coupe 86C, 80,PASSAT 3A2, 35I,CORRADO 53I,JETTA II 19E, 1G2, 165,TRANSPORTER III Kasten,POLO CLASSIC 86C, 80,LT 28-35 I Pritsche\/Fahrgestell 281-363,TRANSPORTER III Pritsche\/Fahrgestell,LT 40-55 I Pritsche\/Fahrgestell 293-909,LT 40-55 I Kasten 291-512; AUDI: 200 44, 44Q,200 Avant 44, 44Q; VOLVO: 940 II Kombi 945,940 Kombi 945,740 Kombi 745,740 744,940 944,760 704, 764,960 Kombi 965,760 Kombi 704, 765,940 II 944,960 964; 71716152, 7612954, 71716152, 7612954, 035905105A, 035905105A, 71716152, 7612954, 71716152, 7612954, 035905105A, 71716152, 7612954, 71716152, 7612954, 035905105A, 035905105A, 13460710, 035905105A<\/p>\n","protected":false},"excerpt":{"rendered":"<p>NGK Sytytyspuola 48308  VW,AUDI,VOLVO,GOLF II 19E, 1G1,GOLF I Cabriolet 155,TRANSPORTER III Bus,POLO 86C, 80,POLO Coupe 86C, 80,PASSAT 3A2, 35I<\/p>\n","protected":false},"featured_media":0,"template":"","meta":{"site-sidebar-layout":"default","site-content-layout":"default","ast-global-header-display":"","ast-main-header-display":"","ast-hfb-above-header-display":"","ast-hfb-below-header-display":"","ast-hfb-mobile-header-display":"","site-post-title":"","ast-breadcrumbs-content":"","ast-featured-img":"","footer-sml-layout":"","theme-transparent-header-meta":"","adv-header-id-meta":"","stick-header-meta":"","header-above-stick-meta":"","header-main-stick-meta":"","header-below-stick-meta":""},"pwb-brand":[189],"product_cat":[25],"product_tag":[],"class_list":{"0":"post-63915","1":"product","2":"type-product","3":"status-publish","5":"pwb-brand-ngk","6":"product_cat-sytytyspuola","7":"desktop-align-left","8":"tablet-align-left","9":"mobile-align-left","11":"first","12":"instock","13":"product-type-external"},"brands":[{"id":189,"name":"NGK","slug":"ngk"}],"_links":{"self":[{"href":"https:\/\/www.autonvaraosahaku.fi\/index.php?rest_route=\/wp\/v2\/product\/63915","targetHints":{"allow":["GET"]}}],"collection":[{"href":"https:\/\/www.autonvaraosahaku.fi\/index.php?rest_route=\/wp\/v2\/product"}],"about":[{"href":"https:\/\/www.autonvaraosahaku.fi\/index.php?rest_route=\/wp\/v2\/types\/product"}],"wp:attachment":[{"href":"https:\/\/www.autonvaraosahaku.fi\/index.php?rest_route=%2Fwp%2Fv2%2Fmedia&parent=63915"}],"wp:term":[{"taxonomy":"pwb-brand","embeddable":true,"href":"https:\/\/www.autonvaraosahaku.fi\/index.php?rest_route=%2Fwp%2Fv2%2Fpwb-brand&post=63915"},{"taxonomy":"product_cat","embeddable":true,"href":"https:\/\/www.autonvaraosahaku.fi\/index.php?rest_route=%2Fwp%2Fv2%2Fproduct_cat&post=63915"},{"taxonomy":"product_tag","embeddable":true,"href":"https:\/\/www.autonvaraosahaku.fi\/index.php?rest_route=%2Fwp%2Fv2%2Fproduct_tag&post=63915"}],"curies":[{"name":"wp","href":"https:\/\/api.w.org\/{rel}","templated":true}]}}