{"id":63917,"date":"2021-02-21T18:37:04","date_gmt":"2021-02-21T18:37:04","guid":{"rendered":"https:\/\/www.autonvaraosahaku.fi\/?product=bilstein-12-226351-jousijalan-tukilaakeri"},"modified":"2021-02-21T18:37:07","modified_gmt":"2021-02-21T18:37:07","slug":"bilstein-12-226351-jousijalan-tukilaakeri","status":"publish","type":"product","link":"https:\/\/www.autonvaraosahaku.fi\/?product=bilstein-12-226351-jousijalan-tukilaakeri","title":{"rendered":"BILSTEIN 12-226351 Jousijalan tukilaakeri"},"content":{"rendered":"<p>Asennuspuoli: Etuakseli; Korvaava tuote\/korvaava tiedote 2: Kuulalaakerilla; Tuotelinja: &#8211; B1 Service Parts; MINI: MINI R56,MINI CLUBMAN R55,MINI Cabriolet R57,MINI COUNTRYMAN R60,MINI Coupe R58,MINI Roadster R59,MINI PACEMAN R61,MINI CLUBVAN R55; 31306772749; Iskarin Yl\u00e4p\u00e4\u00e4,Iskunvaimentimen Yl\u00e4p\u00e4\u00e4<\/p>\n","protected":false},"excerpt":{"rendered":"<p>BILSTEIN Jousijalan Tukilaakeri 12-226351 Iskarin Yl\u00e4p\u00e4\u00e4,Iskunvaimentimen Yl\u00e4p\u00e4\u00e4 MINI,MINI R56,MINI CLUBMAN R55,MINI Cabriolet R57,MINI COUNTRYMAN R60<\/p>\n","protected":false},"featured_media":0,"template":"","meta":{"site-sidebar-layout":"default","site-content-layout":"default","ast-global-header-display":"","ast-main-header-display":"","ast-hfb-above-header-display":"","ast-hfb-below-header-display":"","ast-hfb-mobile-header-display":"","site-post-title":"","ast-breadcrumbs-content":"","ast-featured-img":"","footer-sml-layout":"","theme-transparent-header-meta":"","adv-header-id-meta":"","stick-header-meta":"","header-above-stick-meta":"","header-main-stick-meta":"","header-below-stick-meta":""},"pwb-brand":[114],"product_cat":[45],"product_tag":[],"class_list":{"0":"post-63917","1":"product","2":"type-product","3":"status-publish","5":"pwb-brand-bilstein","6":"product_cat-jousijalan-tukilaakeri","7":"desktop-align-left","8":"tablet-align-left","9":"mobile-align-left","11":"first","12":"instock","13":"product-type-external"},"brands":[{"id":114,"name":"BILSTEIN","slug":"bilstein"}],"_links":{"self":[{"href":"https:\/\/www.autonvaraosahaku.fi\/index.php?rest_route=\/wp\/v2\/product\/63917","targetHints":{"allow":["GET"]}}],"collection":[{"href":"https:\/\/www.autonvaraosahaku.fi\/index.php?rest_route=\/wp\/v2\/product"}],"about":[{"href":"https:\/\/www.autonvaraosahaku.fi\/index.php?rest_route=\/wp\/v2\/types\/product"}],"wp:attachment":[{"href":"https:\/\/www.autonvaraosahaku.fi\/index.php?rest_route=%2Fwp%2Fv2%2Fmedia&parent=63917"}],"wp:term":[{"taxonomy":"pwb-brand","embeddable":true,"href":"https:\/\/www.autonvaraosahaku.fi\/index.php?rest_route=%2Fwp%2Fv2%2Fpwb-brand&post=63917"},{"taxonomy":"product_cat","embeddable":true,"href":"https:\/\/www.autonvaraosahaku.fi\/index.php?rest_route=%2Fwp%2Fv2%2Fproduct_cat&post=63917"},{"taxonomy":"product_tag","embeddable":true,"href":"https:\/\/www.autonvaraosahaku.fi\/index.php?rest_route=%2Fwp%2Fv2%2Fproduct_tag&post=63917"}],"curies":[{"name":"wp","href":"https:\/\/api.w.org\/{rel}","templated":true}]}}