{"id":63929,"date":"2021-02-21T18:37:09","date_gmt":"2021-02-21T18:37:09","guid":{"rendered":"https:\/\/www.autonvaraosahaku.fi\/?product=spidan-190963-vetonivelen-suojakumi"},"modified":"2021-02-21T18:37:10","modified_gmt":"2021-02-21T18:37:10","slug":"spidan-190963-vetonivelen-suojakumi","status":"publish","type":"product","link":"https:\/\/www.autonvaraosahaku.fi\/?product=spidan-190963-vetonivelen-suojakumi","title":{"rendered":"SPIDAN 190963 Vetonivelen suojakumi"},"content":{"rendered":"<p>Sis\u00e4l\u00e4pimitta 1 alkaen [mm]: 23; Sis\u00e4l\u00e4pimitta 1 enint\u00e4\u00e4n [mm]: 25; Sis\u00e4l\u00e4pimitta 2 alkaen [mm]: 76; Sis\u00e4l\u00e4pimitta 2 enint\u00e4\u00e4n [mm]: 79; Korkeus (mm): 80; Paljekumin materiaali: Neopreni; Versio: FlexBoot; Uusi osa: ; Asennuspuoli: radseitig; VW: PASSAT Variant 3B6,GOLF III 1H1,PASSAT Variant 3B5,PASSAT 3B2,PASSAT 3B3; AUDI: A4 8D2, B5,A6 Avant 4B5, C5,A4 Avant 8D5, B5,A6 4B2, C5; OPEL: ASTRA F Cabriolet 53_B,FRONTERA A Sport 5_SUD2,FRONTERA A 5_MWL4,CAMPO TF_,COMMODORE B Coupe,ASTRA K,ASTRA K Caravan,ASTRA CLASSIC Caravan,ASTRA CLASSIC L48; FORD: MONDEO V Turnier,S-MAX,MONDEO V Stufenheck,GALAXY,MONDEO V Schr\u00e4gheck; RENAULT: SC\u00c9NIC II JM0\/1_,MODUS \/ GRAND MODUS F\/JP0_,KANGOO \/ GRAND KANGOO KW0\/1_,GRAND SC\u00c9NIC II JM0\/1_,KANGOO Express FW0\/1_,KANGOO BE BOP KW0\/1_,MASTER I Kasten T__,MASTER I Bus T__; FIAT: DUCATO Kasten 244,DUCATO Pritsche\/Fahrgestell 244,DUCATO Pritsche\/Fahrgestell 290,DUCATO Pritsche\/Fahrgestell 280,ULYSSE 179AX,DUCATO Bus 244, Z_,ULYSSE 220,SCUDO Kasten 220L,SCUDO Combinato 220P,TIPO 160,CROMA 154,TEMPRA 159,TEMPRA S.W. 159,SCUDO Pritsche\/Fahrgestell 220_; SKODA: SUPERB 3U4; PEUGEOT: 807 E,607 9D, 9U,406 Break 8E\/F,406 Coupe 8C,406 8B,806 221,EXPERT Kasten 222,605 6B,EXPERT 224,EXPERT Pritsche\/Fahrgestell 223,J9 Kasten,J9 Pritsche\/Fahrgestell; SEAT: IBIZA II 6K1,CORDOBA 6K1, 6K2; TOYOTA: CELICA ZZT23_,MR 2 III ZZW3_,HIACE IV Bus LH1_,HIACE IV Kasten LXH1_, RZH1_, LH1_,CARINA II _T17_,CAMRY _CV1_, _XV1_, _V1_,CARINA II Stufenheck _T17_,SIENNA ASL3_, GSL3_,CAMRY Stufenheck _XV4_,CAMRY _V2_,CAMRY Stufenheck AVV5_, XV5_,CARINA II Station Wagon _T17_,CAMRY Station Wagon _V2_; Vetoakselin Suojakumi,Paljekumi, Vetoakseli<\/p>\n","protected":false},"excerpt":{"rendered":"<p>SPIDAN Vetonivelen Suojakumi 190963 Vetoakselin Suojakumi,Paljekumi, Vetoakseli VW,AUDI,OPEL,PASSAT Variant 3B6,GOLF III 1H1,PASSAT Variant 3B5<\/p>\n","protected":false},"featured_media":0,"template":"","meta":{"site-sidebar-layout":"default","site-content-layout":"default","ast-global-header-display":"","ast-main-header-display":"","ast-hfb-above-header-display":"","ast-hfb-below-header-display":"","ast-hfb-mobile-header-display":"","site-post-title":"","ast-breadcrumbs-content":"","ast-featured-img":"","footer-sml-layout":"","theme-transparent-header-meta":"","adv-header-id-meta":"","stick-header-meta":"","header-above-stick-meta":"","header-main-stick-meta":"","header-below-stick-meta":""},"pwb-brand":[411],"product_cat":[42],"product_tag":[],"class_list":{"0":"post-63929","1":"product","2":"type-product","3":"status-publish","5":"pwb-brand-spidan","6":"product_cat-vetonivelen-suojakumi","7":"desktop-align-left","8":"tablet-align-left","9":"mobile-align-left","11":"first","12":"instock","13":"product-type-external"},"brands":[{"id":411,"name":"SPIDAN","slug":"spidan"}],"_links":{"self":[{"href":"https:\/\/www.autonvaraosahaku.fi\/index.php?rest_route=\/wp\/v2\/product\/63929","targetHints":{"allow":["GET"]}}],"collection":[{"href":"https:\/\/www.autonvaraosahaku.fi\/index.php?rest_route=\/wp\/v2\/product"}],"about":[{"href":"https:\/\/www.autonvaraosahaku.fi\/index.php?rest_route=\/wp\/v2\/types\/product"}],"wp:attachment":[{"href":"https:\/\/www.autonvaraosahaku.fi\/index.php?rest_route=%2Fwp%2Fv2%2Fmedia&parent=63929"}],"wp:term":[{"taxonomy":"pwb-brand","embeddable":true,"href":"https:\/\/www.autonvaraosahaku.fi\/index.php?rest_route=%2Fwp%2Fv2%2Fpwb-brand&post=63929"},{"taxonomy":"product_cat","embeddable":true,"href":"https:\/\/www.autonvaraosahaku.fi\/index.php?rest_route=%2Fwp%2Fv2%2Fproduct_cat&post=63929"},{"taxonomy":"product_tag","embeddable":true,"href":"https:\/\/www.autonvaraosahaku.fi\/index.php?rest_route=%2Fwp%2Fv2%2Fproduct_tag&post=63929"}],"curies":[{"name":"wp","href":"https:\/\/api.w.org\/{rel}","templated":true}]}}