{"id":63934,"date":"2021-02-21T18:37:09","date_gmt":"2021-02-21T18:37:09","guid":{"rendered":"https:\/\/www.autonvaraosahaku.fi\/?product=purflux-l121-hydrauliikkasuodatin"},"modified":"2021-02-21T18:37:11","modified_gmt":"2021-02-21T18:37:11","slug":"purflux-l121-hydrauliikkasuodatin","status":"publish","type":"product","link":"https:\/\/www.autonvaraosahaku.fi\/?product=purflux-l121-hydrauliikkasuodatin","title":{"rendered":"PURFLUX L121 Hydrauliikkasuodatin"},"content":{"rendered":"<p>Ulkol\u00e4pimitta [mm]: 59; Sis\u00e4l\u00e4pimitta [mm]: 18; Korkeus (mm): 100; Varusteet: f\u00fcr Fahrzeuge mit Servolenkung; BMW: 02 E10,02 Touring E6,02 Cabriolet E10; IVECO: DAILY IV Kasten\/Kombi,DAILY III Pritsche\/Fahrgestell,DAILY III Kasten\/Kombi,DAILY IV Pritsche\/Fahrgestell,DAILY II Pritsche\/Fahrgestell,DAILY II Kasten\/Kombi,DAILY I Pritsche\/Fahrgestell,DAILY IV Kipper,DAILY II Bus,DAILY I Kasten\/Kombi,DAILY II Kipper; MERCEDES-BENZ: VARIO Kasten\/Kombi,VARIO Pritsche\/Fahrgestell,SL W121,VARIO Kipper,VARIO Bus,VARIO Triebkopf,GLS X166; RENAULT TRUCKS: MASCOTT Pritsche\/Fahrgestell,MASCOTT Kasten\/Kombi; AC102, AC165, AC61, AC621, FF3, 0661135, 0661160, 11420661135, 11421256260, 11507425104, 32411120717, 0229348, 229348, 349619, 905480, 0001902137, 01902137, 1902137, 1908492, 2696621, 2966251, 2966261, 42559501, 45481348, 9914553, 5000674, 5000675, 5000676, 5011425, A700X6744A, A700X6744AA, A700X6744GA, A730X6731AA, A730X6731BA, A730X6731CA, A830X6731BA, 81473016005, 0000940404, 0001842225, 0001842325, 0001844701, 0001844901, 0001845801, 0001846301, 0004660204, 0004660404, 0004660604, 0004662804, 0011842225, 2889829M91, 371912793, 480A470060, 480A4700748, 480A470748, 5011070580, 5011070581, 5011088831, 5011088832, A0000940404, A0001842225, A0001842325, A0001844701, A0001844901, A0001845801, A0001846301, A0004660204, A0004660404, A0004660604, A0004662804, A0011842225, A2889829M91, A371912793, A480A470060, A480A4700748, A480A470748, A5011070580, A5011070581, A5011088831, A5011088832, 5000814407, 5000820895, 5001871595, 8499135552, 0229348, 229348, 905480, BBU5866, lal1737, 150354, 1534&#8230;<\/p>\n","protected":false},"excerpt":{"rendered":"<p>PURFLUX Hydrauliikkasuodatin, Ohjaus L121  BMW,IVECO,MERCEDES-BENZ,02 E10,02 Touring E6,02 Cabriolet E10,DAILY IV Kasten\/Kombi<\/p>\n","protected":false},"featured_media":0,"template":"","meta":{"site-sidebar-layout":"default","site-content-layout":"default","ast-global-header-display":"","ast-main-header-display":"","ast-hfb-above-header-display":"","ast-hfb-below-header-display":"","ast-hfb-mobile-header-display":"","site-post-title":"","ast-breadcrumbs-content":"","ast-featured-img":"","footer-sml-layout":"","theme-transparent-header-meta":"","adv-header-id-meta":"","stick-header-meta":"","header-above-stick-meta":"","header-main-stick-meta":"","header-below-stick-meta":""},"pwb-brand":[303],"product_cat":[104],"product_tag":[],"class_list":{"0":"post-63934","1":"product","2":"type-product","3":"status-publish","5":"pwb-brand-purflux","6":"product_cat-hydrauliikkasuodatin","7":"desktop-align-left","8":"tablet-align-left","9":"mobile-align-left","11":"first","12":"instock","13":"product-type-external"},"brands":[{"id":303,"name":"PURFLUX","slug":"purflux"}],"_links":{"self":[{"href":"https:\/\/www.autonvaraosahaku.fi\/index.php?rest_route=\/wp\/v2\/product\/63934","targetHints":{"allow":["GET"]}}],"collection":[{"href":"https:\/\/www.autonvaraosahaku.fi\/index.php?rest_route=\/wp\/v2\/product"}],"about":[{"href":"https:\/\/www.autonvaraosahaku.fi\/index.php?rest_route=\/wp\/v2\/types\/product"}],"wp:attachment":[{"href":"https:\/\/www.autonvaraosahaku.fi\/index.php?rest_route=%2Fwp%2Fv2%2Fmedia&parent=63934"}],"wp:term":[{"taxonomy":"pwb-brand","embeddable":true,"href":"https:\/\/www.autonvaraosahaku.fi\/index.php?rest_route=%2Fwp%2Fv2%2Fpwb-brand&post=63934"},{"taxonomy":"product_cat","embeddable":true,"href":"https:\/\/www.autonvaraosahaku.fi\/index.php?rest_route=%2Fwp%2Fv2%2Fproduct_cat&post=63934"},{"taxonomy":"product_tag","embeddable":true,"href":"https:\/\/www.autonvaraosahaku.fi\/index.php?rest_route=%2Fwp%2Fv2%2Fproduct_tag&post=63934"}],"curies":[{"name":"wp","href":"https:\/\/api.w.org\/{rel}","templated":true}]}}