{"id":63938,"date":"2021-02-21T18:37:09","date_gmt":"2021-02-21T18:37:09","guid":{"rendered":"https:\/\/www.autonvaraosahaku.fi\/?product=original-imperium-37396-moottorin-kumityyny"},"modified":"2021-02-21T18:37:12","modified_gmt":"2021-02-21T18:37:12","slug":"original-imperium-37396-moottorin-kumityyny","status":"publish","type":"product","link":"https:\/\/www.autonvaraosahaku.fi\/?product=original-imperium-37396-moottorin-kumityyny","title":{"rendered":"ORIGINAL IMPERIUM 37396 Moottorin kumityyny"},"content":{"rendered":"<p>Kiinnitysmalli: Kumimetallilaakeri; Tarvittava kappalem\u00e4\u00e4r\u00e4: 1; Paino [g]: 1272; Asennuspuoli: Takana; Moottorinumero: BNM; VW: POLO 9N_,POLO 6R, 6C,FOX 5Z1, 5Z3,POLO Stufenheck 9A4; AUDI: A1 8X1, 8XF,A1 Sportback 8XA, 8XK; SKODA: FABIA Combi 6Y5,FABIA,FABIA 6Y2,FABIA Combi,ROOMSTER 5J,RAPID Spaceback NH1,FABIA Stufenheck 6Y3,ROOMSTER Praktik 5J,RAPID NH3,FABIA Praktik; SEAT: IBIZA IV 6L1,IBIZA V 6J5, 6P5,IBIZA V ST 6J8, 6P8,IBIZA V SPORTCOUPE 6J1, 6P1,CORDOBA 6L2; 6Q0199851AA, 6Q0199851AC, 6Q0199851AG, 6Q0199851AP, 6Q0199851AQ, 6Q0199851AR, 6Q0199851E, 6Q0199851AA, 6Q0199851AC, 6Q0199851AG, 6Q0199851AP, 6Q0199851AQ, 6Q0199851AR, 6Q0199851E, 6Q0199851AA, 6Q0199851AC, 6Q0199851AG, 6Q0199851AP, 6Q0199851AQ, 6Q0199851AR, 6Q0199851E, 6Q0199851AA, 6Q0199851AC, 6Q0199851AG, 6Q0199851AP, 6Q0199851AQ, 6Q0199851AR, 6Q0199851E; Moottorin Tukikumit,Moottorin Tuki<\/p>\n","protected":false},"excerpt":{"rendered":"<p>ORIGINAL IMPERIUM Moottorin Kumityyny 37396 Moottorin Tukikumit,Moottorin Tuki VW,AUDI,SKODA,POLO 9N_,POLO 6R, 6C,FOX 5Z1, 5Z3,POLO Stufenheck 9A4<\/p>\n","protected":false},"featured_media":0,"template":"","meta":{"site-sidebar-layout":"default","site-content-layout":"default","ast-global-header-display":"","ast-main-header-display":"","ast-hfb-above-header-display":"","ast-hfb-below-header-display":"","ast-hfb-mobile-header-display":"","site-post-title":"","ast-breadcrumbs-content":"","ast-featured-img":"","footer-sml-layout":"","theme-transparent-header-meta":"","adv-header-id-meta":"","stick-header-meta":"","header-above-stick-meta":"","header-main-stick-meta":"","header-below-stick-meta":""},"pwb-brand":[72],"product_cat":[74],"product_tag":[],"class_list":{"0":"post-63938","1":"product","2":"type-product","3":"status-publish","5":"pwb-brand-original-imperium","6":"product_cat-moottorin-kumityyny","7":"desktop-align-left","8":"tablet-align-left","9":"mobile-align-left","11":"first","12":"instock","13":"product-type-external"},"brands":[{"id":72,"name":"ORIGINAL IMPERIUM","slug":"original-imperium"}],"_links":{"self":[{"href":"https:\/\/www.autonvaraosahaku.fi\/index.php?rest_route=\/wp\/v2\/product\/63938","targetHints":{"allow":["GET"]}}],"collection":[{"href":"https:\/\/www.autonvaraosahaku.fi\/index.php?rest_route=\/wp\/v2\/product"}],"about":[{"href":"https:\/\/www.autonvaraosahaku.fi\/index.php?rest_route=\/wp\/v2\/types\/product"}],"wp:attachment":[{"href":"https:\/\/www.autonvaraosahaku.fi\/index.php?rest_route=%2Fwp%2Fv2%2Fmedia&parent=63938"}],"wp:term":[{"taxonomy":"pwb-brand","embeddable":true,"href":"https:\/\/www.autonvaraosahaku.fi\/index.php?rest_route=%2Fwp%2Fv2%2Fpwb-brand&post=63938"},{"taxonomy":"product_cat","embeddable":true,"href":"https:\/\/www.autonvaraosahaku.fi\/index.php?rest_route=%2Fwp%2Fv2%2Fproduct_cat&post=63938"},{"taxonomy":"product_tag","embeddable":true,"href":"https:\/\/www.autonvaraosahaku.fi\/index.php?rest_route=%2Fwp%2Fv2%2Fproduct_tag&post=63938"}],"curies":[{"name":"wp","href":"https:\/\/api.w.org\/{rel}","templated":true}]}}