{"id":63944,"date":"2021-02-21T18:37:14","date_gmt":"2021-02-21T18:37:14","guid":{"rendered":"https:\/\/www.autonvaraosahaku.fi\/?product=monroe-l10629-koiranluu"},"modified":"2021-02-21T18:37:14","modified_gmt":"2021-02-21T18:37:14","slug":"monroe-l10629-koiranluu","status":"publish","type":"product","link":"https:\/\/www.autonvaraosahaku.fi\/?product=monroe-l10629-koiranluu","title":{"rendered":"MONROE L10629 Koiranluu"},"content":{"rendered":"<p>Pituus (mm): 300; Paino [kg]: 0,600; Tarvittava kappalem\u00e4\u00e4r\u00e4: 1; Kierremitta: M12x1,25\/M12x1,25; Tanko \/ tuki: Yhdystanko; Pakkauspituus [cm]: 43,5; Pakkausleveys [cm]: 7,5; Pakkauskorkeus [mm]: 4; Valmistusvuosi alkaen: 09\/2007; NISSAN: QASHQAI \/ QASHQAI +2 J10, JJ10,X-TRAIL T31,MURANO Z51,QASHQAI J11, J11_,X-TRAIL T32,TEANA II J32; RENAULT: KOLEOS HY_,KOLEOS II; 546181AA0A, 546181AA0E, 546184CB0A, 54618JD00A, 546181AA0A, 546184CB0A, 54618JD00A; Kallistuksenvakaajan Yhdystanko,Tanko, Kallistuksenvaimennin<\/p>\n","protected":false},"excerpt":{"rendered":"<p>MONROE Koiranluu L10629 Kallistuksenvakaajan Yhdystanko,Tanko, Kallistuksenvaimennin NISSAN,RENAULT,QASHQAI \/ QASHQAI +2 J10, JJ10,X-TRAIL T31<\/p>\n","protected":false},"featured_media":0,"template":"","meta":{"site-sidebar-layout":"default","site-content-layout":"default","ast-global-header-display":"","ast-main-header-display":"","ast-hfb-above-header-display":"","ast-hfb-below-header-display":"","ast-hfb-mobile-header-display":"","site-post-title":"","ast-breadcrumbs-content":"","ast-featured-img":"","footer-sml-layout":"","theme-transparent-header-meta":"","adv-header-id-meta":"","stick-header-meta":"","header-above-stick-meta":"","header-main-stick-meta":"","header-below-stick-meta":""},"pwb-brand":[79],"product_cat":[38],"product_tag":[],"class_list":{"0":"post-63944","1":"product","2":"type-product","3":"status-publish","5":"pwb-brand-monroe","6":"product_cat-koiranluu","7":"desktop-align-left","8":"tablet-align-left","9":"mobile-align-left","11":"first","12":"instock","13":"product-type-external"},"brands":[{"id":79,"name":"MONROE","slug":"monroe"}],"_links":{"self":[{"href":"https:\/\/www.autonvaraosahaku.fi\/index.php?rest_route=\/wp\/v2\/product\/63944","targetHints":{"allow":["GET"]}}],"collection":[{"href":"https:\/\/www.autonvaraosahaku.fi\/index.php?rest_route=\/wp\/v2\/product"}],"about":[{"href":"https:\/\/www.autonvaraosahaku.fi\/index.php?rest_route=\/wp\/v2\/types\/product"}],"wp:attachment":[{"href":"https:\/\/www.autonvaraosahaku.fi\/index.php?rest_route=%2Fwp%2Fv2%2Fmedia&parent=63944"}],"wp:term":[{"taxonomy":"pwb-brand","embeddable":true,"href":"https:\/\/www.autonvaraosahaku.fi\/index.php?rest_route=%2Fwp%2Fv2%2Fpwb-brand&post=63944"},{"taxonomy":"product_cat","embeddable":true,"href":"https:\/\/www.autonvaraosahaku.fi\/index.php?rest_route=%2Fwp%2Fv2%2Fproduct_cat&post=63944"},{"taxonomy":"product_tag","embeddable":true,"href":"https:\/\/www.autonvaraosahaku.fi\/index.php?rest_route=%2Fwp%2Fv2%2Fproduct_tag&post=63944"}],"curies":[{"name":"wp","href":"https:\/\/api.w.org\/{rel}","templated":true}]}}