{"id":63957,"date":"2021-02-21T18:37:14","date_gmt":"2021-02-21T18:37:14","guid":{"rendered":"https:\/\/www.autonvaraosahaku.fi\/?product=ridex-5j0033-vetonivel"},"modified":"2021-02-21T18:37:17","modified_gmt":"2021-02-21T18:37:17","slug":"ridex-5j0033-vetonivel","status":"publish","type":"product","link":"https:\/\/www.autonvaraosahaku.fi\/?product=ridex-5j0033-vetonivel","title":{"rendered":"RIDEX 5J0033 Vetonivel"},"content":{"rendered":"<p>Ulkohammastus, py\u00f6r\u00e4npuoli: 23; Sis\u00e4hammastus, py\u00f6r\u00e4npuoli: 19; Materiaali: Kumi; Nivelmalli: Vakionopeusnivel; Tiivisteen l\u00e4pimitta [mm]: 48; Ulkol\u00e4pimitta [mm]: 72; Mekaanisesti ty\u00f6stetty: Sokkauralla sis\u00e4osassa; Kierremitta: M20x1,5; Asennuspuoli: radseitig; NISSAN: MICRA II K11; 3910041B00, 3910041B05, 3910041F100, 3910041F400, 3910045B00, 391004F100, 3910141B00, 3910141B05, 3910141F100, 3910141F400, 3910145B00, 391014F100, 392114F125; Nivelsarja, Vetoakseli<\/p>\n","protected":false},"excerpt":{"rendered":"<p>RIDEX Vetonivel 5J0033 Nivelsarja, Vetoakseli NISSAN,MICRA II K11<\/p>\n","protected":false},"featured_media":0,"template":"","meta":{"site-sidebar-layout":"default","site-content-layout":"default","ast-global-header-display":"","ast-main-header-display":"","ast-hfb-above-header-display":"","ast-hfb-below-header-display":"","ast-hfb-mobile-header-display":"","site-post-title":"","ast-breadcrumbs-content":"","ast-featured-img":"","footer-sml-layout":"","theme-transparent-header-meta":"","adv-header-id-meta":"","stick-header-meta":"","header-above-stick-meta":"","header-main-stick-meta":"","header-below-stick-meta":""},"pwb-brand":[157],"product_cat":[175],"product_tag":[],"class_list":{"0":"post-63957","1":"product","2":"type-product","3":"status-publish","5":"pwb-brand-ridex","6":"product_cat-vetonivel","7":"desktop-align-left","8":"tablet-align-left","9":"mobile-align-left","11":"first","12":"instock","13":"product-type-external"},"brands":[{"id":157,"name":"RIDEX","slug":"ridex"}],"_links":{"self":[{"href":"https:\/\/www.autonvaraosahaku.fi\/index.php?rest_route=\/wp\/v2\/product\/63957","targetHints":{"allow":["GET"]}}],"collection":[{"href":"https:\/\/www.autonvaraosahaku.fi\/index.php?rest_route=\/wp\/v2\/product"}],"about":[{"href":"https:\/\/www.autonvaraosahaku.fi\/index.php?rest_route=\/wp\/v2\/types\/product"}],"wp:attachment":[{"href":"https:\/\/www.autonvaraosahaku.fi\/index.php?rest_route=%2Fwp%2Fv2%2Fmedia&parent=63957"}],"wp:term":[{"taxonomy":"pwb-brand","embeddable":true,"href":"https:\/\/www.autonvaraosahaku.fi\/index.php?rest_route=%2Fwp%2Fv2%2Fpwb-brand&post=63957"},{"taxonomy":"product_cat","embeddable":true,"href":"https:\/\/www.autonvaraosahaku.fi\/index.php?rest_route=%2Fwp%2Fv2%2Fproduct_cat&post=63957"},{"taxonomy":"product_tag","embeddable":true,"href":"https:\/\/www.autonvaraosahaku.fi\/index.php?rest_route=%2Fwp%2Fv2%2Fproduct_tag&post=63957"}],"curies":[{"name":"wp","href":"https:\/\/api.w.org\/{rel}","templated":true}]}}