{"id":63961,"date":"2021-02-21T18:37:14","date_gmt":"2021-02-21T18:37:14","guid":{"rendered":"https:\/\/www.autonvaraosahaku.fi\/?product=ridex-1260w0145-vesipumppu"},"modified":"2021-02-21T18:37:18","modified_gmt":"2021-02-21T18:37:18","slug":"ridex-1260w0145-vesipumppu","status":"publish","type":"product","link":"https:\/\/www.autonvaraosahaku.fi\/?product=ridex-1260w0145-vesipumppu","title":{"rendered":"RIDEX 1260W0145 Vesipumppu"},"content":{"rendered":"<p>Lis\u00e4tarvike\/lis\u00e4tieto: Tiivisteill\u00e4; Hihnapy\u00f6r\u00e4t: \u0441 \u0440\u0435\u043c\u0451\u043d\u043d\u044b\u043c \u0448\u043a\u0438\u0432\u043e\u043c; Siipien m\u00e4\u00e4r\u00e4: 8; Vesipumpputyyppi: Hammashihnavedolle; Hihnapy\u00f6r\u00e4-\u00d8[mm]: 56,2; Valmistusvuosi alkaen: 03\/2010; VOLVO: V50 MW,V70 III BW,C30,S40 II MS,C70 II Cabriolet,S80 II AS; LANCIA: PHEDRA 179; FORD: FOCUS II Kombi DA_,MONDEO IV Turnier BA7,FOCUS II DA_,S-MAX WA6,FOCUS C-MAX,GALAXY WA6,KUGA I,C-MAX DM2,MONDEO IV BA7,GRAND C-MAX,FOCUS II Stufenheck DA_,FOCUS II Cabriolet,MONDEO IV Stufenheck BA7; FIAT: SCUDO 270_,ULYSSE 179AX,SCUDO Kasten 270_,SCUDO Pritsche\/Fahrgestell 270_; CITRO\u00cbN: C5 III Break TD_,C4 Picasso I UD_,C4 Grand Picasso I UA_,C8 EA_, EB_,C4 I LC_,C5 II Break RE_,C5 I DC_,C5 I Break DE_,C5 III RD_,C4 Coupe LA_,C5 II RC_,JUMPY,JUMPER Kasten 244,JUMPY Kasten,JUMPER Bus 244, Z_,JUMPER Pritsche\/Fahrgestell 244; PEUGEOT: 307 SW 3H,307 CC 3B,407 SW 6E_,307 3A\/C,308 SW,807 E,308 4A_, 4C_,5008,307 Break 3E,508 SW,607 9D, 9U,407 6D_,406 Break 8E\/F,308 CC,406 Coupe 8C,406 8B,508,407 Coupe 6C_,EXPERT Tepee VF3V_,EXPERT Kasten VF3A_, VF3U_, VF3X_,BOXER Kasten 244,BOXER Bus 244, Z_,BOXER Pritsche\/Fahrgestell 244,EXPERT Pritsche\/Fahrgestell; PA7409, 120000000000, 120100000000, 1201E8, 1232499, 1609402180, 30725831, 8653806, 1232499, 30725831, 9463623088, 1232499, 1432630, 1562255, 1707009, 30725831, 30725831, 9463623088, 120000000000, 120100000000, 1201E8, 30725831, 9463623088, 30725831, 8653806<\/p>\n","protected":false},"excerpt":{"rendered":"<p>RIDEX Vesipumppu 1260W0145  VOLVO,LANCIA,FORD,V50 MW,V70 III BW,C30,S40 II MS,C70 II Cabriolet,S80 II AS,PHEDRA 179,FOCUS II Kombi DA_<\/p>\n","protected":false},"featured_media":0,"template":"","meta":{"site-sidebar-layout":"default","site-content-layout":"default","ast-global-header-display":"","ast-main-header-display":"","ast-hfb-above-header-display":"","ast-hfb-below-header-display":"","ast-hfb-mobile-header-display":"","site-post-title":"","ast-breadcrumbs-content":"","ast-featured-img":"","footer-sml-layout":"","theme-transparent-header-meta":"","adv-header-id-meta":"","stick-header-meta":"","header-above-stick-meta":"","header-main-stick-meta":"","header-below-stick-meta":""},"pwb-brand":[157],"product_cat":[279],"product_tag":[],"class_list":{"0":"post-63961","1":"product","2":"type-product","3":"status-publish","5":"pwb-brand-ridex","6":"product_cat-vesipumppu","7":"desktop-align-left","8":"tablet-align-left","9":"mobile-align-left","11":"first","12":"instock","13":"product-type-external"},"brands":[{"id":157,"name":"RIDEX","slug":"ridex"}],"_links":{"self":[{"href":"https:\/\/www.autonvaraosahaku.fi\/index.php?rest_route=\/wp\/v2\/product\/63961","targetHints":{"allow":["GET"]}}],"collection":[{"href":"https:\/\/www.autonvaraosahaku.fi\/index.php?rest_route=\/wp\/v2\/product"}],"about":[{"href":"https:\/\/www.autonvaraosahaku.fi\/index.php?rest_route=\/wp\/v2\/types\/product"}],"wp:attachment":[{"href":"https:\/\/www.autonvaraosahaku.fi\/index.php?rest_route=%2Fwp%2Fv2%2Fmedia&parent=63961"}],"wp:term":[{"taxonomy":"pwb-brand","embeddable":true,"href":"https:\/\/www.autonvaraosahaku.fi\/index.php?rest_route=%2Fwp%2Fv2%2Fpwb-brand&post=63961"},{"taxonomy":"product_cat","embeddable":true,"href":"https:\/\/www.autonvaraosahaku.fi\/index.php?rest_route=%2Fwp%2Fv2%2Fproduct_cat&post=63961"},{"taxonomy":"product_tag","embeddable":true,"href":"https:\/\/www.autonvaraosahaku.fi\/index.php?rest_route=%2Fwp%2Fv2%2Fproduct_tag&post=63961"}],"curies":[{"name":"wp","href":"https:\/\/api.w.org\/{rel}","templated":true}]}}