{"id":63963,"date":"2021-02-21T18:37:20","date_gmt":"2021-02-21T18:37:20","guid":{"rendered":"https:\/\/www.autonvaraosahaku.fi\/?product=ravenol-1111121-001-01-999-moottorioljy"},"modified":"2021-02-21T18:37:20","modified_gmt":"2021-02-21T18:37:20","slug":"ravenol-1111121-001-01-999-moottorioljy","status":"publish","type":"product","link":"https:\/\/www.autonvaraosahaku.fi\/?product=ravenol-1111121-001-01-999-moottorioljy","title":{"rendered":"RAVENOL 1111121-001-01-999 Moottori\u00f6ljy"},"content":{"rendered":"<p>Viskositeettiluokka SAE: 5W-30; Erittely: ACEA C4, API SM; Tilavuus (litra): 1; Valmistajan hyv\u00e4ksym\u00e4: Renault RN0720; \u00d6ljy: Synteettinen \u00f6ljy; Tuotelinja: HDS; MAZDA: CX-5 KE, GH,3 BM,3 Stufenheck BM,CX-9 TB; CHEVROLET: MATIZ M200, M250; JEEP: GRAND CHEROKEE II WJ, WG,CHEROKEE KJ,WRANGLER II TJ; NISSAN: QASHQAI \/ QASHQAI +2 J10, JJ10,NOTE E11,NAVARA D40,JUKE F15,PATHFINDER R51,X-TRAIL T31,MICRA IV K13,PIXO UA0,NV200 EVALIA,NAVARA Pritsche\/Fahrgestell D40,NOTE E12,NV200 Kasten,MURANO Z51,CUBE Z12,QASHQAI J11, J11_,NV400 Kasten,X-TRAIL T32,PULSAR Schr\u00e4gheck C13,NV400 Bus,NAVARA Pick-up D23,NV400 Pritsche\/Fahrgestell,NV300 Kasten X82,NV300 Kombi X82; KIA: PICANTO BA,SPORTAGE SL,CEE&#8217;D SW ED,CEE&#8217;D Schr\u00e4gheck ED,SORENTO II XM,RIO III UB,CEE&#8217;D JD,CARENS III UN,PICANTO TA,CEE`D Sportswagon JD,PRO CEE&#8217;D ED,SOUL AM,PRO CEE\u00b4D JD,OPTIMA,CERATO II Stufenheck TD,OPTIMA Sportswagon; LEXUS: IS II GSE2_, ALE2_, USE2_,RX MHU3_, GSU3_, MCU3_,IS I JCE1_, GXE1_,GS GRS19_, UZS19_, GWS19_,RX GYL1_, GGL15, AGL10,CT ZWA1_,GS UZS161, JZS160,IS SportCross,RX MCU15,IS III GSE3_, AVE3_,LS UVF4_, USF4_,GS GRL1_, GWL1_,SC UZZ40_,LS UCF30,IS C GSE2_,NX ZGZ1_, AGZ1_, AYZ1_,RC GSC1_, USC1_; FORD USA: MUSTANG Coupe,MUSTANG Convertible,EXPLORER,EXPEDITION,THUNDERBIRD Cabriolet; HONDA: JAZZ II GD,CIVIC VII Hatchback EU, EP, EV,ACCORD VII CL,ACCORD VII Tourer CM,CIVIC VII Coupe EM2,JAZZ Stufenheck,CIVIC VII Stufenheck ES,CITY Stufenheck GD8\/GD9; LAND ROVER: RANGE ROVER SPORT LW; HYUNDAI: ix35 LM, EL, ELH,i30 FD,i10 PA,i20 PB, PBT,TUCSON JM,i30 CW FD,i40 CW VF,SANTA F\u00c9 II CM,ix20 JC,COUPE GK,TRAJET FO,ix55,SONATA IV EF,GENESIS Coupe,COUPE RD,i40 VF,ELANTRA XD,ELANTRA Stufenheck XD,LANTRA II Wagon J-2,LANTRA II J-2,SONATA III Y-3,i10 IA,SONATA II Y-2,i10 Stufenheck<\/p>\n","protected":false},"excerpt":{"rendered":"<p>RAVENOL Moottori\u00f6ljy 1111121-001-01-999<\/p>\n","protected":false},"featured_media":0,"template":"","meta":{"site-sidebar-layout":"default","site-content-layout":"default","ast-global-header-display":"","ast-main-header-display":"","ast-hfb-above-header-display":"","ast-hfb-below-header-display":"","ast-hfb-mobile-header-display":"","site-post-title":"","ast-breadcrumbs-content":"","ast-featured-img":"","footer-sml-layout":"","theme-transparent-header-meta":"","adv-header-id-meta":"","stick-header-meta":"","header-above-stick-meta":"","header-main-stick-meta":"","header-below-stick-meta":""},"pwb-brand":[130],"product_cat":[129],"product_tag":[],"class_list":{"0":"post-63963","1":"product","2":"type-product","3":"status-publish","5":"pwb-brand-ravenol","6":"product_cat-moottorioljy","7":"desktop-align-left","8":"tablet-align-left","9":"mobile-align-left","11":"first","12":"instock","13":"product-type-external"},"brands":[{"id":130,"name":"RAVENOL","slug":"ravenol"}],"_links":{"self":[{"href":"https:\/\/www.autonvaraosahaku.fi\/index.php?rest_route=\/wp\/v2\/product\/63963","targetHints":{"allow":["GET"]}}],"collection":[{"href":"https:\/\/www.autonvaraosahaku.fi\/index.php?rest_route=\/wp\/v2\/product"}],"about":[{"href":"https:\/\/www.autonvaraosahaku.fi\/index.php?rest_route=\/wp\/v2\/types\/product"}],"wp:attachment":[{"href":"https:\/\/www.autonvaraosahaku.fi\/index.php?rest_route=%2Fwp%2Fv2%2Fmedia&parent=63963"}],"wp:term":[{"taxonomy":"pwb-brand","embeddable":true,"href":"https:\/\/www.autonvaraosahaku.fi\/index.php?rest_route=%2Fwp%2Fv2%2Fpwb-brand&post=63963"},{"taxonomy":"product_cat","embeddable":true,"href":"https:\/\/www.autonvaraosahaku.fi\/index.php?rest_route=%2Fwp%2Fv2%2Fproduct_cat&post=63963"},{"taxonomy":"product_tag","embeddable":true,"href":"https:\/\/www.autonvaraosahaku.fi\/index.php?rest_route=%2Fwp%2Fv2%2Fproduct_tag&post=63963"}],"curies":[{"name":"wp","href":"https:\/\/api.w.org\/{rel}","templated":true}]}}