{"id":63968,"date":"2021-02-21T18:37:20","date_gmt":"2021-02-21T18:37:20","guid":{"rendered":"https:\/\/www.autonvaraosahaku.fi\/?product=topran-501-255-tiivisteet"},"modified":"2021-02-21T18:37:21","modified_gmt":"2021-02-21T18:37:21","slug":"topran-501-255-tiivisteet","status":"publish","type":"product","link":"https:\/\/www.autonvaraosahaku.fi\/?product=topran-501-255-tiivisteet","title":{"rendered":"TOPRAN 501 255 Tiivisteet"},"content":{"rendered":"<p>Asennuspuoli: Taka-akseli; Korkeus (mm): 10; Sis\u00e4l\u00e4pimitta [mm]: 45; Ulkol\u00e4pimitta [mm]: 65; Materiaali: NBR (nitriili-butadi-kumi); Suojavaippa: Suojakumilla; Rihlamalli: Oikea kierre; TECDOC-moottorinumero: 28367; BMW: 3 E46,3 Touring E91,3 E90,1 E87,3 Touring E46,X3 E83,3 Compact E46,3 Coupe E46,1 E81,3 Compact E36,3 E36,3 E30,3 Coupe E92,3 Cabriolet E46,3 Coupe E36,Z3 E36,Z4 E85,3 Cabriolet E93,3 Cabriolet E30,3 Cabriolet E36,3 Touring E36,1 Cabriolet E88,1 Coupe E82,3 E21,3 Touring E30; 33121204231, 33121204232, 33121210724, 33121212464, 33121214080<\/p>\n","protected":false},"excerpt":{"rendered":"<p>TOPRAN Akselitiiviste, Tasauspy\u00f6r\u00e4st\u00f6 501 255  BMW,3 E46,3 Touring E91,3 E90,1 E87,3 Touring E46,X3 E83,3 Compact E46,3 Coupe E46,1 E81,3 Compact E36<\/p>\n","protected":false},"featured_media":0,"template":"","meta":{"site-sidebar-layout":"default","site-content-layout":"default","ast-global-header-display":"","ast-main-header-display":"","ast-hfb-above-header-display":"","ast-hfb-below-header-display":"","ast-hfb-mobile-header-display":"","site-post-title":"","ast-breadcrumbs-content":"","ast-featured-img":"","footer-sml-layout":"","theme-transparent-header-meta":"","adv-header-id-meta":"","stick-header-meta":"","header-above-stick-meta":"","header-main-stick-meta":"","header-below-stick-meta":""},"pwb-brand":[18],"product_cat":[27],"product_tag":[],"class_list":{"0":"post-63968","1":"product","2":"type-product","3":"status-publish","5":"pwb-brand-topran","6":"product_cat-tiivisteet","7":"desktop-align-left","8":"tablet-align-left","9":"mobile-align-left","11":"first","12":"instock","13":"product-type-external"},"brands":[{"id":18,"name":"TOPRAN","slug":"topran"}],"_links":{"self":[{"href":"https:\/\/www.autonvaraosahaku.fi\/index.php?rest_route=\/wp\/v2\/product\/63968","targetHints":{"allow":["GET"]}}],"collection":[{"href":"https:\/\/www.autonvaraosahaku.fi\/index.php?rest_route=\/wp\/v2\/product"}],"about":[{"href":"https:\/\/www.autonvaraosahaku.fi\/index.php?rest_route=\/wp\/v2\/types\/product"}],"wp:attachment":[{"href":"https:\/\/www.autonvaraosahaku.fi\/index.php?rest_route=%2Fwp%2Fv2%2Fmedia&parent=63968"}],"wp:term":[{"taxonomy":"pwb-brand","embeddable":true,"href":"https:\/\/www.autonvaraosahaku.fi\/index.php?rest_route=%2Fwp%2Fv2%2Fpwb-brand&post=63968"},{"taxonomy":"product_cat","embeddable":true,"href":"https:\/\/www.autonvaraosahaku.fi\/index.php?rest_route=%2Fwp%2Fv2%2Fproduct_cat&post=63968"},{"taxonomy":"product_tag","embeddable":true,"href":"https:\/\/www.autonvaraosahaku.fi\/index.php?rest_route=%2Fwp%2Fv2%2Fproduct_tag&post=63968"}],"curies":[{"name":"wp","href":"https:\/\/api.w.org\/{rel}","templated":true}]}}