{"id":63973,"date":"2021-02-21T18:37:20","date_gmt":"2021-02-21T18:37:20","guid":{"rendered":"https:\/\/www.autonvaraosahaku.fi\/?product=ridex-458f0015-polttoainepumppu"},"modified":"2021-02-21T18:37:22","modified_gmt":"2021-02-21T18:37:22","slug":"ridex-458f0015-polttoainepumppu","status":"publish","type":"product","link":"https:\/\/www.autonvaraosahaku.fi\/?product=ridex-458f0015-polttoainepumppu","title":{"rendered":"RIDEX 458F0015 Polttoainepumppu"},"content":{"rendered":"<p>K\u00e4ytt\u00f6: S\u00e4hk\u00f6inen; K\u00e4ytt\u00f6paine (bar): 4; Siirtom\u00e4\u00e4r\u00e4 (l\/h): 80; Ruiskutusj\u00e4rjestelm\u00e4: MPI (monipiste); Kokonaispituus [mm]: 168,5; J\u00e4nnite sis\u00e4\u00e4n [V]: 12; Lis\u00e4tarvike\/lis\u00e4tieto: Johtosarjalla; Polttoainej\u00e4rjestelm\u00e4: Rivipumppu; Asennuspuoli: Polttoainejohdin; Valmistusvuoteen: 12\/1996; MERCEDES-BENZ: C-CLASS W203,C-CLASS T-Model S203,C-CLASS W202,CLK C208,C-CLASS Kombi S202,CLK Cabriolet A208; 0004704994, 0004705494, 0004706394, A0004704994, A0004705494, A0004706394<\/p>\n","protected":false},"excerpt":{"rendered":"<p>RIDEX Polttoainepumppu 458F0015  MERCEDES-BENZ,C-CLASS W203,C-CLASS T-Model S203,C-CLASS W202,CLK C208,C-CLASS Kombi S202,CLK Cabriolet A208<\/p>\n","protected":false},"featured_media":0,"template":"","meta":{"site-sidebar-layout":"default","site-content-layout":"default","ast-global-header-display":"","ast-main-header-display":"","ast-hfb-above-header-display":"","ast-hfb-below-header-display":"","ast-hfb-mobile-header-display":"","site-post-title":"","ast-breadcrumbs-content":"","ast-featured-img":"","footer-sml-layout":"","theme-transparent-header-meta":"","adv-header-id-meta":"","stick-header-meta":"","header-above-stick-meta":"","header-main-stick-meta":"","header-below-stick-meta":""},"pwb-brand":[157],"product_cat":[73],"product_tag":[],"class_list":{"0":"post-63973","1":"product","2":"type-product","3":"status-publish","5":"pwb-brand-ridex","6":"product_cat-polttoainepumppu","7":"desktop-align-left","8":"tablet-align-left","9":"mobile-align-left","11":"first","12":"instock","13":"product-type-external"},"brands":[{"id":157,"name":"RIDEX","slug":"ridex"}],"_links":{"self":[{"href":"https:\/\/www.autonvaraosahaku.fi\/index.php?rest_route=\/wp\/v2\/product\/63973","targetHints":{"allow":["GET"]}}],"collection":[{"href":"https:\/\/www.autonvaraosahaku.fi\/index.php?rest_route=\/wp\/v2\/product"}],"about":[{"href":"https:\/\/www.autonvaraosahaku.fi\/index.php?rest_route=\/wp\/v2\/types\/product"}],"wp:attachment":[{"href":"https:\/\/www.autonvaraosahaku.fi\/index.php?rest_route=%2Fwp%2Fv2%2Fmedia&parent=63973"}],"wp:term":[{"taxonomy":"pwb-brand","embeddable":true,"href":"https:\/\/www.autonvaraosahaku.fi\/index.php?rest_route=%2Fwp%2Fv2%2Fpwb-brand&post=63973"},{"taxonomy":"product_cat","embeddable":true,"href":"https:\/\/www.autonvaraosahaku.fi\/index.php?rest_route=%2Fwp%2Fv2%2Fproduct_cat&post=63973"},{"taxonomy":"product_tag","embeddable":true,"href":"https:\/\/www.autonvaraosahaku.fi\/index.php?rest_route=%2Fwp%2Fv2%2Fproduct_tag&post=63973"}],"curies":[{"name":"wp","href":"https:\/\/api.w.org\/{rel}","templated":true}]}}