{"id":63976,"date":"2021-02-21T18:37:20","date_gmt":"2021-02-21T18:37:20","guid":{"rendered":"https:\/\/www.autonvaraosahaku.fi\/?product=ridex-3926a0153-ilmamassamittari"},"modified":"2021-02-21T18:37:22","modified_gmt":"2021-02-21T18:37:22","slug":"ridex-3926a0153-ilmamassamittari","status":"publish","type":"product","link":"https:\/\/www.autonvaraosahaku.fi\/?product=ridex-3926a0153-ilmamassamittari","title":{"rendered":"RIDEX 3926A0153 Ilmamassamittari"},"content":{"rendered":"<p>K\u00e4ytt\u00f6: S\u00e4hk\u00f6inen; J\u00e4nnite (V): 12; Napojen m\u00e4\u00e4r\u00e4: 5; Kotelomalli: Kopalla; Alustanumeroon: 4F-8-176 910; VW: TOUAREG 7LA, 7L6, 7L7,PHAETON 3D_; AUDI: A6 Avant 4F5, C6,A4 Avant 8ED, B7,A6 4F2, C6,A4 Cabriolet 8H7, B6, 8HE, B7,A4 8EC, B7,Q7 4L,A8 4E_,A6 Allroad 4FH, C6,A6 Allroad 4GH, 4GJ; 059906461K, 059906461K; Ilmam\u00e4\u00e4r\u00e4mittari,MAF Anturi<\/p>\n","protected":false},"excerpt":{"rendered":"<p>RIDEX Ilmamassamittari 3926A0153 Ilmam\u00e4\u00e4r\u00e4mittari,MAF Anturi VW,AUDI,TOUAREG 7LA, 7L6, 7L7,PHAETON 3D_,A6 Avant 4F5, C6,A4 Avant 8ED, B7,A6 4F2, C6<\/p>\n","protected":false},"featured_media":0,"template":"","meta":{"site-sidebar-layout":"default","site-content-layout":"default","ast-global-header-display":"","ast-main-header-display":"","ast-hfb-above-header-display":"","ast-hfb-below-header-display":"","ast-hfb-mobile-header-display":"","site-post-title":"","ast-breadcrumbs-content":"","ast-featured-img":"","footer-sml-layout":"","theme-transparent-header-meta":"","adv-header-id-meta":"","stick-header-meta":"","header-above-stick-meta":"","header-main-stick-meta":"","header-below-stick-meta":""},"pwb-brand":[157],"product_cat":[270],"product_tag":[],"class_list":{"0":"post-63976","1":"product","2":"type-product","3":"status-publish","5":"pwb-brand-ridex","6":"product_cat-ilmamassamittari","7":"desktop-align-left","8":"tablet-align-left","9":"mobile-align-left","11":"first","12":"instock","13":"product-type-external"},"brands":[{"id":157,"name":"RIDEX","slug":"ridex"}],"_links":{"self":[{"href":"https:\/\/www.autonvaraosahaku.fi\/index.php?rest_route=\/wp\/v2\/product\/63976","targetHints":{"allow":["GET"]}}],"collection":[{"href":"https:\/\/www.autonvaraosahaku.fi\/index.php?rest_route=\/wp\/v2\/product"}],"about":[{"href":"https:\/\/www.autonvaraosahaku.fi\/index.php?rest_route=\/wp\/v2\/types\/product"}],"wp:attachment":[{"href":"https:\/\/www.autonvaraosahaku.fi\/index.php?rest_route=%2Fwp%2Fv2%2Fmedia&parent=63976"}],"wp:term":[{"taxonomy":"pwb-brand","embeddable":true,"href":"https:\/\/www.autonvaraosahaku.fi\/index.php?rest_route=%2Fwp%2Fv2%2Fpwb-brand&post=63976"},{"taxonomy":"product_cat","embeddable":true,"href":"https:\/\/www.autonvaraosahaku.fi\/index.php?rest_route=%2Fwp%2Fv2%2Fproduct_cat&post=63976"},{"taxonomy":"product_tag","embeddable":true,"href":"https:\/\/www.autonvaraosahaku.fi\/index.php?rest_route=%2Fwp%2Fv2%2Fproduct_tag&post=63976"}],"curies":[{"name":"wp","href":"https:\/\/api.w.org\/{rel}","templated":true}]}}