{"id":64019,"date":"2021-02-21T18:37:30","date_gmt":"2021-02-21T18:37:30","guid":{"rendered":"https:\/\/www.autonvaraosahaku.fi\/?product=ridex-3940t0003-kaasulapan-asentotunnistin"},"modified":"2021-02-21T18:37:33","modified_gmt":"2021-02-21T18:37:33","slug":"ridex-3940t0003-kaasulapan-asentotunnistin","status":"publish","type":"product","link":"https:\/\/www.autonvaraosahaku.fi\/?product=ridex-3940t0003-kaasulapan-asentotunnistin","title":{"rendered":"RIDEX 3940T0003 Kaasul\u00e4p\u00e4n asentotunnistin"},"content":{"rendered":"<p>Napojen m\u00e4\u00e4r\u00e4: 3; Pistokkeen kotelon muoto: suorakulmainen (rectangular); Kiinnitysreikien lukum\u00e4\u00e4r\u00e4: 2; Py\u00f6rimissuunta: Py\u00f6rimissuunta vastap\u00e4iv\u00e4\u00e4n; Korvaava tuote\/korvaava tiedote 2: ilman kaapelia; Nimellisj\u00e4nnite (V): 12; Valmistusvuosi alkaen: 09\/1996; NISSAN: MICRA II K11; KIA: SPORTAGE JE_, KM_,CERATO LD,CERATO Stufenheck LD,CERATO II Stufenheck TD,CERATO KOUP TD; HONDA: ACCORD VI CG, CK,ACCORD VI Hatchback CH; LAND ROVER: DISCOVERY II LJ, LT,RANGE ROVER II LP; OPEL: ASTRA G CC F48_, F08_,ASTRA G Caravan F35_,CORSA B 73_, 78_, 79_,VECTRA B 36_,OMEGA B Caravan 21_, 22_, 23_,OMEGA B 25_, 26_, 27_,VECTRA B Caravan 31_,ASTRA G Cabriolet F67,ASTRA G Coupe F07_,ASTRA G Stufenheck F69_,VECTRA B CC 38_; HYUNDAI: GETZ TB,TUCSON JM,MATRIX FC,COUPE GK,TRAJET FO,SONATA V NF,SONATA IV EF,ACCENT II LC,COUPE RD,ELANTRA XD,ELANTRA Stufenheck XD,ACCENT II Stufenheck LC,HIGHWAY VAN,TIBURON Coupe; SAAB: 9-3 YS3D,9-3 Cabriolet YS3D,9000 Schr\u00e4gheck,900 II Cabriolet,900 II,9000,900 II Coupe; PORSCHE: BOXSTER 986,911 996,911 Cabriolet 996,911 Targa 996; VAUXHALL: ASTRA Mk IV G CC,CORSA Mk I B,ASTRA Mk IV G Sedan,OMEGA B,VECTRA B CC,VECTRA B Estate,VECTRA B,OMEGA B Estate; 90541502, 9181538, 90530439, 90541502, 37890PDFE01, 3517022600, 3517023500, 3517022600, 3517023500, ERR7322, 226201F700, 05826473, 090530439, 090541502, 5826473, 90530439, 90541502, 99660611600, 90541502, 9181538, 21737962, 91358390, 91463150; Kaasul\u00e4p\u00e4n Anturi,Tunnistin, Kaasul\u00e4pp\u00e4<\/p>\n","protected":false},"excerpt":{"rendered":"<p>RIDEX Kaasul\u00e4p\u00e4n Asentotunnistin 3940T0003 Kaasul\u00e4p\u00e4n Anturi,Tunnistin, Kaasul\u00e4pp\u00e4 NISSAN,KIA,HONDA,MICRA II K11,SPORTAGE JE_, KM_,CERATO LD<\/p>\n","protected":false},"featured_media":0,"template":"","meta":{"site-sidebar-layout":"default","site-content-layout":"default","ast-global-header-display":"","ast-main-header-display":"","ast-hfb-above-header-display":"","ast-hfb-below-header-display":"","ast-hfb-mobile-header-display":"","site-post-title":"","ast-breadcrumbs-content":"","ast-featured-img":"","footer-sml-layout":"","theme-transparent-header-meta":"","adv-header-id-meta":"","stick-header-meta":"","header-above-stick-meta":"","header-main-stick-meta":"","header-below-stick-meta":""},"pwb-brand":[157],"product_cat":[465],"product_tag":[],"class_list":{"0":"post-64019","1":"product","2":"type-product","3":"status-publish","5":"pwb-brand-ridex","6":"product_cat-kaasulapan-asentotunnistin","7":"desktop-align-left","8":"tablet-align-left","9":"mobile-align-left","11":"first","12":"instock","13":"product-type-external"},"brands":[{"id":157,"name":"RIDEX","slug":"ridex"}],"_links":{"self":[{"href":"https:\/\/www.autonvaraosahaku.fi\/index.php?rest_route=\/wp\/v2\/product\/64019","targetHints":{"allow":["GET"]}}],"collection":[{"href":"https:\/\/www.autonvaraosahaku.fi\/index.php?rest_route=\/wp\/v2\/product"}],"about":[{"href":"https:\/\/www.autonvaraosahaku.fi\/index.php?rest_route=\/wp\/v2\/types\/product"}],"wp:attachment":[{"href":"https:\/\/www.autonvaraosahaku.fi\/index.php?rest_route=%2Fwp%2Fv2%2Fmedia&parent=64019"}],"wp:term":[{"taxonomy":"pwb-brand","embeddable":true,"href":"https:\/\/www.autonvaraosahaku.fi\/index.php?rest_route=%2Fwp%2Fv2%2Fpwb-brand&post=64019"},{"taxonomy":"product_cat","embeddable":true,"href":"https:\/\/www.autonvaraosahaku.fi\/index.php?rest_route=%2Fwp%2Fv2%2Fproduct_cat&post=64019"},{"taxonomy":"product_tag","embeddable":true,"href":"https:\/\/www.autonvaraosahaku.fi\/index.php?rest_route=%2Fwp%2Fv2%2Fproduct_tag&post=64019"}],"curies":[{"name":"wp","href":"https:\/\/api.w.org\/{rel}","templated":true}]}}