{"id":64041,"date":"2021-02-21T18:37:35","date_gmt":"2021-02-21T18:37:35","guid":{"rendered":"https:\/\/www.autonvaraosahaku.fi\/?product=reinz-81-53253-00-kampiakselin-tiiviste"},"modified":"2021-02-21T18:37:39","modified_gmt":"2021-02-21T18:37:39","slug":"reinz-81-53253-00-kampiakselin-tiiviste","status":"publish","type":"product","link":"https:\/\/www.autonvaraosahaku.fi\/?product=reinz-81-53253-00-kampiakselin-tiiviste","title":{"rendered":"REINZ 81-53253-00 Kampiakselin tiiviste"},"content":{"rendered":"<p>Materiaali: MVQ (silikooni\/kautsu); Sis\u00e4l\u00e4pimitta [mm]: 36,5; Ulkol\u00e4pimitta [mm]: 50,5; Leveys (mm): 7; Akselitiivisteen malli: A SL; Rihlamalli: Oikea kierre; Asennuspuoli: stirnseitig; MAZDA: MX-5 II NB,323 F VI BJ,MX-5 I NA,DEMIO DW,323 P V BA,MX-3 EC,FAMILIA VI BJ,XEDOS 6 CA,323 C IV BG,FAMILIA IV BF,FAMILIA V BA,FAMILIA V BG8,323 III Hatchback BF,121 II DB,FAMILIA IV BG,323 III Station Wagon BW; KIA: CARENS II FJ,RIO Kombi DC,RIO Stufenheck DC_,SHUMA II FB,CARENS I FC,SHUMA FB,PRIDE DA,CLARUS K9A,CLARUS Kombi GC,SEPHIA Stufenheck FA,SEPHIA FA,CERATO Stufenheck; 0B3C710602A, 0B3C710602B, B3C710602; Akselitiiviste, Kampiakseli<\/p>\n","protected":false},"excerpt":{"rendered":"<p>REINZ Kampiakselin Tiiviste 81-53253-00 Akselitiiviste, Kampiakseli MAZDA,KIA,MX-5 II NB,323 F VI BJ,MX-5 I NA,DEMIO DW,323 P V BA,MX-3 EC<\/p>\n","protected":false},"featured_media":0,"template":"","meta":{"site-sidebar-layout":"default","site-content-layout":"default","ast-global-header-display":"","ast-main-header-display":"","ast-hfb-above-header-display":"","ast-hfb-below-header-display":"","ast-hfb-mobile-header-display":"","site-post-title":"","ast-breadcrumbs-content":"","ast-featured-img":"","footer-sml-layout":"","theme-transparent-header-meta":"","adv-header-id-meta":"","stick-header-meta":"","header-above-stick-meta":"","header-main-stick-meta":"","header-below-stick-meta":""},"pwb-brand":[138],"product_cat":[88],"product_tag":[],"class_list":{"0":"post-64041","1":"product","2":"type-product","3":"status-publish","5":"pwb-brand-reinz","6":"product_cat-kampiakselin-tiiviste","7":"desktop-align-left","8":"tablet-align-left","9":"mobile-align-left","11":"first","12":"instock","13":"product-type-external"},"brands":[{"id":138,"name":"REINZ","slug":"reinz"}],"_links":{"self":[{"href":"https:\/\/www.autonvaraosahaku.fi\/index.php?rest_route=\/wp\/v2\/product\/64041","targetHints":{"allow":["GET"]}}],"collection":[{"href":"https:\/\/www.autonvaraosahaku.fi\/index.php?rest_route=\/wp\/v2\/product"}],"about":[{"href":"https:\/\/www.autonvaraosahaku.fi\/index.php?rest_route=\/wp\/v2\/types\/product"}],"wp:attachment":[{"href":"https:\/\/www.autonvaraosahaku.fi\/index.php?rest_route=%2Fwp%2Fv2%2Fmedia&parent=64041"}],"wp:term":[{"taxonomy":"pwb-brand","embeddable":true,"href":"https:\/\/www.autonvaraosahaku.fi\/index.php?rest_route=%2Fwp%2Fv2%2Fpwb-brand&post=64041"},{"taxonomy":"product_cat","embeddable":true,"href":"https:\/\/www.autonvaraosahaku.fi\/index.php?rest_route=%2Fwp%2Fv2%2Fproduct_cat&post=64041"},{"taxonomy":"product_tag","embeddable":true,"href":"https:\/\/www.autonvaraosahaku.fi\/index.php?rest_route=%2Fwp%2Fv2%2Fproduct_tag&post=64041"}],"curies":[{"name":"wp","href":"https:\/\/api.w.org\/{rel}","templated":true}]}}