{"id":64044,"date":"2021-02-21T18:37:40","date_gmt":"2021-02-21T18:37:40","guid":{"rendered":"https:\/\/www.autonvaraosahaku.fi\/?product=ae-fol104-hydraulinen-venttiilinnostin"},"modified":"2021-02-21T18:37:40","modified_gmt":"2021-02-21T18:37:40","slug":"ae-fol104-hydraulinen-venttiilinnostin","status":"publish","type":"product","link":"https:\/\/www.autonvaraosahaku.fi\/?product=ae-fol104-hydraulinen-venttiilinnostin","title":{"rendered":"AE FOL104 Hydraulinen venttiilinnostin"},"content":{"rendered":"<p>K\u00e4ytt\u00f6: Mekaaninen; Tarvittava kappalem\u00e4\u00e4r\u00e4: 8; VOLVO: 940 II Kombi 945,940 Kombi 945,240 Kombi P245,740 Kombi 745,740 744,240 P242, P244,940 944,760 704, 764,340-360 343, 345,960 Kombi 965,760 Kombi 704, 765,940 II 944,960 964,340-360 Stufenheck 344,780; SUZUKI: SX4 EY, GY; OPEL: ZAFIRA B A05,ASTRA H Caravan L35,ASTRA H L48,VECTRA C Caravan,ASTRA H GTC L08,SIGNUM,VECTRA C,VECTRA C GTS,ASTRA H Kasten L70; LANCIA: MUSA 350,THESIS 841AX,LYBRA SW 839BX,DELTA I 831AB0,KAPPA 838A,LYBRA 839AX,THEMA 834,DELTA II 836,KAPPA SW 838B,KAPPA Coupe 838,BETA Spider 828BS,BETA Coupe 828BC,DEDRA 835,BETA MONTE CARLO 137AS, 137BS,DEDRA SW 835,BETA  H.P.E. 828BF,THEMA SW 834,BETA 828_B_,PRISMA 831AB0,TREVI 828DB; FIAT: GRANDE PUNTO 199,PUNTO 188,STILO 192,BRAVO II 198,DUCATO Pritsche\/Fahrgestell 230,DUCATO Bus 230,DOBLO Cargo 223,PUNTO 176,STILO Multi Wagon 192,DOBLO 119,CROMA 194,DUCATO Kasten 290,DUCATO Pritsche\/Fahrgestell 290,DUCATO Kasten 230L,DUCATO Kasten 280,DUCATO Pritsche\/Fahrgestell 280,PANDA 141A_,IDEA,COUPE FA\/175,SEDICI,STRADA Pick-up 178E,MULTIPLA 186,PUNTO Van 188AX,DUCATO Panorama 280,BRAVO I 182,BRAVA 182,PUNTO Cabriolet 176C,SCUDO Kasten 220L,MAREA Weekend 185,UNO 146A\/E,DUCATO Panorama 290,X 1\/9 128 AS,SCUDO Combinato 220P,127,PALIO Weekend 178DX,FIORINO Kasten 146,TIPO 160,128 Coupe,CROMA 154,128,PANDA Van 141_,MAREA 185,TALENTO Pritsche\/Fahrgestell 290,TEMPRA 159,RITMO I 138A,PUNTO Van 176L,TEMPRA S.W. 159,132,FIORINO Pick up 146,TALENTO Bus 290,FIORINO 147,TALENTO Kasten 290,REGATA 138,RITMO Cabriolet,PALIO 178BX,127 Panorama,128 Familiare,UNO Kasten 146,SIENA 178_,147,FIORINO Pick up 147,REGATA Weekend 138,147 Panorama,DUNA 146 B,ELBA 14; CITRO\u00cbN: JUMPY U6U,JUMPY Kasten BS_, BT_, BY_, BZ_; ALFA ROMEO: 147 937,159 Sportwagon 939,156 Sportwagon 932,156 932,159 939,166 936,145 930,146 930; DR: DR 5; ZASTAVA: 101 1100,YUGO,YUGO FLORIDA; VAUXHALL: ASTRA Mk V H CC; 60800018, 4152447, 4152447, 094229, 93178546; Venttiilinnostin<\/p>\n","protected":false},"excerpt":{"rendered":"<p>AE Hydraulinen Venttiilinnostin FOL104 Venttiilinnostin VOLVO,SUZUKI,OPEL,940 II Kombi 945,940 Kombi 945,240 Kombi P245,740 Kombi 745,740 744<\/p>\n","protected":false},"featured_media":0,"template":"","meta":{"site-sidebar-layout":"default","site-content-layout":"default","ast-global-header-display":"","ast-main-header-display":"","ast-hfb-above-header-display":"","ast-hfb-below-header-display":"","ast-hfb-mobile-header-display":"","site-post-title":"","ast-breadcrumbs-content":"","ast-featured-img":"","footer-sml-layout":"","theme-transparent-header-meta":"","adv-header-id-meta":"","stick-header-meta":"","header-above-stick-meta":"","header-main-stick-meta":"","header-below-stick-meta":""},"pwb-brand":[190],"product_cat":[126],"product_tag":[],"class_list":{"0":"post-64044","1":"product","2":"type-product","3":"status-publish","5":"pwb-brand-ae","6":"product_cat-hydraulinen-venttiilinnostin","7":"desktop-align-left","8":"tablet-align-left","9":"mobile-align-left","11":"first","12":"instock","13":"product-type-external"},"brands":[{"id":190,"name":"AE","slug":"ae"}],"_links":{"self":[{"href":"https:\/\/www.autonvaraosahaku.fi\/index.php?rest_route=\/wp\/v2\/product\/64044","targetHints":{"allow":["GET"]}}],"collection":[{"href":"https:\/\/www.autonvaraosahaku.fi\/index.php?rest_route=\/wp\/v2\/product"}],"about":[{"href":"https:\/\/www.autonvaraosahaku.fi\/index.php?rest_route=\/wp\/v2\/types\/product"}],"wp:attachment":[{"href":"https:\/\/www.autonvaraosahaku.fi\/index.php?rest_route=%2Fwp%2Fv2%2Fmedia&parent=64044"}],"wp:term":[{"taxonomy":"pwb-brand","embeddable":true,"href":"https:\/\/www.autonvaraosahaku.fi\/index.php?rest_route=%2Fwp%2Fv2%2Fpwb-brand&post=64044"},{"taxonomy":"product_cat","embeddable":true,"href":"https:\/\/www.autonvaraosahaku.fi\/index.php?rest_route=%2Fwp%2Fv2%2Fproduct_cat&post=64044"},{"taxonomy":"product_tag","embeddable":true,"href":"https:\/\/www.autonvaraosahaku.fi\/index.php?rest_route=%2Fwp%2Fv2%2Fproduct_tag&post=64044"}],"curies":[{"name":"wp","href":"https:\/\/api.w.org\/{rel}","templated":true}]}}