{"id":64046,"date":"2021-02-21T18:37:40","date_gmt":"2021-02-21T18:37:40","guid":{"rendered":"https:\/\/www.autonvaraosahaku.fi\/?product=hella-4ra-007-791-021-muut-luokat"},"modified":"2021-02-21T18:37:41","modified_gmt":"2021-02-21T18:37:41","slug":"hella-4ra-007-791-021-muut-luokat","status":"publish","type":"product","link":"https:\/\/www.autonvaraosahaku.fi\/?product=hella-4ra-007-791-021-muut-luokat","title":{"rendered":"HELLA 4RA 007 791-021 Muut luokat"},"content":{"rendered":"<p>Korvaava tuote\/korvaava tiedote 2: Vastuksella; Lis\u00e4tarvike\/lis\u00e4tieto: Pidikkeell\u00e4; Suojausmalli (IP-koodi): 54; Nimellisj\u00e4nnite (V): 12; Kuormitusraja 12V: 40A; V\u00e4ri: Musta; Induktiivinen kuorma [A]: 35; Kapasitiivinen kuorma: 30; Ohmikuorma [A]: 40; Napojen m\u00e4\u00e4r\u00e4: 4; Kytkent\u00e4kaavio: S2; Yhdistelm\u00e4kytkintoiminto: Sulkija; Pistokemallin tunnus: B; L\u00e4mp\u00f6alue (\u00b0C): 80<\/p>\n","protected":false},"excerpt":{"rendered":"<p>HELLA Rele, Ty\u00f6virta 4RA 007 791-021<\/p>\n","protected":false},"featured_media":0,"template":"","meta":{"site-sidebar-layout":"default","site-content-layout":"default","ast-global-header-display":"","ast-main-header-display":"","ast-hfb-above-header-display":"","ast-hfb-below-header-display":"","ast-hfb-mobile-header-display":"","site-post-title":"","ast-breadcrumbs-content":"","ast-featured-img":"","footer-sml-layout":"","theme-transparent-header-meta":"","adv-header-id-meta":"","stick-header-meta":"","header-above-stick-meta":"","header-main-stick-meta":"","header-below-stick-meta":""},"pwb-brand":[24],"product_cat":[37],"product_tag":[],"class_list":{"0":"post-64046","1":"product","2":"type-product","3":"status-publish","5":"pwb-brand-hella","6":"product_cat-muut-luokat","7":"desktop-align-left","8":"tablet-align-left","9":"mobile-align-left","11":"first","12":"instock","13":"product-type-external"},"brands":[{"id":24,"name":"HELLA","slug":"hella"}],"_links":{"self":[{"href":"https:\/\/www.autonvaraosahaku.fi\/index.php?rest_route=\/wp\/v2\/product\/64046","targetHints":{"allow":["GET"]}}],"collection":[{"href":"https:\/\/www.autonvaraosahaku.fi\/index.php?rest_route=\/wp\/v2\/product"}],"about":[{"href":"https:\/\/www.autonvaraosahaku.fi\/index.php?rest_route=\/wp\/v2\/types\/product"}],"wp:attachment":[{"href":"https:\/\/www.autonvaraosahaku.fi\/index.php?rest_route=%2Fwp%2Fv2%2Fmedia&parent=64046"}],"wp:term":[{"taxonomy":"pwb-brand","embeddable":true,"href":"https:\/\/www.autonvaraosahaku.fi\/index.php?rest_route=%2Fwp%2Fv2%2Fpwb-brand&post=64046"},{"taxonomy":"product_cat","embeddable":true,"href":"https:\/\/www.autonvaraosahaku.fi\/index.php?rest_route=%2Fwp%2Fv2%2Fproduct_cat&post=64046"},{"taxonomy":"product_tag","embeddable":true,"href":"https:\/\/www.autonvaraosahaku.fi\/index.php?rest_route=%2Fwp%2Fv2%2Fproduct_tag&post=64046"}],"curies":[{"name":"wp","href":"https:\/\/api.w.org\/{rel}","templated":true}]}}