{"id":64048,"date":"2021-02-21T18:37:40","date_gmt":"2021-02-21T18:37:40","guid":{"rendered":"https:\/\/www.autonvaraosahaku.fi\/?product=hella-2sd-001-680-281-takavalot"},"modified":"2021-02-21T18:37:41","modified_gmt":"2021-02-21T18:37:41","slug":"hella-2sd-001-680-281-takavalot","status":"publish","type":"product","link":"https:\/\/www.autonvaraosahaku.fi\/?product=hella-2sd-001-680-281-takavalot","title":{"rendered":"HELLA 2SD 001 680-281 Takavalot"},"content":{"rendered":"<p>Asennuspuoli: Oikea; Leveys (mm): 201; Korkeus (mm): 76; Asennusmalli: Pinta-asennus; Korvaava tuote\/korvaava tiedote 2: ilman polttimoita; Lis\u00e4tarvike\/lis\u00e4tieto: Lampun kannalla; Tarkistuskilpi: E1 31482, E1 43322, E1 53335, ECE, CCC; Nimellisj\u00e4nnite (V): 12, 24; Lyhtytoimintojen m\u00e4\u00e4r\u00e4: 3; Kiinnitysmalli: vaakasuoraan asennukseen; Vilkun v\u00e4ri: Keltainen; Kopan v\u00e4ri: Musta; Lamppumalli: P21W, R10W; Valotoiminto: vilkkuvalolla, jarruvalolla, Takavalolla; parilliset tuotenumerot: 2SD 001 680-271; Valmistusvuoteen: 02\/1989; MERCEDES-BENZ: T1 Pritsche\/Fahrgestell 602,T2\/L Kasten\/Kombi,T1 Pritsche\/Fahrgestell 601,T2\/L Pritsche\/Fahrgestell,T1\/TN Pritsche\/Fahrgestell,T1\/TN Kasten\/Kombi,T2\/L Kommunalfahrzeug,MB-TRAC,O 309,T2\/L; 0867485, 4961371, 81252256092, 90816159144, 0015440903, 0015441403, 0015447503, 0025441403, A0015440903, A0015441403, A0015447503, A0025441403, 2660079, V26600790; Takavalo<\/p>\n","protected":false},"excerpt":{"rendered":"<p>HELLA Takavalot 2SD 001 680-281 Takavalo MERCEDES-BENZ,T1 Pritsche\/Fahrgestell 602,T2\/L Kasten\/Kombi,T1 Pritsche\/Fahrgestell 601<\/p>\n","protected":false},"featured_media":0,"template":"","meta":{"site-sidebar-layout":"default","site-content-layout":"default","ast-global-header-display":"","ast-main-header-display":"","ast-hfb-above-header-display":"","ast-hfb-below-header-display":"","ast-hfb-mobile-header-display":"","site-post-title":"","ast-breadcrumbs-content":"","ast-featured-img":"","footer-sml-layout":"","theme-transparent-header-meta":"","adv-header-id-meta":"","stick-header-meta":"","header-above-stick-meta":"","header-main-stick-meta":"","header-below-stick-meta":""},"pwb-brand":[24],"product_cat":[159],"product_tag":[],"class_list":{"0":"post-64048","1":"product","2":"type-product","3":"status-publish","5":"pwb-brand-hella","6":"product_cat-takavalot","7":"desktop-align-left","8":"tablet-align-left","9":"mobile-align-left","11":"first","12":"instock","13":"product-type-external"},"brands":[{"id":24,"name":"HELLA","slug":"hella"}],"_links":{"self":[{"href":"https:\/\/www.autonvaraosahaku.fi\/index.php?rest_route=\/wp\/v2\/product\/64048","targetHints":{"allow":["GET"]}}],"collection":[{"href":"https:\/\/www.autonvaraosahaku.fi\/index.php?rest_route=\/wp\/v2\/product"}],"about":[{"href":"https:\/\/www.autonvaraosahaku.fi\/index.php?rest_route=\/wp\/v2\/types\/product"}],"wp:attachment":[{"href":"https:\/\/www.autonvaraosahaku.fi\/index.php?rest_route=%2Fwp%2Fv2%2Fmedia&parent=64048"}],"wp:term":[{"taxonomy":"pwb-brand","embeddable":true,"href":"https:\/\/www.autonvaraosahaku.fi\/index.php?rest_route=%2Fwp%2Fv2%2Fpwb-brand&post=64048"},{"taxonomy":"product_cat","embeddable":true,"href":"https:\/\/www.autonvaraosahaku.fi\/index.php?rest_route=%2Fwp%2Fv2%2Fproduct_cat&post=64048"},{"taxonomy":"product_tag","embeddable":true,"href":"https:\/\/www.autonvaraosahaku.fi\/index.php?rest_route=%2Fwp%2Fv2%2Fproduct_tag&post=64048"}],"curies":[{"name":"wp","href":"https:\/\/api.w.org\/{rel}","templated":true}]}}