{"id":64054,"date":"2021-02-21T18:37:40","date_gmt":"2021-02-21T18:37:40","guid":{"rendered":"https:\/\/www.autonvaraosahaku.fi\/?product=hella-8et-009-142-541-ilmamassamittari"},"modified":"2021-02-21T18:37:42","modified_gmt":"2021-02-21T18:37:42","slug":"hella-8et-009-142-541-ilmamassamittari","status":"publish","type":"product","link":"https:\/\/www.autonvaraosahaku.fi\/?product=hella-8et-009-142-541-ilmamassamittari","title":{"rendered":"HELLA 8ET 009 142-541 Ilmamassamittari"},"content":{"rendered":"<p>Asennusmalli: Poltti\/ruuvi; Liittimi\u00e4: 5; Uusi osa: ; FORD: FIESTA V JH_, JD_,FOCUS II Kombi DA_,FOCUS II DA_,FOCUS C-MAX,FUSION JU_,FOCUS II Stufenheck DA_,FIESTA V Van; FIAT: SCUDO 270_,SCUDO Kasten 270_,SCUDO Pritsche\/Fahrgestell 270_; PEUGEOT: 206 Schr\u00e4gheck 2A\/C,206 CC 2D,207 WA_, WC_,307 SW 3H,207 CC WD_,407 SW 6E_,307 3A\/C,207 SW WK_,308 SW,206 SW 2E\/K,308 4A_, 4C_,5008,307 Break 3E,407 6D_,3008,PARTNER Tepee,308 CC,1007 KM_,PARTNER Combispace 5F,PARTNER Kasten 5,EXPERT Tepee VF3V_,EXPERT Kasten VF3A_, VF3U_, VF3X_,PARTNER Kasten,207 Van,EXPERT Pritsche\/Fahrgestell,PARTNER Pritsche\/Fahrgestell; CITRO\u00cbN: BERLINGO MF,XSARA PICASSO N68,C2 JM_,C3 I FC_,BERLINGO B9,C5 III Break TD_,C4 Picasso I UD_,C4 Grand Picasso I UA_,C4 I LC_,BERLINGO Kasten M_,C5 II Break RE_,C3 Picasso,C5 III RD_,C3 II,C4 Coupe LA_,C5 II RC_,JUMPY,BERLINGO Kasten B9,JUMPY Kasten,C4 Stufenheck L,BERLINGO Pritsche\/Fahrgestell B9,JUMPY Pritsche\/Fahrgestell; MAZDA: 3 BK,3 Stufenheck BK; VOLVO: V50 MW,C30,S40 II MS; SUZUKI: SX4 EY, GY; MINI: MINI R56,MINI CLUBMAN R55; 1610874680, 9650010780, 7794972, 1920GV, 1610874680, 71795063, 9650010780, 1232096, 1255117, 3M5A12B579BA, 3M5A12B579BB, 1610874680, 9650010780, Y60113215, 13627794972, 7794972, 1920GV, 1380069K00, 30622124; Ilmam\u00e4\u00e4r\u00e4mittari,MAF Anturi<\/p>\n","protected":false},"excerpt":{"rendered":"<p>HELLA Ilmamassamittari 8ET 009 142-541 Ilmam\u00e4\u00e4r\u00e4mittari,MAF Anturi FORD,FIAT,PEUGEOT,FIESTA V JH_, JD_,FOCUS II Kombi DA_,FOCUS II DA_,FOCUS C-MAX<\/p>\n","protected":false},"featured_media":0,"template":"","meta":{"site-sidebar-layout":"default","site-content-layout":"default","ast-global-header-display":"","ast-main-header-display":"","ast-hfb-above-header-display":"","ast-hfb-below-header-display":"","ast-hfb-mobile-header-display":"","site-post-title":"","ast-breadcrumbs-content":"","ast-featured-img":"","footer-sml-layout":"","theme-transparent-header-meta":"","adv-header-id-meta":"","stick-header-meta":"","header-above-stick-meta":"","header-main-stick-meta":"","header-below-stick-meta":""},"pwb-brand":[24],"product_cat":[270],"product_tag":[],"class_list":{"0":"post-64054","1":"product","2":"type-product","3":"status-publish","5":"pwb-brand-hella","6":"product_cat-ilmamassamittari","7":"desktop-align-left","8":"tablet-align-left","9":"mobile-align-left","11":"first","12":"instock","13":"product-type-external"},"brands":[{"id":24,"name":"HELLA","slug":"hella"}],"_links":{"self":[{"href":"https:\/\/www.autonvaraosahaku.fi\/index.php?rest_route=\/wp\/v2\/product\/64054","targetHints":{"allow":["GET"]}}],"collection":[{"href":"https:\/\/www.autonvaraosahaku.fi\/index.php?rest_route=\/wp\/v2\/product"}],"about":[{"href":"https:\/\/www.autonvaraosahaku.fi\/index.php?rest_route=\/wp\/v2\/types\/product"}],"wp:attachment":[{"href":"https:\/\/www.autonvaraosahaku.fi\/index.php?rest_route=%2Fwp%2Fv2%2Fmedia&parent=64054"}],"wp:term":[{"taxonomy":"pwb-brand","embeddable":true,"href":"https:\/\/www.autonvaraosahaku.fi\/index.php?rest_route=%2Fwp%2Fv2%2Fpwb-brand&post=64054"},{"taxonomy":"product_cat","embeddable":true,"href":"https:\/\/www.autonvaraosahaku.fi\/index.php?rest_route=%2Fwp%2Fv2%2Fproduct_cat&post=64054"},{"taxonomy":"product_tag","embeddable":true,"href":"https:\/\/www.autonvaraosahaku.fi\/index.php?rest_route=%2Fwp%2Fv2%2Fproduct_tag&post=64054"}],"curies":[{"name":"wp","href":"https:\/\/api.w.org\/{rel}","templated":true}]}}