{"id":64071,"date":"2021-02-21T18:37:45","date_gmt":"2021-02-21T18:37:45","guid":{"rendered":"https:\/\/www.autonvaraosahaku.fi\/?product=skf-vkja-3021-vetonivel"},"modified":"2021-02-21T18:37:47","modified_gmt":"2021-02-21T18:37:47","slug":"skf-vkja-3021-vetonivel","status":"publish","type":"product","link":"https:\/\/www.autonvaraosahaku.fi\/?product=skf-vkja-3021-vetonivel","title":{"rendered":"SKF VKJA 3021 Vetonivel"},"content":{"rendered":"<p>Kierremitta: M20x1,5; Ulkohammastus, py\u00f6r\u00e4npuoli: 22; Sis\u00e4hammastus, py\u00f6r\u00e4npuoli: 30; Tiivisteen l\u00e4pimitta [mm]: 51,5; Ulkol\u00e4pimitta [mm]: 80,65; Mekaanisesti ty\u00f6stetty: Sokkauralla sis\u00e4osassa (sis\u00e4p.); Vaihteistomalli: Schaltgetriebe; VW: POLO 9N_,LUPO 6X1, 6E1,GOLF III 1H1,POLO 6N2,POLO 6N1,GOLF II 19E, 1G1,FOX 5Z1, 5Z3,PASSAT Variant 3A5, 35I,GOLF I Cabriolet 155,GOLF III Cabriolet 1E7,GOLF Mk III Cabriolet 1E7,GOLF III Variant 1H5,POLO 86C, 80,PASSAT 3A2, 35I,CADDY II Kasten 9K9A,POLO Variant 6KV5,POLO CLASSIC 6KV2,SCIROCCO 53B,VENTO 1H2,GOLF I 17,CADDY I 14,JETTA II 19E, 1G2, 165,PASSAT Variant 32B,CADDY II Kombi 9K9B,PASSAT 32B,CADDY II Pick-up 9U7,JETTA I 16,PASSAT Stufenheck 32B; AUDI: 80 89, 89Q, 8A, B3,80 81, 85, B2,90 81, 85, B2; SEAT: AROSA 6H,IBIZA II 6K1,CORDOBA 6K1, 6K2,CORDOBA Vario 6K1,TOLEDO I 1L,INCA 6K9; 5X0498099A, 5X0498099A, 171407311F, 171407311J, 171407311K, 171407311L, 171498099A, 171498099B, 171498099BX, 171498099C, 191407311, 191407311H, 191498099, 191498099F, 191498099FX, 191498340X, 191598099, 1H0407311C, 321407311L, 321407311M, 321498099A, 321498099B, 321498099E, 321498099EX, 321498099F, 5X0498099A, 5Z0498099A, 6N0407311, 6N0498099, 6N0498099X, 6N0498340X, 811498099EX, 811498099F, JZW498340CX, JZW498340X; Nivelsarja, Vetoakseli<\/p>\n","protected":false},"excerpt":{"rendered":"<p>SKF Vetonivel VKJA 3021 Nivelsarja, Vetoakseli VW,AUDI,SEAT,POLO 9N_,LUPO 6X1, 6E1,GOLF III 1H1,POLO 6N2,POLO 6N1,GOLF II 19E, 1G1,FOX 5Z1, 5Z3<\/p>\n","protected":false},"featured_media":0,"template":"","meta":{"site-sidebar-layout":"default","site-content-layout":"default","ast-global-header-display":"","ast-main-header-display":"","ast-hfb-above-header-display":"","ast-hfb-below-header-display":"","ast-hfb-mobile-header-display":"","site-post-title":"","ast-breadcrumbs-content":"","ast-featured-img":"","footer-sml-layout":"","theme-transparent-header-meta":"","adv-header-id-meta":"","stick-header-meta":"","header-above-stick-meta":"","header-main-stick-meta":"","header-below-stick-meta":""},"pwb-brand":[237],"product_cat":[175],"product_tag":[],"class_list":{"0":"post-64071","1":"product","2":"type-product","3":"status-publish","5":"pwb-brand-skf","6":"product_cat-vetonivel","7":"desktop-align-left","8":"tablet-align-left","9":"mobile-align-left","11":"first","12":"instock","13":"product-type-external"},"brands":[{"id":237,"name":"SKF","slug":"skf"}],"_links":{"self":[{"href":"https:\/\/www.autonvaraosahaku.fi\/index.php?rest_route=\/wp\/v2\/product\/64071","targetHints":{"allow":["GET"]}}],"collection":[{"href":"https:\/\/www.autonvaraosahaku.fi\/index.php?rest_route=\/wp\/v2\/product"}],"about":[{"href":"https:\/\/www.autonvaraosahaku.fi\/index.php?rest_route=\/wp\/v2\/types\/product"}],"wp:attachment":[{"href":"https:\/\/www.autonvaraosahaku.fi\/index.php?rest_route=%2Fwp%2Fv2%2Fmedia&parent=64071"}],"wp:term":[{"taxonomy":"pwb-brand","embeddable":true,"href":"https:\/\/www.autonvaraosahaku.fi\/index.php?rest_route=%2Fwp%2Fv2%2Fpwb-brand&post=64071"},{"taxonomy":"product_cat","embeddable":true,"href":"https:\/\/www.autonvaraosahaku.fi\/index.php?rest_route=%2Fwp%2Fv2%2Fproduct_cat&post=64071"},{"taxonomy":"product_tag","embeddable":true,"href":"https:\/\/www.autonvaraosahaku.fi\/index.php?rest_route=%2Fwp%2Fv2%2Fproduct_tag&post=64071"}],"curies":[{"name":"wp","href":"https:\/\/api.w.org\/{rel}","templated":true}]}}