{"id":64096,"date":"2021-02-21T18:37:51","date_gmt":"2021-02-21T18:37:51","guid":{"rendered":"https:\/\/www.autonvaraosahaku.fi\/?product=beru-gn062-hehkutulppa"},"modified":"2021-02-21T18:37:54","modified_gmt":"2021-02-21T18:37:54","slug":"beru-gn062-hehkutulppa","status":"publish","type":"product","link":"https:\/\/www.autonvaraosahaku.fi\/?product=beru-gn062-hehkutulppa","title":{"rendered":"BERU GN062 Hehkutulppa"},"content":{"rendered":"<p>Hehkutulppatyyppi: j\u00e4lkihehkutuksenkest\u00e4v\u00e4, Hehkutulppa, puikko; J\u00e4nnite (V): 11; Liittimet: M4 \/ 2 Nm; Kokonaispituus (mm): 135; Asennussyvyys (mm): 30; Kierremitta: M10x1,25; Avainv\u00e4li: 12 mm; Virta (A): 13; Kartionousu: 120; Kiristysmomentti > [Nm]: 15; Kiristysmomentti enint\u00e4\u00e4n [Nm]: 20; Katkeamismomentti [Nm]: 35; Tarvittava kappalem\u00e4\u00e4r\u00e4: 4; KIA: PICANTO BA,CEE&#8217;D SW ED,CEE&#8217;D Schr\u00e4gheck ED,VENGA YN,RIO III UB,RIO II JB,CEE&#8217;D JD,CARENS III UN,CEE`D Sportswagon JD,PRO CEE&#8217;D ED,SOUL AM,CERATO LD,PRO CEE\u00b4D JD,CERATO Stufenheck LD,RIO II Stufenheck JB,SOUL II PS; HYUNDAI: i30 FD,GETZ TB,i10 PA,i20 PB, PBT,i30 CW FD,i30 GD,ix20 JC,MATRIX FC,i30 CW GD,i30 Coupe,ACCENT III MC,ACCENT III Stufenheck MC,ELANTRA Stufenheck MD, UD,i20 GB,ELANTRA Stufenheck HD; 367102A100, 367102A200, 367102A100, 367102A200<\/p>\n","protected":false},"excerpt":{"rendered":"<p>BERU Hehkutulppa GN062  KIA,HYUNDAI,PICANTO BA,CEE&#8217;D SW ED,CEE&#8217;D Schr\u00e4gheck ED,VENGA YN,RIO III UB,RIO II JB,CEE&#8217;D JD,CARENS III UN<\/p>\n","protected":false},"featured_media":0,"template":"","meta":{"site-sidebar-layout":"default","site-content-layout":"default","ast-global-header-display":"","ast-main-header-display":"","ast-hfb-above-header-display":"","ast-hfb-below-header-display":"","ast-hfb-mobile-header-display":"","site-post-title":"","ast-breadcrumbs-content":"","ast-featured-img":"","footer-sml-layout":"","theme-transparent-header-meta":"","adv-header-id-meta":"","stick-header-meta":"","header-above-stick-meta":"","header-main-stick-meta":"","header-below-stick-meta":""},"pwb-brand":[327],"product_cat":[52],"product_tag":[],"class_list":{"0":"post-64096","1":"product","2":"type-product","3":"status-publish","5":"pwb-brand-beru","6":"product_cat-hehkutulppa","7":"desktop-align-left","8":"tablet-align-left","9":"mobile-align-left","11":"first","12":"instock","13":"product-type-external"},"brands":[{"id":327,"name":"BERU","slug":"beru"}],"_links":{"self":[{"href":"https:\/\/www.autonvaraosahaku.fi\/index.php?rest_route=\/wp\/v2\/product\/64096","targetHints":{"allow":["GET"]}}],"collection":[{"href":"https:\/\/www.autonvaraosahaku.fi\/index.php?rest_route=\/wp\/v2\/product"}],"about":[{"href":"https:\/\/www.autonvaraosahaku.fi\/index.php?rest_route=\/wp\/v2\/types\/product"}],"wp:attachment":[{"href":"https:\/\/www.autonvaraosahaku.fi\/index.php?rest_route=%2Fwp%2Fv2%2Fmedia&parent=64096"}],"wp:term":[{"taxonomy":"pwb-brand","embeddable":true,"href":"https:\/\/www.autonvaraosahaku.fi\/index.php?rest_route=%2Fwp%2Fv2%2Fpwb-brand&post=64096"},{"taxonomy":"product_cat","embeddable":true,"href":"https:\/\/www.autonvaraosahaku.fi\/index.php?rest_route=%2Fwp%2Fv2%2Fproduct_cat&post=64096"},{"taxonomy":"product_tag","embeddable":true,"href":"https:\/\/www.autonvaraosahaku.fi\/index.php?rest_route=%2Fwp%2Fv2%2Fproduct_tag&post=64096"}],"curies":[{"name":"wp","href":"https:\/\/api.w.org\/{rel}","templated":true}]}}