{"id":64102,"date":"2021-02-21T18:37:56","date_gmt":"2021-02-21T18:37:56","guid":{"rendered":"https:\/\/www.autonvaraosahaku.fi\/?product=elring-158-430-kampiakselin-tiiviste"},"modified":"2021-02-21T18:37:56","modified_gmt":"2021-02-21T18:37:56","slug":"elring-158-430-kampiakselin-tiiviste","status":"publish","type":"product","link":"https:\/\/www.autonvaraosahaku.fi\/?product=elring-158-430-kampiakselin-tiiviste","title":{"rendered":"ELRING 158.430 Kampiakselin tiiviste"},"content":{"rendered":"<p>Sis\u00e4l\u00e4pimitta [mm]: 85; Ulkol\u00e4pimitta [mm]: 105; Korkeus (mm): 11; Akselitiivisteen malli: ASW; Rihlamalli: Vasen kierre; Materiaali: PTFE (polytetrafluorietyleeni); Suojavaippa: Suojakumilla; Korvaava tuote\/korvaava tiedote 2: asennushylsyll\u00e4; Huomioi asennusoohje: ; Asennuspuoli: getriebeseitig; VW: GOLF IV 1J1,GOLF V 1K1,POLO 9N_,PASSAT Variant 3C5,PASSAT Variant 3B6,TRANSPORTER IV Bus 70XB, 70XC, 7DB, 7DW,PASSAT 3C2,POLO 6R, 6C,PASSAT Variant 365,GOLF IV Variant 1J5,SHARAN 7M8, 7M9, 7M6,PASSAT Variant 3B5,TRANSPORTER V Bus 7HB, 7HJ, 7EB, 7EJ, 7EF,FOX 5Z1, 5Z3,TOUAREG 7LA, 7L6, 7L7,MULTIVAN V 7HM, 7HN, 7HF, 7EF, 7EM, 7EN,BORA 1J2,PASSAT 3B2,TRANSPORTER IV Kasten 70XA,EOS 1F7, 1F8,TRANSPORTER V Kasten 7HA, 7HH, 7EA, 7EH,PASSAT CC 357,NEW BEETLE 9C1, 1C1,PASSAT 3B3,PHAETON 3D_,BORA Kombi 1J6,TOUAREG 7P5,TRANSPORTER IV Pritsche\/Fahrgestell 70XD,PASSAT 362,CC 358,TRANSPORTER V Pritsche\/Fahrgestell 7JD, 7JE, 7JL, 7JY, 7JZ,,PASSAT A32; AUDI: A3 8P1,A3 Sportback 8PA,Q7 4L,TT 8N3,A8 4E_,TT 8J3,A8 4D2, 4D8,TT Roadster 8N9,TT Roadster 8J9,A8 4H_; SKODA: FABIA Combi 6Y5,FABIA,FABIA 6Y2,FABIA Combi,ROOMSTER 5J,SUPERB Kombi 3T5,SUPERB 3T4,RAPID Spaceback NH1,FABIA Stufenheck 6Y3,ROOMSTER Praktik 5J,RAPID NH3,FABIA Praktik; SEAT: IBIZA IV 6L1,IBIZA V 6J5, 6P5,LEON 1M1,ALHAMBRA 7V8, 7V9,IBIZA V ST 6J8, 6P8,TOLEDO II 1M2,IBIZA V SPORTCOUPE 6J1, 6P1,CORDOBA 6L2,TOLEDO IV KG3; FORD: GALAXY WGR; PORSCHE: CAYENNE 955,BOXSTER 986,911 996,911 997,BOXSTER 987,CAYENNE,PANAMERA,911 Cabriolet 996,CAYMAN 987,911 Cabriolet 997,BOXSTER 981,911 991,911 Targa 996,CAYMAN 981,911 Targa 997,911 Cabriolet 991,MACAN,BOXTER Spyder,718 BOXSTER 982,718 CAYMAN 982,911 Targa 991; BENTLEY: CONTINENTAL Coupe 3W_,CONTINENTAL Cabriolet 3W_,CONTINENTAL FLYING SPUR 3W_,FLYING SPUR 3W_,BENTAYGA 4V1,CONTINENTAL Coupe 3S3; 021103051C, 1206326, 0PB105249, 95510105100, 99710121201, 99911347640, 021103051C, 021103051C, 021103051C; Akselitiiviste, Kampiakseli<\/p>\n","protected":false},"excerpt":{"rendered":"<p>ELRING Kampiakselin Tiiviste 158.430 Akselitiiviste, Kampiakseli VW,AUDI,SKODA,GOLF IV 1J1,GOLF V 1K1,POLO 9N_,PASSAT Variant 3C5,PASSAT Variant 3B6<\/p>\n","protected":false},"featured_media":0,"template":"","meta":{"site-sidebar-layout":"default","site-content-layout":"default","ast-global-header-display":"","ast-main-header-display":"","ast-hfb-above-header-display":"","ast-hfb-below-header-display":"","ast-hfb-mobile-header-display":"","site-post-title":"","ast-breadcrumbs-content":"","ast-featured-img":"","footer-sml-layout":"","theme-transparent-header-meta":"","adv-header-id-meta":"","stick-header-meta":"","header-above-stick-meta":"","header-main-stick-meta":"","header-below-stick-meta":""},"pwb-brand":[26],"product_cat":[88],"product_tag":[],"class_list":{"0":"post-64102","1":"product","2":"type-product","3":"status-publish","5":"pwb-brand-elring","6":"product_cat-kampiakselin-tiiviste","7":"desktop-align-left","8":"tablet-align-left","9":"mobile-align-left","11":"first","12":"instock","13":"product-type-external"},"brands":[{"id":26,"name":"ELRING","slug":"elring"}],"_links":{"self":[{"href":"https:\/\/www.autonvaraosahaku.fi\/index.php?rest_route=\/wp\/v2\/product\/64102","targetHints":{"allow":["GET"]}}],"collection":[{"href":"https:\/\/www.autonvaraosahaku.fi\/index.php?rest_route=\/wp\/v2\/product"}],"about":[{"href":"https:\/\/www.autonvaraosahaku.fi\/index.php?rest_route=\/wp\/v2\/types\/product"}],"wp:attachment":[{"href":"https:\/\/www.autonvaraosahaku.fi\/index.php?rest_route=%2Fwp%2Fv2%2Fmedia&parent=64102"}],"wp:term":[{"taxonomy":"pwb-brand","embeddable":true,"href":"https:\/\/www.autonvaraosahaku.fi\/index.php?rest_route=%2Fwp%2Fv2%2Fpwb-brand&post=64102"},{"taxonomy":"product_cat","embeddable":true,"href":"https:\/\/www.autonvaraosahaku.fi\/index.php?rest_route=%2Fwp%2Fv2%2Fproduct_cat&post=64102"},{"taxonomy":"product_tag","embeddable":true,"href":"https:\/\/www.autonvaraosahaku.fi\/index.php?rest_route=%2Fwp%2Fv2%2Fproduct_tag&post=64102"}],"curies":[{"name":"wp","href":"https:\/\/api.w.org\/{rel}","templated":true}]}}