{"id":64136,"date":"2021-02-21T18:38:01","date_gmt":"2021-02-21T18:38:01","guid":{"rendered":"https:\/\/www.autonvaraosahaku.fi\/?product=meyle-316-050-4367-alatukivarsi"},"modified":"2021-02-21T18:38:04","modified_gmt":"2021-02-21T18:38:04","slug":"meyle-316-050-4367-alatukivarsi","status":"publish","type":"product","link":"https:\/\/www.autonvaraosahaku.fi\/?product=meyle-316-050-4367-alatukivarsi","title":{"rendered":"MEYLE 316 050 4367 Alatukivarsi"},"content":{"rendered":"<p>Asennuspuoli: Etuakseli, vasen; Ohjausmalli: Poikittaistukivarsi; Korvaava tuote\/korvaava tiedote 2: Alapallo-\/pallonivelell\u00e4; Materiaali: Ter\u00e4s; Kierre 1: M14x1,5; kierre 2: M12x1,5; parilliset tuotenumerot: 316 050 4366; lis\u00e4tieto: ORIGINAL Quality; Valmistusvuoteen: 09\/1988; BMW: 3 E30,3 Cabriolet E30,3 Touring E30,Z1; 31121127725, 31121701059; Tukivarsi,Tukivarsi, Py\u00f6r\u00e4ntuenta<\/p>\n","protected":false},"excerpt":{"rendered":"<p>MEYLE Alatukivarsi 316 050 4367 Tukivarsi,Tukivarsi, Py\u00f6r\u00e4ntuenta BMW,3 E30,3 Cabriolet E30,3 Touring E30,Z1<\/p>\n","protected":false},"featured_media":0,"template":"","meta":{"site-sidebar-layout":"default","site-content-layout":"default","ast-global-header-display":"","ast-main-header-display":"","ast-hfb-above-header-display":"","ast-hfb-below-header-display":"","ast-hfb-mobile-header-display":"","site-post-title":"","ast-breadcrumbs-content":"","ast-featured-img":"","footer-sml-layout":"","theme-transparent-header-meta":"","adv-header-id-meta":"","stick-header-meta":"","header-above-stick-meta":"","header-main-stick-meta":"","header-below-stick-meta":""},"pwb-brand":[84],"product_cat":[62],"product_tag":[],"class_list":{"0":"post-64136","1":"product","2":"type-product","3":"status-publish","5":"pwb-brand-meyle","6":"product_cat-alatukivarsi","7":"desktop-align-left","8":"tablet-align-left","9":"mobile-align-left","11":"first","12":"instock","13":"product-type-external"},"brands":[{"id":84,"name":"MEYLE","slug":"meyle"}],"_links":{"self":[{"href":"https:\/\/www.autonvaraosahaku.fi\/index.php?rest_route=\/wp\/v2\/product\/64136","targetHints":{"allow":["GET"]}}],"collection":[{"href":"https:\/\/www.autonvaraosahaku.fi\/index.php?rest_route=\/wp\/v2\/product"}],"about":[{"href":"https:\/\/www.autonvaraosahaku.fi\/index.php?rest_route=\/wp\/v2\/types\/product"}],"wp:attachment":[{"href":"https:\/\/www.autonvaraosahaku.fi\/index.php?rest_route=%2Fwp%2Fv2%2Fmedia&parent=64136"}],"wp:term":[{"taxonomy":"pwb-brand","embeddable":true,"href":"https:\/\/www.autonvaraosahaku.fi\/index.php?rest_route=%2Fwp%2Fv2%2Fpwb-brand&post=64136"},{"taxonomy":"product_cat","embeddable":true,"href":"https:\/\/www.autonvaraosahaku.fi\/index.php?rest_route=%2Fwp%2Fv2%2Fproduct_cat&post=64136"},{"taxonomy":"product_tag","embeddable":true,"href":"https:\/\/www.autonvaraosahaku.fi\/index.php?rest_route=%2Fwp%2Fv2%2Fproduct_tag&post=64136"}],"curies":[{"name":"wp","href":"https:\/\/api.w.org\/{rel}","templated":true}]}}