{"id":64165,"date":"2021-02-21T18:38:11","date_gmt":"2021-02-21T18:38:11","guid":{"rendered":"https:\/\/www.autonvaraosahaku.fi\/?product=febi-bilstein-30133-hydraulinen-venttiilinnostin"},"modified":"2021-02-21T18:38:12","modified_gmt":"2021-02-21T18:38:12","slug":"febi-bilstein-30133-hydraulinen-venttiilinnostin","status":"publish","type":"product","link":"https:\/\/www.autonvaraosahaku.fi\/?product=febi-bilstein-30133-hydraulinen-venttiilinnostin","title":{"rendered":"FEBI BILSTEIN 30133 Hydraulinen venttiilinnostin"},"content":{"rendered":"<p>Paksuus [mm]: 29,5; Ulkol\u00e4pimitta [mm]: 12,0; K\u00e4ytt\u00f6: Hydraulinen; Paino [kg]: 0,014; Huomioi huolto-ohjeet: , ; Asennuspuoli: Auslassseite; BMW: 1 F20; OPEL: GRANDLAND X A18; PEUGEOT: 207 WA_, WC_,207 CC WD_,207 SW WK_,308 SW,208,308 4A_, 4C_,5008,508 SW,3008,PARTNER Tepee,RCZ,308 CC,2008,508,PARTNER Kasten,207 Stufenheck,308 II,308 SW II; CITRO\u00cbN: BERLINGO B9,C5 III Break TD_,C4 Picasso I UD_,C4 Grand Picasso I UA_,C4 I LC_,DS3,C3 Picasso,C5 III RD_,C3 II,C4 Coupe LA_,C4 II B7,BERLINGO Kasten B9,DS4,DS5,DS3 Cabriolet,C4 Stufenheck N; MINI: MINI R56,MINI CLUBMAN R55,MINI Cabriolet R57,MINI COUNTRYMAN R60,MINI Coupe R58,MINI Roadster R59,MINI PACEMAN R61,MINI CLUBVAN R55; DS: DS 3,DS7 Crossback,DS 4 \/ DS 4 CROSSBACK,DS 3 Cabriolet; 11337549632, 094287, 94287, 094287, 11337549632, 03648718, 3648718, 094287, 94287, 003648718, 03648718, 3648718; Venttiilinnostin<\/p>\n","protected":false},"excerpt":{"rendered":"<p>FEBI BILSTEIN Hydraulinen Venttiilinnostin 30133 Venttiilinnostin BMW,OPEL,PEUGEOT,1 F20,GRANDLAND X A18,207 WA_, WC_,207 CC WD_,207 SW WK_,308 SW,208<\/p>\n","protected":false},"featured_media":0,"template":"","meta":{"site-sidebar-layout":"default","site-content-layout":"default","ast-global-header-display":"","ast-main-header-display":"","ast-hfb-above-header-display":"","ast-hfb-below-header-display":"","ast-hfb-mobile-header-display":"","site-post-title":"","ast-breadcrumbs-content":"","ast-featured-img":"","footer-sml-layout":"","theme-transparent-header-meta":"","adv-header-id-meta":"","stick-header-meta":"","header-above-stick-meta":"","header-main-stick-meta":"","header-below-stick-meta":""},"pwb-brand":[50],"product_cat":[126],"product_tag":[],"class_list":{"0":"post-64165","1":"product","2":"type-product","3":"status-publish","5":"pwb-brand-febi-bilstein","6":"product_cat-hydraulinen-venttiilinnostin","7":"desktop-align-left","8":"tablet-align-left","9":"mobile-align-left","11":"first","12":"instock","13":"product-type-external"},"brands":[{"id":50,"name":"FEBI BILSTEIN","slug":"febi-bilstein"}],"_links":{"self":[{"href":"https:\/\/www.autonvaraosahaku.fi\/index.php?rest_route=\/wp\/v2\/product\/64165","targetHints":{"allow":["GET"]}}],"collection":[{"href":"https:\/\/www.autonvaraosahaku.fi\/index.php?rest_route=\/wp\/v2\/product"}],"about":[{"href":"https:\/\/www.autonvaraosahaku.fi\/index.php?rest_route=\/wp\/v2\/types\/product"}],"wp:attachment":[{"href":"https:\/\/www.autonvaraosahaku.fi\/index.php?rest_route=%2Fwp%2Fv2%2Fmedia&parent=64165"}],"wp:term":[{"taxonomy":"pwb-brand","embeddable":true,"href":"https:\/\/www.autonvaraosahaku.fi\/index.php?rest_route=%2Fwp%2Fv2%2Fpwb-brand&post=64165"},{"taxonomy":"product_cat","embeddable":true,"href":"https:\/\/www.autonvaraosahaku.fi\/index.php?rest_route=%2Fwp%2Fv2%2Fproduct_cat&post=64165"},{"taxonomy":"product_tag","embeddable":true,"href":"https:\/\/www.autonvaraosahaku.fi\/index.php?rest_route=%2Fwp%2Fv2%2Fproduct_tag&post=64165"}],"curies":[{"name":"wp","href":"https:\/\/api.w.org\/{rel}","templated":true}]}}