{"id":64234,"date":"2021-02-21T18:38:26","date_gmt":"2021-02-21T18:38:26","guid":{"rendered":"https:\/\/www.autonvaraosahaku.fi\/?product=vaico-v10-40018-jarrulevyt"},"modified":"2021-02-21T18:38:29","modified_gmt":"2021-02-21T18:38:29","slug":"vaico-v10-40018-jarrulevyt","status":"publish","type":"product","link":"https:\/\/www.autonvaraosahaku.fi\/?product=vaico-v10-40018-jarrulevyt","title":{"rendered":"VAICO V10-40018 Jarrulevyt"},"content":{"rendered":"<p>Asennuspuoli: Taka-akseli, Taka-akseli; Vanne, aukkoja: 5; Korkeus (mm): 64,2; Jarrulevytyyppi: Vakiomalli, Vakiomalli; Jarrulevyn paksuus (mm): 10; V\u00e4himm\u00e4ispaksuus (mm): 8; Ulkol\u00e4pimitta [mm]: 245; keskitt\u00e4misl\u00e4pimitta [mm]: 68; Reik\u00e4ympyr\u00e4-\u00d8 [mm]: 112; Jarrulevyn navan korkeus [mm]: 54; Pakkausleveys [cm]: 26, 26; Pakkauskorkeus [mm]: 13, 13; Pakkaussyvyys [cm]: 26, 26; Reikien m\u00e4\u00e4r\u00e4: 5; Paino [kg]: 4,213; lis\u00e4tieto: CST99; Valmistusvuosi alkaen: 07\/1993; VW: PASSAT Variant 3B6,PASSAT Variant 3B5,PASSAT 3B2,PASSAT 3B3; AUDI: A6 Avant 4B5, C5,A6 4B2, C5,100 4A, C4,A6 Avant 4A, C4,A6 4A, C4,100 Avant 4A, C4; SKODA: SUPERB 3U4; 4A0615301A, 4A0615601A, 8E0615601, 4A0615601A, 8E0615601, 4A0615601A, 8E0615601, 4A0615301A, 4A0615601A, 8E0615601; Jarrulevy<\/p>\n","protected":false},"excerpt":{"rendered":"<p>VAICO Jarrulevyt V10-40018 Jarrulevy VW,AUDI,SKODA,PASSAT Variant 3B6,PASSAT Variant 3B5,PASSAT 3B2,PASSAT 3B3,A6 Avant 4B5, C5,A6 4B2, C5,100 4A, C4<\/p>\n","protected":false},"featured_media":0,"template":"","meta":{"site-sidebar-layout":"default","site-content-layout":"default","ast-global-header-display":"","ast-main-header-display":"","ast-hfb-above-header-display":"","ast-hfb-below-header-display":"","ast-hfb-mobile-header-display":"","site-post-title":"","ast-breadcrumbs-content":"","ast-featured-img":"","footer-sml-layout":"","theme-transparent-header-meta":"","adv-header-id-meta":"","stick-header-meta":"","header-above-stick-meta":"","header-main-stick-meta":"","header-below-stick-meta":""},"pwb-brand":[330],"product_cat":[66],"product_tag":[],"class_list":{"0":"post-64234","1":"product","2":"type-product","3":"status-publish","5":"pwb-brand-vaico","6":"product_cat-jarrulevyt","7":"desktop-align-left","8":"tablet-align-left","9":"mobile-align-left","11":"first","12":"instock","13":"product-type-external"},"brands":[{"id":330,"name":"VAICO","slug":"vaico"}],"_links":{"self":[{"href":"https:\/\/www.autonvaraosahaku.fi\/index.php?rest_route=\/wp\/v2\/product\/64234","targetHints":{"allow":["GET"]}}],"collection":[{"href":"https:\/\/www.autonvaraosahaku.fi\/index.php?rest_route=\/wp\/v2\/product"}],"about":[{"href":"https:\/\/www.autonvaraosahaku.fi\/index.php?rest_route=\/wp\/v2\/types\/product"}],"wp:attachment":[{"href":"https:\/\/www.autonvaraosahaku.fi\/index.php?rest_route=%2Fwp%2Fv2%2Fmedia&parent=64234"}],"wp:term":[{"taxonomy":"pwb-brand","embeddable":true,"href":"https:\/\/www.autonvaraosahaku.fi\/index.php?rest_route=%2Fwp%2Fv2%2Fpwb-brand&post=64234"},{"taxonomy":"product_cat","embeddable":true,"href":"https:\/\/www.autonvaraosahaku.fi\/index.php?rest_route=%2Fwp%2Fv2%2Fproduct_cat&post=64234"},{"taxonomy":"product_tag","embeddable":true,"href":"https:\/\/www.autonvaraosahaku.fi\/index.php?rest_route=%2Fwp%2Fv2%2Fproduct_tag&post=64234"}],"curies":[{"name":"wp","href":"https:\/\/api.w.org\/{rel}","templated":true}]}}