{"id":64244,"date":"2021-02-21T18:38:31","date_gmt":"2021-02-21T18:38:31","guid":{"rendered":"https:\/\/www.autonvaraosahaku.fi\/?product=corteco-01019289b-tiivisteet"},"modified":"2021-02-21T18:38:32","modified_gmt":"2021-02-21T18:38:32","slug":"corteco-01019289b-tiivisteet","status":"publish","type":"product","link":"https:\/\/www.autonvaraosahaku.fi\/?product=corteco-01019289b-tiivisteet","title":{"rendered":"CORTECO 01019289B Tiivisteet"},"content":{"rendered":"<p>Sis\u00e4l\u00e4pimitta 1 [mm]: 35; Ulkol\u00e4pimitta 1 [mm]: 52; Korkeus 1 (mm): 7; Materiaali: FPM (fluori-kumi); Rihlamalli: Oikea kierre; Asennuspuoli: Eingang; MERCEDES-BENZ: 190 W201,SL R107,Stufenheck W123,S-CLASS W126,G-CLASS W460; BMW: 3 E30,5 E34,3 Cabriolet E30,7 E32,5 E28,6 E24,3 Touring E30,7 E23,5 E12,Z1; FORD: TRANSIT MK-7 Kasten,TRANSIT MK-7 Bus,TRANSIT Kasten FA_ _,TRANSIT Bus FD_ _, FB_ _, FS_ _, FZ_ _, FC_ _,TRANSIT MK-7 Pritsche\/Fahrgestell,TRANSIT Pritsche\/Fahrgestell FM_ _, FN_ _; 23121209311, 23121220619, 1311157, 4C1R7048AA, 0099975347<\/p>\n","protected":false},"excerpt":{"rendered":"<p>CORTECO Akselitiiviste, Vaihteisto 01019289B  MERCEDES-BENZ,BMW,FORD,190 W201,SL R107,Stufenheck W123,S-CLASS W126,G-CLASS W460,3 E30,5 E34<\/p>\n","protected":false},"featured_media":0,"template":"","meta":{"site-sidebar-layout":"default","site-content-layout":"default","ast-global-header-display":"","ast-main-header-display":"","ast-hfb-above-header-display":"","ast-hfb-below-header-display":"","ast-hfb-mobile-header-display":"","site-post-title":"","ast-breadcrumbs-content":"","ast-featured-img":"","footer-sml-layout":"","theme-transparent-header-meta":"","adv-header-id-meta":"","stick-header-meta":"","header-above-stick-meta":"","header-main-stick-meta":"","header-below-stick-meta":""},"pwb-brand":[53],"product_cat":[27],"product_tag":[],"class_list":{"0":"post-64244","1":"product","2":"type-product","3":"status-publish","5":"pwb-brand-corteco","6":"product_cat-tiivisteet","7":"desktop-align-left","8":"tablet-align-left","9":"mobile-align-left","11":"first","12":"instock","13":"product-type-external"},"brands":[{"id":53,"name":"CORTECO","slug":"corteco"}],"_links":{"self":[{"href":"https:\/\/www.autonvaraosahaku.fi\/index.php?rest_route=\/wp\/v2\/product\/64244","targetHints":{"allow":["GET"]}}],"collection":[{"href":"https:\/\/www.autonvaraosahaku.fi\/index.php?rest_route=\/wp\/v2\/product"}],"about":[{"href":"https:\/\/www.autonvaraosahaku.fi\/index.php?rest_route=\/wp\/v2\/types\/product"}],"wp:attachment":[{"href":"https:\/\/www.autonvaraosahaku.fi\/index.php?rest_route=%2Fwp%2Fv2%2Fmedia&parent=64244"}],"wp:term":[{"taxonomy":"pwb-brand","embeddable":true,"href":"https:\/\/www.autonvaraosahaku.fi\/index.php?rest_route=%2Fwp%2Fv2%2Fpwb-brand&post=64244"},{"taxonomy":"product_cat","embeddable":true,"href":"https:\/\/www.autonvaraosahaku.fi\/index.php?rest_route=%2Fwp%2Fv2%2Fproduct_cat&post=64244"},{"taxonomy":"product_tag","embeddable":true,"href":"https:\/\/www.autonvaraosahaku.fi\/index.php?rest_route=%2Fwp%2Fv2%2Fproduct_tag&post=64244"}],"curies":[{"name":"wp","href":"https:\/\/api.w.org\/{rel}","templated":true}]}}