{"id":64280,"date":"2021-02-21T18:38:36","date_gmt":"2021-02-21T18:38:36","guid":{"rendered":"https:\/\/www.autonvaraosahaku.fi\/?product=trw-jte1023-raidetangon-paa"},"modified":"2021-02-21T18:38:40","modified_gmt":"2021-02-21T18:38:40","slug":"trw-jte1023-raidetangon-paa","status":"publish","type":"product","link":"https:\/\/www.autonvaraosahaku.fi\/?product=trw-jte1023-raidetangon-paa","title":{"rendered":"TRW JTE1023 Raidetangon p\u00e4\u00e4"},"content":{"rendered":"<p>Pituus (mm): 155; Kierremalli: Oikealla kierteell\u00e4; Kierremitta: M8x1,25; Ulkokierre [mm]: M14x1.5; Asennuspuoli: Vorderachse beidseitig; VW: PASSAT Variant 3B6,PASSAT Variant 3B5,PASSAT 3B2,PASSAT 3B3; AUDI: A6 Avant 4F5, C6,A4 8D2, B5,A4 Avant 8ED, B7,A4 Avant 8E5, B6,A6 Avant 4B5, C5,A4 Avant 8D5, B5,A4 8E2, B6,A6 4F2, C6,A6 4B2, C5,A4 Cabriolet 8H7, B6, 8HE, B7,A4 8EC, B7,A6 Allroad 4FH, C6,ALLROAD 4BH, C5; SKODA: SUPERB 3U4; SEAT: EXEO ST 3R5,EXEO 3R2; 4B0419801G, 4B0419811D, 4B0419811G, 4B1422065T, 4B1422066N, 4B2422066F, 4B7422065, 4B7422065C, 4D0419801G, 4D0419801M, 4D0419801Q, 4D0419811J, 4F0419811B, 4F0419811C, 4F0419811D, 4F0498811, 4F0498811A, 4F1422065K, 4F1422065P, 4F1422065R, 4F1422066, 4F1422066A, 8D0498998A, 8D1422071Q, 8D1422072, 8D1422072B, 8D1422072P, 8D1422072Q, 8D2422071P, 8D2422071Q, 8E0419801, 8E0419801E, 8E0419811, 8E0419821, 8E1422065G, 8E1422071B, 8E1422071H, 8E2422066D, 8E2422066Q, 8H1422065, 8H1422065B, 4B0419801G, 4B0419811D, 4B0419811G, 4B1422065T, 4B1422066N, 4B2422066F, 4B7422065, 4B7422065C, 4D0419801G, 4D0419801M, 4D0419801Q, 4D0419811J, 4F0419811B, 4F0419811C, 4F0419811D, 4F0498811A, 4F1422065K, 4F1422065P, 4F1422065R, 4F1422066, 4F1422066A, 8D0498998A, 8D1422071Q, 8D1422072, 8D1422072B, 8D1422072P, 8D1422072Q, 8D2422071P, 8D2422071Q, 8E0419801, 8E0419801E, 8E0419811, 8E0419821, 8E1422065G, 8E1422071B, 8E1422071H, 8E2422066D, 8E2422066Q, 8H1422065, 8H1422065B, 4B0419801G, 4B0419811D, 4B0419811G, 4B142&#8230;<\/p>\n","protected":false},"excerpt":{"rendered":"<p>TRW Raidetangon P\u00e4\u00e4 JTE1023  VW,AUDI,SKODA,PASSAT Variant 3B6,PASSAT Variant 3B5,PASSAT 3B2,PASSAT 3B3,A6 Avant 4F5, C6,A4 8D2, B5,A4 Avant 8ED, B7<\/p>\n","protected":false},"featured_media":0,"template":"","meta":{"site-sidebar-layout":"default","site-content-layout":"default","ast-global-header-display":"","ast-main-header-display":"","ast-hfb-above-header-display":"","ast-hfb-below-header-display":"","ast-hfb-mobile-header-display":"","site-post-title":"","ast-breadcrumbs-content":"","ast-featured-img":"","footer-sml-layout":"","theme-transparent-header-meta":"","adv-header-id-meta":"","stick-header-meta":"","header-above-stick-meta":"","header-main-stick-meta":"","header-below-stick-meta":""},"pwb-brand":[332],"product_cat":[96],"product_tag":[],"class_list":{"0":"post-64280","1":"product","2":"type-product","3":"status-publish","5":"pwb-brand-trw","6":"product_cat-raidetangon-paa","7":"desktop-align-left","8":"tablet-align-left","9":"mobile-align-left","11":"first","12":"instock","13":"product-type-external"},"brands":[{"id":332,"name":"TRW","slug":"trw"}],"_links":{"self":[{"href":"https:\/\/www.autonvaraosahaku.fi\/index.php?rest_route=\/wp\/v2\/product\/64280","targetHints":{"allow":["GET"]}}],"collection":[{"href":"https:\/\/www.autonvaraosahaku.fi\/index.php?rest_route=\/wp\/v2\/product"}],"about":[{"href":"https:\/\/www.autonvaraosahaku.fi\/index.php?rest_route=\/wp\/v2\/types\/product"}],"wp:attachment":[{"href":"https:\/\/www.autonvaraosahaku.fi\/index.php?rest_route=%2Fwp%2Fv2%2Fmedia&parent=64280"}],"wp:term":[{"taxonomy":"pwb-brand","embeddable":true,"href":"https:\/\/www.autonvaraosahaku.fi\/index.php?rest_route=%2Fwp%2Fv2%2Fpwb-brand&post=64280"},{"taxonomy":"product_cat","embeddable":true,"href":"https:\/\/www.autonvaraosahaku.fi\/index.php?rest_route=%2Fwp%2Fv2%2Fproduct_cat&post=64280"},{"taxonomy":"product_tag","embeddable":true,"href":"https:\/\/www.autonvaraosahaku.fi\/index.php?rest_route=%2Fwp%2Fv2%2Fproduct_tag&post=64280"}],"curies":[{"name":"wp","href":"https:\/\/api.w.org\/{rel}","templated":true}]}}