{"id":64314,"date":"2021-02-21T18:38:47","date_gmt":"2021-02-21T18:38:47","guid":{"rendered":"https:\/\/www.autonvaraosahaku.fi\/?product=mahle-original-tx-30-87d-termostaatti"},"modified":"2021-02-21T18:38:50","modified_gmt":"2021-02-21T18:38:50","slug":"mahle-original-tx-30-87d-termostaatti","status":"publish","type":"product","link":"https:\/\/www.autonvaraosahaku.fi\/?product=mahle-original-tx-30-87d-termostaatti","title":{"rendered":"MAHLE ORIGINAL TX 30 87D Termostaatti"},"content":{"rendered":"<p>Avausl\u00e4mp\u00f6tila [\u00b0C]: 87; Lis\u00e4tarvike\/lis\u00e4tieto: Tiivisteill\u00e4, Tiivisteill\u00e4, Ilman tiivisteit\u00e4; Paino [g]: 0,28; Korkeus (tuumaa): 2,79; Leveys (tuumaa): 2,28; Pituus (tuumaa): 2,56; Alustanumeroon: 4B_X_160 000; VW: PASSAT Variant 3B6,TRANSPORTER IV Bus 70XB, 70XC, 7DB, 7DW,PASSAT Variant 3B5,TRANSPORTER V Bus 7HB, 7HJ, 7EB, 7EJ, 7EF,MULTIVAN V 7HM, 7HN, 7HF, 7EF, 7EM, 7EN,PASSAT 3B2,TRANSPORTER IV Kasten 70XA,TRANSPORTER V Kasten 7HA, 7HH, 7EA, 7EH,PASSAT 3B3,TRANSPORTER IV Pritsche\/Fahrgestell 70XD,TRANSPORTER V Pritsche\/Fahrgestell 7JD, 7JE, 7JL, 7JY, 7JZ,; AUDI: A4 8D2, B5,A4 Avant 8E5, B6,A6 Avant 4B5, C5,A4 Avant 8D5, B5,A4 8E2, B6,80 8C, B4,A6 4B2, C5,CABRIOLET 8G7, B4,A8 4E_,100 4A, C4,A8 4D2, 4D8,80 Avant 8C, B4,A6 Avant 4A, C4,A6 4A, C4,COUPE 89, 8B,100 Avant 4A, C4,ALLROAD 4BH, C5,V8 44_, 4C_; SKODA: SUPERB 3U4; JAGUAR: XJSC Convertible,XK Coupe QQ6_, _J43_,XK Cabriolet _J43_,XJ Coupe; BMW: 3 Cabriolet E30; 077121113, 078121113, 078121113B, 078121113C, 078121113D, 078121113F, 078121113J, 78121113C, 077121113, 078121113, 078121113B, 078121113C, 078121113D, 078121113F, 078121113J, 78121113C, 078121113C, 078121113D, 078121113C, 078121113D; Termostaatti, J\u00e4\u00e4hdytysneste<\/p>\n","protected":false},"excerpt":{"rendered":"<p>MAHLE ORIGINAL Termostaatti TX 30 87D Termostaatti, J\u00e4\u00e4hdytysneste VW,AUDI,SKODA,PASSAT Variant 3B6,TRANSPORTER IV Bus 70XB, 70XC, 7DB, 7DW<\/p>\n","protected":false},"featured_media":0,"template":"","meta":{"site-sidebar-layout":"default","site-content-layout":"default","ast-global-header-display":"","ast-main-header-display":"","ast-hfb-above-header-display":"","ast-hfb-below-header-display":"","ast-hfb-mobile-header-display":"","site-post-title":"","ast-breadcrumbs-content":"","ast-featured-img":"","footer-sml-layout":"","theme-transparent-header-meta":"","adv-header-id-meta":"","stick-header-meta":"","header-above-stick-meta":"","header-main-stick-meta":"","header-below-stick-meta":""},"pwb-brand":[153],"product_cat":[174],"product_tag":[],"class_list":{"0":"post-64314","1":"product","2":"type-product","3":"status-publish","5":"pwb-brand-mahle-original","6":"product_cat-termostaatti","7":"desktop-align-left","8":"tablet-align-left","9":"mobile-align-left","11":"first","12":"instock","13":"product-type-external"},"brands":[{"id":153,"name":"MAHLE ORIGINAL","slug":"mahle-original"}],"_links":{"self":[{"href":"https:\/\/www.autonvaraosahaku.fi\/index.php?rest_route=\/wp\/v2\/product\/64314","targetHints":{"allow":["GET"]}}],"collection":[{"href":"https:\/\/www.autonvaraosahaku.fi\/index.php?rest_route=\/wp\/v2\/product"}],"about":[{"href":"https:\/\/www.autonvaraosahaku.fi\/index.php?rest_route=\/wp\/v2\/types\/product"}],"wp:attachment":[{"href":"https:\/\/www.autonvaraosahaku.fi\/index.php?rest_route=%2Fwp%2Fv2%2Fmedia&parent=64314"}],"wp:term":[{"taxonomy":"pwb-brand","embeddable":true,"href":"https:\/\/www.autonvaraosahaku.fi\/index.php?rest_route=%2Fwp%2Fv2%2Fpwb-brand&post=64314"},{"taxonomy":"product_cat","embeddable":true,"href":"https:\/\/www.autonvaraosahaku.fi\/index.php?rest_route=%2Fwp%2Fv2%2Fproduct_cat&post=64314"},{"taxonomy":"product_tag","embeddable":true,"href":"https:\/\/www.autonvaraosahaku.fi\/index.php?rest_route=%2Fwp%2Fv2%2Fproduct_tag&post=64314"}],"curies":[{"name":"wp","href":"https:\/\/api.w.org\/{rel}","templated":true}]}}