{"id":64316,"date":"2021-02-21T18:38:47","date_gmt":"2021-02-21T18:38:47","guid":{"rendered":"https:\/\/www.autonvaraosahaku.fi\/?product=vaico-v24-0418-jousijalan-tukilaakeri"},"modified":"2021-02-21T18:38:50","modified_gmt":"2021-02-21T18:38:50","slug":"vaico-v24-0418-jousijalan-tukilaakeri","status":"publish","type":"product","link":"https:\/\/www.autonvaraosahaku.fi\/?product=vaico-v24-0418-jousijalan-tukilaakeri","title":{"rendered":"VAICO V24-0418 Jousijalan tukilaakeri"},"content":{"rendered":"<p>Korvaava tuote\/korvaava tiedote 2: Kuulalaakerilla; Asennuspuoli: Etuakseli, links; Paino [kg]: 0,551; Pakkausleveys [cm]: 11,181; Pakkauskorkeus [mm]: 6; Pakkaussyvyys [cm]: 11,181; LANCIA: YPSILON 312, 846; OPEL: CORSA D,ADAM,CORSA D Van,CORSA E; ALFA ROMEO: MITO 955; FIAT: GRANDE PUNTO 199,PUNTO EVO 199,PUNTO 199; VAUXHALL: CORSA Mk III D L_8,ADAM,CORSAVAN Mk III D,CORSA Mk IV E; 51780079, 51813225, 51892267, 52027765, 52027765, 52027765, 50510134, 50521707, 51780079, 51813225, 51831016, 51892267, 52027765; Iskarin Yl\u00e4p\u00e4\u00e4,Iskunvaimentimen Yl\u00e4p\u00e4\u00e4<\/p>\n","protected":false},"excerpt":{"rendered":"<p>VAICO Jousijalan Tukilaakeri V24-0418 Iskarin Yl\u00e4p\u00e4\u00e4,Iskunvaimentimen Yl\u00e4p\u00e4\u00e4 LANCIA,OPEL,ALFA ROMEO,YPSILON 312, 846,CORSA D,ADAM,CORSA D Van,CORSA E<\/p>\n","protected":false},"featured_media":0,"template":"","meta":{"site-sidebar-layout":"default","site-content-layout":"default","ast-global-header-display":"","ast-main-header-display":"","ast-hfb-above-header-display":"","ast-hfb-below-header-display":"","ast-hfb-mobile-header-display":"","site-post-title":"","ast-breadcrumbs-content":"","ast-featured-img":"","footer-sml-layout":"","theme-transparent-header-meta":"","adv-header-id-meta":"","stick-header-meta":"","header-above-stick-meta":"","header-main-stick-meta":"","header-below-stick-meta":""},"pwb-brand":[330],"product_cat":[45],"product_tag":[],"class_list":{"0":"post-64316","1":"product","2":"type-product","3":"status-publish","5":"pwb-brand-vaico","6":"product_cat-jousijalan-tukilaakeri","7":"desktop-align-left","8":"tablet-align-left","9":"mobile-align-left","11":"first","12":"instock","13":"product-type-external"},"brands":[{"id":330,"name":"VAICO","slug":"vaico"}],"_links":{"self":[{"href":"https:\/\/www.autonvaraosahaku.fi\/index.php?rest_route=\/wp\/v2\/product\/64316","targetHints":{"allow":["GET"]}}],"collection":[{"href":"https:\/\/www.autonvaraosahaku.fi\/index.php?rest_route=\/wp\/v2\/product"}],"about":[{"href":"https:\/\/www.autonvaraosahaku.fi\/index.php?rest_route=\/wp\/v2\/types\/product"}],"wp:attachment":[{"href":"https:\/\/www.autonvaraosahaku.fi\/index.php?rest_route=%2Fwp%2Fv2%2Fmedia&parent=64316"}],"wp:term":[{"taxonomy":"pwb-brand","embeddable":true,"href":"https:\/\/www.autonvaraosahaku.fi\/index.php?rest_route=%2Fwp%2Fv2%2Fpwb-brand&post=64316"},{"taxonomy":"product_cat","embeddable":true,"href":"https:\/\/www.autonvaraosahaku.fi\/index.php?rest_route=%2Fwp%2Fv2%2Fproduct_cat&post=64316"},{"taxonomy":"product_tag","embeddable":true,"href":"https:\/\/www.autonvaraosahaku.fi\/index.php?rest_route=%2Fwp%2Fv2%2Fproduct_tag&post=64316"}],"curies":[{"name":"wp","href":"https:\/\/api.w.org\/{rel}","templated":true}]}}