{"id":64320,"date":"2021-02-21T18:38:47","date_gmt":"2021-02-21T18:38:47","guid":{"rendered":"https:\/\/www.autonvaraosahaku.fi\/?product=gates-tvd1060a-kampiakselin-hihnapyora"},"modified":"2021-02-21T18:38:51","modified_gmt":"2021-02-21T18:38:51","slug":"gates-tvd1060a-kampiakselin-hihnapyora","status":"publish","type":"product","link":"https:\/\/www.autonvaraosahaku.fi\/?product=gates-tvd1060a-kampiakselin-hihnapyora","title":{"rendered":"GATES TVD1060A Kampiakselin hihnapy\u00f6r\u00e4"},"content":{"rendered":"<p>Lis\u00e4tarvike\/lis\u00e4tieto: Tarvikkeilla; Rihloja (kpl): 6; Ulkol\u00e4pimitta [mm]: 167; Sis\u00e4l\u00e4pimitta [mm]: 12; Leveys (mm): 37; lis\u00e4tieto: PowerGrip\u00ae; Valmistusvuoteen: 11\/2007; JAGUAR: X-TYPE CF1,X-TYPE Estate; FORD: MONDEO III Kombi BWY,MONDEO III B5Y,MONDEO III Stufenheck B4Y,TRANSIT Kasten FA_ _,TRANSIT Bus FD_ _, FB_ _, FS_ _, FZ_ _, FC_ _,TRANSIT Pritsche\/Fahrgestell FM_ _, FN_ _; 1124891, 1151394, 1226637, 1226638, 1329203, 1329205, 1349993, 1351731, 1594853, 1S7Q6B319AB, 1S7Q6B319AC, 1S7Q6B319BA, 1S7Q6B319BB, 4C1Q6B319C1A, 4C1Q6B319C1B, 4C1Q6B319DA, 4C1Q6B319DB, 4C1Q6B319DC, C2S27922, C2S42539, JDE10108; Hihnapy\u00f6r\u00e4, Kampiakseli<\/p>\n","protected":false},"excerpt":{"rendered":"<p>GATES Kampiakselin Hihnapy\u00f6r\u00e4 TVD1060A Hihnapy\u00f6r\u00e4, Kampiakseli JAGUAR,FORD,X-TYPE CF1,X-TYPE Estate,MONDEO III Kombi BWY,MONDEO III B5Y<\/p>\n","protected":false},"featured_media":0,"template":"","meta":{"site-sidebar-layout":"default","site-content-layout":"default","ast-global-header-display":"","ast-main-header-display":"","ast-hfb-above-header-display":"","ast-hfb-below-header-display":"","ast-hfb-mobile-header-display":"","site-post-title":"","ast-breadcrumbs-content":"","ast-featured-img":"","footer-sml-layout":"","theme-transparent-header-meta":"","adv-header-id-meta":"","stick-header-meta":"","header-above-stick-meta":"","header-main-stick-meta":"","header-below-stick-meta":""},"pwb-brand":[22],"product_cat":[219],"product_tag":[],"class_list":{"0":"post-64320","1":"product","2":"type-product","3":"status-publish","5":"pwb-brand-gates","6":"product_cat-kampiakselin-hihnapyora","7":"desktop-align-left","8":"tablet-align-left","9":"mobile-align-left","11":"first","12":"instock","13":"product-type-external"},"brands":[{"id":22,"name":"GATES","slug":"gates"}],"_links":{"self":[{"href":"https:\/\/www.autonvaraosahaku.fi\/index.php?rest_route=\/wp\/v2\/product\/64320","targetHints":{"allow":["GET"]}}],"collection":[{"href":"https:\/\/www.autonvaraosahaku.fi\/index.php?rest_route=\/wp\/v2\/product"}],"about":[{"href":"https:\/\/www.autonvaraosahaku.fi\/index.php?rest_route=\/wp\/v2\/types\/product"}],"wp:attachment":[{"href":"https:\/\/www.autonvaraosahaku.fi\/index.php?rest_route=%2Fwp%2Fv2%2Fmedia&parent=64320"}],"wp:term":[{"taxonomy":"pwb-brand","embeddable":true,"href":"https:\/\/www.autonvaraosahaku.fi\/index.php?rest_route=%2Fwp%2Fv2%2Fpwb-brand&post=64320"},{"taxonomy":"product_cat","embeddable":true,"href":"https:\/\/www.autonvaraosahaku.fi\/index.php?rest_route=%2Fwp%2Fv2%2Fproduct_cat&post=64320"},{"taxonomy":"product_tag","embeddable":true,"href":"https:\/\/www.autonvaraosahaku.fi\/index.php?rest_route=%2Fwp%2Fv2%2Fproduct_tag&post=64320"}],"curies":[{"name":"wp","href":"https:\/\/api.w.org\/{rel}","templated":true}]}}