{"id":64375,"date":"2021-02-21T18:39:02","date_gmt":"2021-02-21T18:39:02","guid":{"rendered":"https:\/\/www.autonvaraosahaku.fi\/?product=metelli-04-0679-takajarrusylinteri"},"modified":"2021-02-21T18:39:05","modified_gmt":"2021-02-21T18:39:05","slug":"metelli-04-0679-takajarrusylinteri","status":"publish","type":"product","link":"https:\/\/www.autonvaraosahaku.fi\/?product=metelli-04-0679-takajarrusylinteri","title":{"rendered":"METELLI 04-0679 Takajarrusylinteri"},"content":{"rendered":"<p>Materiaali: Alumiini, Alumiini; Reik\u00e4-\u00d8 [mm]: 19,05; Jarruj\u00e4rjestelm\u00e4: VAG, Vag; VW: POLO 6R, 6C,GOLF III 1H1,POLO 6N2,GOLF II 19E, 1G1,PASSAT Variant 3A5, 35I,UP,GOLF III Cabriolet 1E7,GOLF III Variant 1H5,POLO 86C, 80,POLO Coupe 86C, 80,PASSAT 3A2, 35I,POLO Variant 6KV5,POLO CLASSIC 6KV2,VENTO 1H2,CADDY I 14,JETTA II 19E, 1G2, 165,POLO Stufenheck,POLO CLASSIC 86C, 80,POLO VIVO Schr\u00e4gheck,DERBY 86C, 80,POLO Kasten 86CF,DERBY 86,POLO VIVO Stufenheck,POLO PLAYA,POLO AW1, BZ1,GOLF III Van 1H1; AUDI: 80 8C, B4,80 89, 89Q, 8A, B3,80 Avant 8C, B4,80 81, 85, B2,90 89, 89Q, 8A, B3; SKODA: FABIA Combi 6Y5,FABIA,FABIA 6Y2,OCTAVIA Combi 1U5,FABIA Combi,ROOMSTER 5J,OCTAVIA 1U2,FABIA Stufenheck 6Y3,FABIA Praktik,FABIA NJ3,FABIA Kombi NJ5; SEAT: IBIZA IV 6L1,IBIZA V 6J5, 6P5,IBIZA V ST 6J8, 6P8,IBIZA II 6K1,IBIZA V SPORTCOUPE 6J1, 6P1,CORDOBA 6K1, 6K2,CORDOBA Vario 6K1,CORDOBA 6L2; 1H0611053, 1H0611053, 1H0611053, 1H0611053, 6Q0611053B; Py\u00f6r\u00e4n Jarrusylinteri,Jarrusylinteri<\/p>\n","protected":false},"excerpt":{"rendered":"<p>METELLI Takajarrusylinteri 04-0679 Py\u00f6r\u00e4n Jarrusylinteri,Jarrusylinteri VW,AUDI,SKODA,POLO 6R, 6C,GOLF III 1H1,POLO 6N2,GOLF II 19E, 1G1<\/p>\n","protected":false},"featured_media":0,"template":"","meta":{"site-sidebar-layout":"default","site-content-layout":"default","ast-global-header-display":"","ast-main-header-display":"","ast-hfb-above-header-display":"","ast-hfb-below-header-display":"","ast-hfb-mobile-header-display":"","site-post-title":"","ast-breadcrumbs-content":"","ast-featured-img":"","footer-sml-layout":"","theme-transparent-header-meta":"","adv-header-id-meta":"","stick-header-meta":"","header-above-stick-meta":"","header-main-stick-meta":"","header-below-stick-meta":""},"pwb-brand":[251],"product_cat":[158],"product_tag":[],"class_list":{"0":"post-64375","1":"product","2":"type-product","3":"status-publish","5":"pwb-brand-metelli","6":"product_cat-takajarrusylinteri","7":"desktop-align-left","8":"tablet-align-left","9":"mobile-align-left","11":"first","12":"instock","13":"product-type-external"},"brands":[{"id":251,"name":"METELLI","slug":"metelli"}],"_links":{"self":[{"href":"https:\/\/www.autonvaraosahaku.fi\/index.php?rest_route=\/wp\/v2\/product\/64375","targetHints":{"allow":["GET"]}}],"collection":[{"href":"https:\/\/www.autonvaraosahaku.fi\/index.php?rest_route=\/wp\/v2\/product"}],"about":[{"href":"https:\/\/www.autonvaraosahaku.fi\/index.php?rest_route=\/wp\/v2\/types\/product"}],"wp:attachment":[{"href":"https:\/\/www.autonvaraosahaku.fi\/index.php?rest_route=%2Fwp%2Fv2%2Fmedia&parent=64375"}],"wp:term":[{"taxonomy":"pwb-brand","embeddable":true,"href":"https:\/\/www.autonvaraosahaku.fi\/index.php?rest_route=%2Fwp%2Fv2%2Fpwb-brand&post=64375"},{"taxonomy":"product_cat","embeddable":true,"href":"https:\/\/www.autonvaraosahaku.fi\/index.php?rest_route=%2Fwp%2Fv2%2Fproduct_cat&post=64375"},{"taxonomy":"product_tag","embeddable":true,"href":"https:\/\/www.autonvaraosahaku.fi\/index.php?rest_route=%2Fwp%2Fv2%2Fproduct_tag&post=64375"}],"curies":[{"name":"wp","href":"https:\/\/api.w.org\/{rel}","templated":true}]}}