{"id":64376,"date":"2021-02-21T18:39:02","date_gmt":"2021-02-21T18:39:02","guid":{"rendered":"https:\/\/www.autonvaraosahaku.fi\/?product=topran-302-725-peruutusvalon-kytkin"},"modified":"2021-02-21T18:39:05","modified_gmt":"2021-02-21T18:39:05","slug":"topran-302-725-peruutusvalon-kytkin","status":"publish","type":"product","link":"https:\/\/www.autonvaraosahaku.fi\/?product=topran-302-725-peruutusvalon-kytkin","title":{"rendered":"TOPRAN 302 725 Peruutusvalon kytkin"},"content":{"rendered":"<p>Napojen m\u00e4\u00e4r\u00e4: 2; Kierremitta: M 16; Avainv\u00e4li: 22; Kierrenousu (mm): 1; Korvaava tuote\/korvaava tiedote 2: Tiivisterenkaalla; Asennusmalli: Ruuviliit\u00e4nn\u00e4ll\u00e4; Moottorinumero: PNDA; FORD: MONDEO III Kombi BWY,FOCUS II Kombi DA_,MONDEO IV Turnier BA7,FOCUS II DA_,S-MAX WA6,FOCUS III Turnier,FOCUS C-MAX,GALAXY WA6,KUGA I,MONDEO III B5Y,C-MAX DM2,FOCUS III,TRANSIT MK-7 Kasten,C-MAX II,MONDEO IV BA7,MONDEO III Stufenheck B4Y,TRANSIT MK-7 Bus,TRANSIT MK-7 Pritsche\/Fahrgestell,FOCUS III Stufenheck,MONDEO IV Stufenheck BA7,TRANSIT CUSTOM Kasten,TRANSIT Custom  Bus,TRANSIT Custom Pritsche\/Fahrgestell; VOLVO: V50 MW,V70 III BW,C30,V60,S40 II MS,V40 Schr\u00e4gheck,S80 II AS,S60 II; 1227274, 1406051, 1444282, 1805255, 3S7T15520AA, 3S7T15520AB, 6M2T15520BA, CM5T15520BA, 30774466, 31367478; Peruutusvalokytkin,Kytkin, Peruutusvalo<\/p>\n","protected":false},"excerpt":{"rendered":"<p>TOPRAN Peruutusvalon Kytkin 302 725 Peruutusvalokytkin,Kytkin, Peruutusvalo FORD,VOLVO,MONDEO III Kombi BWY,FOCUS II Kombi DA_,MONDEO IV Turnier BA7<\/p>\n","protected":false},"featured_media":0,"template":"","meta":{"site-sidebar-layout":"default","site-content-layout":"default","ast-global-header-display":"","ast-main-header-display":"","ast-hfb-above-header-display":"","ast-hfb-below-header-display":"","ast-hfb-mobile-header-display":"","site-post-title":"","ast-breadcrumbs-content":"","ast-featured-img":"","footer-sml-layout":"","theme-transparent-header-meta":"","adv-header-id-meta":"","stick-header-meta":"","header-above-stick-meta":"","header-main-stick-meta":"","header-below-stick-meta":""},"pwb-brand":[18],"product_cat":[116],"product_tag":[],"class_list":{"0":"post-64376","1":"product","2":"type-product","3":"status-publish","5":"pwb-brand-topran","6":"product_cat-peruutusvalon-kytkin","7":"desktop-align-left","8":"tablet-align-left","9":"mobile-align-left","11":"first","12":"instock","13":"product-type-external"},"brands":[{"id":18,"name":"TOPRAN","slug":"topran"}],"_links":{"self":[{"href":"https:\/\/www.autonvaraosahaku.fi\/index.php?rest_route=\/wp\/v2\/product\/64376","targetHints":{"allow":["GET"]}}],"collection":[{"href":"https:\/\/www.autonvaraosahaku.fi\/index.php?rest_route=\/wp\/v2\/product"}],"about":[{"href":"https:\/\/www.autonvaraosahaku.fi\/index.php?rest_route=\/wp\/v2\/types\/product"}],"wp:attachment":[{"href":"https:\/\/www.autonvaraosahaku.fi\/index.php?rest_route=%2Fwp%2Fv2%2Fmedia&parent=64376"}],"wp:term":[{"taxonomy":"pwb-brand","embeddable":true,"href":"https:\/\/www.autonvaraosahaku.fi\/index.php?rest_route=%2Fwp%2Fv2%2Fpwb-brand&post=64376"},{"taxonomy":"product_cat","embeddable":true,"href":"https:\/\/www.autonvaraosahaku.fi\/index.php?rest_route=%2Fwp%2Fv2%2Fproduct_cat&post=64376"},{"taxonomy":"product_tag","embeddable":true,"href":"https:\/\/www.autonvaraosahaku.fi\/index.php?rest_route=%2Fwp%2Fv2%2Fproduct_tag&post=64376"}],"curies":[{"name":"wp","href":"https:\/\/api.w.org\/{rel}","templated":true}]}}