{"id":64385,"date":"2021-02-21T18:39:07","date_gmt":"2021-02-21T18:39:07","guid":{"rendered":"https:\/\/www.autonvaraosahaku.fi\/?product=hella-8fk-351-125-751-ilmastoinnin-kompressori"},"modified":"2021-02-21T18:39:08","modified_gmt":"2021-02-21T18:39:08","slug":"hella-8fk-351-125-751-ilmastoinnin-kompressori","status":"publish","type":"product","link":"https:\/\/www.autonvaraosahaku.fi\/?product=hella-8fk-351-125-751-ilmastoinnin-kompressori","title":{"rendered":"HELLA 8FK 351 125-751 Ilmastoinnin kompressori"},"content":{"rendered":"<p>Valmistaja rajaus: Sanden; Kompressorin tunnus: SD7V16; kiiloja: 6; Korvaava tuote\/korvaava tiedote 2: Tiivisterenkaalla; Kylm\u00e4aine: R 134a; Kompressori\u00f6ljy: PAG 46; Hihnapy\u00f6r\u00e4-\u00d8[mm]: 119; Hihnapy\u00f6r\u00e4t: Moniurahihnapy\u00f6r\u00e4ll\u00e4; Liittimet: H\/PAD; Sylinterikannen tunnus (kompr.): VQL \/ VQS; Nimellisj\u00e4nnite (V): 12; Alustanumerosta: 2K-8-075 001; VW: GOLF IV 1J1,GOLF V 1K1,GOLF IV Variant 1J5,SHARAN 7M8, 7M9, 7M6,CADDY III Kombi 2KB, 2KJ, 2CB, 2CJ,TRANSPORTER V Bus 7HB, 7HJ, 7EB, 7EJ, 7EF,MULTIVAN V 7HM, 7HN, 7HF, 7EF, 7EM, 7EN,CADDY III Kasten 2KA, 2KH, 2CA, 2CH,BORA 1J2,TRANSPORTER V Kasten 7HA, 7HH, 7EA, 7EH,NEW BEETLE 9C1, 1C1,GOLF Mk III Cabriolet 1E7,BORA Kombi 1J6,NEW BEETLE Cabriolet 1Y7,CADDY II Kasten 9K9A,POLO Variant 6KV5,POLO CLASSIC 6KV2,TRANSPORTER V Pritsche\/Fahrgestell 7JD, 7JE, 7JL, 7JY, 7JZ,,CADDY II Kombi 9K9B; AUDI: A3 8L1,TT 8N3,TT Roadster 8N9; MERCEDES-BENZ: V-CLASS 638\/2; FORD: GALAXY WGR; SKODA: OCTAVIA Combi 1Z5,OCTAVIA Combi 1U5,OCTAVIA 1Z3,OCTAVIA 1U2; SEAT: LEON 1M1,ALHAMBRA 7V8, 7V9,IBIZA II 6K1,TOLEDO II 1M2,CORDOBA 6K1, 6K2,CORDOBA Vario 6K1,INCA 6K9; 1J0820803, 1J0820803A, 1J0820803AX, 1J0820803B, 1J0820803F, 1J0820803G, 1J0820803J, 1J0820803K, 1J0820803KX, 1J0820803L, 1J0820803LX, 1J0820803N, 1J0820803NX, 1J0820805, 1J0820805A, 1J0820805X, 1J0820811A, 7M0820803R, 7M3820803, 7M3820803A, 7M3820803B, 7M3820803C, 1076012, XM2H19D629AA, 0002303811, 0002343211, A0002303811, A0002343211, 1J0820803, 1J0820803A, 1J0820803AX, 1J0820803B, 1J0820803F, 1J0820803J, 1J0820803K, 1J0820803KX, 1J0820803L, 1J0820803LX, 1J0820803N, 1J0820803NX, 1J0820805, 1J0820805X, 1J0820811A, 7M0820803R, 7M3820803, 7M3820803A, 7M3820803B, 7M3820803C, 1J0820803, 1J0820803A, 1J0820803AX, 1J0820803B, 1J0820803F, 1J0820803G, 1J0820803J, 1J0820803K, 1J0820803KX, 1J0820803L, 1J0820803LX, 1J0820803N, 1J0820803NX, 1J0820805, 1J0820805A, 1J0820805X, 1J0820811A, 7M0820803R, 7M3820803, 7M3820803A, 7M3820803B, 7M3820803C, 1J0820803, 1J0820803A, 1J0820803AX, 1J0820803B, 1J0820803F, 1J0820803G, 1J0820803J, 1J0820803K, 1J0820803KX, 1J0820803L, 1J0820803LX, 1J0820803N, 1J082080&#8230;; AC Kompressori,Kompressori, Ilmastointilaite<\/p>\n","protected":false},"excerpt":{"rendered":"<p>HELLA Ilmastoinnin Kompressori 8FK 351 125-751 AC Kompressori,Kompressori, Ilmastointilaite VW,AUDI,MERCEDES-BENZ,GOLF IV 1J1,GOLF V 1K1<\/p>\n","protected":false},"featured_media":0,"template":"","meta":{"site-sidebar-layout":"default","site-content-layout":"default","ast-global-header-display":"","ast-main-header-display":"","ast-hfb-above-header-display":"","ast-hfb-below-header-display":"","ast-hfb-mobile-header-display":"","site-post-title":"","ast-breadcrumbs-content":"","ast-featured-img":"","footer-sml-layout":"","theme-transparent-header-meta":"","adv-header-id-meta":"","stick-header-meta":"","header-above-stick-meta":"","header-main-stick-meta":"","header-below-stick-meta":""},"pwb-brand":[24],"product_cat":[444],"product_tag":[],"class_list":{"0":"post-64385","1":"product","2":"type-product","3":"status-publish","5":"pwb-brand-hella","6":"product_cat-ilmastoinnin-kompressori","7":"desktop-align-left","8":"tablet-align-left","9":"mobile-align-left","11":"first","12":"instock","13":"product-type-external"},"brands":[{"id":24,"name":"HELLA","slug":"hella"}],"_links":{"self":[{"href":"https:\/\/www.autonvaraosahaku.fi\/index.php?rest_route=\/wp\/v2\/product\/64385","targetHints":{"allow":["GET"]}}],"collection":[{"href":"https:\/\/www.autonvaraosahaku.fi\/index.php?rest_route=\/wp\/v2\/product"}],"about":[{"href":"https:\/\/www.autonvaraosahaku.fi\/index.php?rest_route=\/wp\/v2\/types\/product"}],"wp:attachment":[{"href":"https:\/\/www.autonvaraosahaku.fi\/index.php?rest_route=%2Fwp%2Fv2%2Fmedia&parent=64385"}],"wp:term":[{"taxonomy":"pwb-brand","embeddable":true,"href":"https:\/\/www.autonvaraosahaku.fi\/index.php?rest_route=%2Fwp%2Fv2%2Fpwb-brand&post=64385"},{"taxonomy":"product_cat","embeddable":true,"href":"https:\/\/www.autonvaraosahaku.fi\/index.php?rest_route=%2Fwp%2Fv2%2Fproduct_cat&post=64385"},{"taxonomy":"product_tag","embeddable":true,"href":"https:\/\/www.autonvaraosahaku.fi\/index.php?rest_route=%2Fwp%2Fv2%2Fproduct_tag&post=64385"}],"curies":[{"name":"wp","href":"https:\/\/api.w.org\/{rel}","templated":true}]}}