{"id":64386,"date":"2021-02-21T18:39:07","date_gmt":"2021-02-21T18:39:07","guid":{"rendered":"https:\/\/www.autonvaraosahaku.fi\/?product=topran-300-300-vetonivelen-suojakumi"},"modified":"2021-02-21T18:39:08","modified_gmt":"2021-02-21T18:39:08","slug":"topran-300-300-vetonivelen-suojakumi","status":"publish","type":"product","link":"https:\/\/www.autonvaraosahaku.fi\/?product=topran-300-300-vetonivelen-suojakumi","title":{"rendered":"TOPRAN 300 300 Vetonivelen suojakumi"},"content":{"rendered":"<p>Sis\u00e4l\u00e4pimitta 1 [mm]: 20; Korkeus (mm): 103; Sis\u00e4l\u00e4pimitta 2 [mm]: 78; Paljekumin materiaali: Kumi; Asennuspuoli: Vorderachse links; FORD: FIESTA III GFJ,PUMA EC_,ESCORT VII GAL, AAL, ABL,SIERRA GBG, GB4,ESCORT VII Kombi GAL, ANL,ESCORT VII Cabriolet ALL,ESCORT VI Cabriolet ALL,ESCORT VI GAL,SIERRA Schr\u00e4gheck GBC, GBG,ESCORT IV GAF, AWF, ABFT,FIESTA II FBD,SCORPIO I GAE, GGE,ESCORT V Cabriolet ALL,SIERRA Schr\u00e4gheck GBC,FIESTA Kasten J5_, J3_,SCORPIO I Stufenheck GGE,ESCORT V GAL,ESCORT VII Stufenheck GAL, AFL,SIERRA Kombi BNG,ESCORT VI Kombi GAL,ESCORT VI Stufenheck GAL,SCORPIO I Kombi GGE,SIERRA Kombi BNC,ORION II AFF,ESCORT IV Kombi AWF, AVF,ESCORT &#8217;86 Express AVF,ESCORT V Kombi GAL, AVL,ESCORT &#8217;91 Express AVL,ORION III GAL; 1016760, 1638320, 95SX4K258DA; Vetoakselin Suojakumi,Paljekumi, Vetoakseli<\/p>\n","protected":false},"excerpt":{"rendered":"<p>TOPRAN Vetonivelen Suojakumi 300 300 Vetoakselin Suojakumi,Paljekumi, Vetoakseli FORD,FIESTA III GFJ,PUMA EC_,ESCORT VII GAL, AAL, ABL,SIERRA GBG, GB4<\/p>\n","protected":false},"featured_media":0,"template":"","meta":{"site-sidebar-layout":"default","site-content-layout":"default","ast-global-header-display":"","ast-main-header-display":"","ast-hfb-above-header-display":"","ast-hfb-below-header-display":"","ast-hfb-mobile-header-display":"","site-post-title":"","ast-breadcrumbs-content":"","ast-featured-img":"","footer-sml-layout":"","theme-transparent-header-meta":"","adv-header-id-meta":"","stick-header-meta":"","header-above-stick-meta":"","header-main-stick-meta":"","header-below-stick-meta":""},"pwb-brand":[18],"product_cat":[42],"product_tag":[],"class_list":{"0":"post-64386","1":"product","2":"type-product","3":"status-publish","5":"pwb-brand-topran","6":"product_cat-vetonivelen-suojakumi","7":"desktop-align-left","8":"tablet-align-left","9":"mobile-align-left","11":"first","12":"instock","13":"product-type-external"},"brands":[{"id":18,"name":"TOPRAN","slug":"topran"}],"_links":{"self":[{"href":"https:\/\/www.autonvaraosahaku.fi\/index.php?rest_route=\/wp\/v2\/product\/64386","targetHints":{"allow":["GET"]}}],"collection":[{"href":"https:\/\/www.autonvaraosahaku.fi\/index.php?rest_route=\/wp\/v2\/product"}],"about":[{"href":"https:\/\/www.autonvaraosahaku.fi\/index.php?rest_route=\/wp\/v2\/types\/product"}],"wp:attachment":[{"href":"https:\/\/www.autonvaraosahaku.fi\/index.php?rest_route=%2Fwp%2Fv2%2Fmedia&parent=64386"}],"wp:term":[{"taxonomy":"pwb-brand","embeddable":true,"href":"https:\/\/www.autonvaraosahaku.fi\/index.php?rest_route=%2Fwp%2Fv2%2Fpwb-brand&post=64386"},{"taxonomy":"product_cat","embeddable":true,"href":"https:\/\/www.autonvaraosahaku.fi\/index.php?rest_route=%2Fwp%2Fv2%2Fproduct_cat&post=64386"},{"taxonomy":"product_tag","embeddable":true,"href":"https:\/\/www.autonvaraosahaku.fi\/index.php?rest_route=%2Fwp%2Fv2%2Fproduct_tag&post=64386"}],"curies":[{"name":"wp","href":"https:\/\/api.w.org\/{rel}","templated":true}]}}