{"id":64406,"date":"2021-02-21T18:39:12","date_gmt":"2021-02-21T18:39:12","guid":{"rendered":"https:\/\/www.autonvaraosahaku.fi\/?product=ufi-54-162-00-raitisilmasuodatin"},"modified":"2021-02-21T18:39:13","modified_gmt":"2021-02-21T18:39:13","slug":"ufi-54-162-00-raitisilmasuodatin","status":"publish","type":"product","link":"https:\/\/www.autonvaraosahaku.fi\/?product=ufi-54-162-00-raitisilmasuodatin","title":{"rendered":"UFI 54.162.00 Raitisilmasuodatin"},"content":{"rendered":"<p>Korkeus (mm): 21,0; Leveys (mm): 266,0; Pituus (mm): 218,0; Suodatintyyppi: Aktiivihiilisuodatin; L\u00e4mmityslaite \/ j\u00e4\u00e4hdytys: f\u00fcr Fahrzeuge mit Aktivkohlefilter; ABARTH: PUNTO 199_; OPEL: CORSA D,ADAM,CORSA D Van,COMBO Kasten\/Kombi X12,COMBO Tour X12,CORSA E,CORSA E Van; ALFA ROMEO: MITO 955; FIAT: GRANDE PUNTO 199,PUNTO EVO 199,DOBLO Kasten\/Kombi 263,PUNTO 199,QUBO 225,DOBLO Gro\u00dfraumlimousine 152, 263,FIORINO Kasten\/Kombi 225,PUNTO Van 199,DOBLO Pritsche\/Fahrgestell 263; CITRO\u00cbN: NEMO Kombi; PEUGEOT: BIPPER AA_,BIPPER Tepee; VAUXHALL: CORSA Mk III D L_8,ADAM,CORSAVAN Mk III D,CORSA Mk IV E; 77365764, 1808012, 6808623; Sis\u00e4ilmansuodatin,Suodatin, Sis\u00e4ilma<\/p>\n","protected":false},"excerpt":{"rendered":"<p>UFI Raitisilmasuodatin 54.162.00 Sis\u00e4ilmansuodatin,Suodatin, Sis\u00e4ilma ABARTH,OPEL,ALFA ROMEO,PUNTO 199_,CORSA D,ADAM,CORSA D Van<\/p>\n","protected":false},"featured_media":0,"template":"","meta":{"site-sidebar-layout":"default","site-content-layout":"default","ast-global-header-display":"","ast-main-header-display":"","ast-hfb-above-header-display":"","ast-hfb-below-header-display":"","ast-hfb-mobile-header-display":"","site-post-title":"","ast-breadcrumbs-content":"","ast-featured-img":"","footer-sml-layout":"","theme-transparent-header-meta":"","adv-header-id-meta":"","stick-header-meta":"","header-above-stick-meta":"","header-main-stick-meta":"","header-below-stick-meta":""},"pwb-brand":[109],"product_cat":[19],"product_tag":[],"class_list":{"0":"post-64406","1":"product","2":"type-product","3":"status-publish","5":"pwb-brand-ufi","6":"product_cat-raitisilmasuodatin","7":"desktop-align-left","8":"tablet-align-left","9":"mobile-align-left","11":"first","12":"instock","13":"product-type-external"},"brands":[{"id":109,"name":"UFI","slug":"ufi"}],"_links":{"self":[{"href":"https:\/\/www.autonvaraosahaku.fi\/index.php?rest_route=\/wp\/v2\/product\/64406","targetHints":{"allow":["GET"]}}],"collection":[{"href":"https:\/\/www.autonvaraosahaku.fi\/index.php?rest_route=\/wp\/v2\/product"}],"about":[{"href":"https:\/\/www.autonvaraosahaku.fi\/index.php?rest_route=\/wp\/v2\/types\/product"}],"wp:attachment":[{"href":"https:\/\/www.autonvaraosahaku.fi\/index.php?rest_route=%2Fwp%2Fv2%2Fmedia&parent=64406"}],"wp:term":[{"taxonomy":"pwb-brand","embeddable":true,"href":"https:\/\/www.autonvaraosahaku.fi\/index.php?rest_route=%2Fwp%2Fv2%2Fpwb-brand&post=64406"},{"taxonomy":"product_cat","embeddable":true,"href":"https:\/\/www.autonvaraosahaku.fi\/index.php?rest_route=%2Fwp%2Fv2%2Fproduct_cat&post=64406"},{"taxonomy":"product_tag","embeddable":true,"href":"https:\/\/www.autonvaraosahaku.fi\/index.php?rest_route=%2Fwp%2Fv2%2Fproduct_tag&post=64406"}],"curies":[{"name":"wp","href":"https:\/\/api.w.org\/{rel}","templated":true}]}}