{"id":64407,"date":"2021-02-21T18:39:12","date_gmt":"2021-02-21T18:39:12","guid":{"rendered":"https:\/\/www.autonvaraosahaku.fi\/?product=ufi-25-032-00-oljynsuodatin"},"modified":"2021-02-21T18:39:14","modified_gmt":"2021-02-21T18:39:14","slug":"ufi-25-032-00-oljynsuodatin","status":"publish","type":"product","link":"https:\/\/www.autonvaraosahaku.fi\/?product=ufi-25-032-00-oljynsuodatin","title":{"rendered":"UFI 25.032.00 \u00d6ljynsuodatin"},"content":{"rendered":"<p>Ulkol\u00e4pimitta [mm]: 60,0; Sis\u00e4l\u00e4pimitta 1 [mm]: 22,5; Sis\u00e4l\u00e4pimitta 2 [mm]: 14,5; Korkeus (mm): 141,0; OE-numerolle: 1109-R6; CITRO\u00cbN: BERLINGO MF,XSARA PICASSO N68,C2 JM_,C3 I FC_,SAXO S0, S1,BERLINGO Kasten M_,XSARA N1,C3 Pluriel HB_,XSARA Break N2,XSARA Coupe N0; PEUGEOT: 206 Schr\u00e4gheck 2A\/C,206 CC 2D,307 SW 3H,307 3A\/C,206 SW 2E\/K,106 II 1,307 Break 3E,PARTNER Combispace 5F,106 I 1A, 1C,PARTNER Kasten 5; 1109AN, 1109R7, 9463704780, 1109AN, 1109R6, 9463704780<\/p>\n","protected":false},"excerpt":{"rendered":"<p>UFI \u00d6ljynsuodatin 25.032.00  CITRO\u00cbN,PEUGEOT,BERLINGO MF,XSARA PICASSO N68,C2 JM_,C3 I FC_,SAXO S0, S1,BERLINGO Kasten M_,XSARA N1,C3 Pluriel HB_<\/p>\n","protected":false},"featured_media":0,"template":"","meta":{"site-sidebar-layout":"default","site-content-layout":"default","ast-global-header-display":"","ast-main-header-display":"","ast-hfb-above-header-display":"","ast-hfb-below-header-display":"","ast-hfb-mobile-header-display":"","site-post-title":"","ast-breadcrumbs-content":"","ast-featured-img":"","footer-sml-layout":"","theme-transparent-header-meta":"","adv-header-id-meta":"","stick-header-meta":"","header-above-stick-meta":"","header-main-stick-meta":"","header-below-stick-meta":""},"pwb-brand":[109],"product_cat":[30],"product_tag":[],"class_list":{"0":"post-64407","1":"product","2":"type-product","3":"status-publish","5":"pwb-brand-ufi","6":"product_cat-oljynsuodatin","7":"desktop-align-left","8":"tablet-align-left","9":"mobile-align-left","11":"first","12":"instock","13":"product-type-external"},"brands":[{"id":109,"name":"UFI","slug":"ufi"}],"_links":{"self":[{"href":"https:\/\/www.autonvaraosahaku.fi\/index.php?rest_route=\/wp\/v2\/product\/64407","targetHints":{"allow":["GET"]}}],"collection":[{"href":"https:\/\/www.autonvaraosahaku.fi\/index.php?rest_route=\/wp\/v2\/product"}],"about":[{"href":"https:\/\/www.autonvaraosahaku.fi\/index.php?rest_route=\/wp\/v2\/types\/product"}],"wp:attachment":[{"href":"https:\/\/www.autonvaraosahaku.fi\/index.php?rest_route=%2Fwp%2Fv2%2Fmedia&parent=64407"}],"wp:term":[{"taxonomy":"pwb-brand","embeddable":true,"href":"https:\/\/www.autonvaraosahaku.fi\/index.php?rest_route=%2Fwp%2Fv2%2Fpwb-brand&post=64407"},{"taxonomy":"product_cat","embeddable":true,"href":"https:\/\/www.autonvaraosahaku.fi\/index.php?rest_route=%2Fwp%2Fv2%2Fproduct_cat&post=64407"},{"taxonomy":"product_tag","embeddable":true,"href":"https:\/\/www.autonvaraosahaku.fi\/index.php?rest_route=%2Fwp%2Fv2%2Fproduct_tag&post=64407"}],"curies":[{"name":"wp","href":"https:\/\/api.w.org\/{rel}","templated":true}]}}